{"id":707499,"date":"2025-08-27T16:06:19","date_gmt":"2025-08-27T13:06:19","guid":{"rendered":"https:\/\/roveyayinevi.com.tr\/index.php\/urun\/korkacak-ne-var\/"},"modified":"2026-04-16T02:16:18","modified_gmt":"2026-04-15T23:16:18","slug":"korkacak-ne-var","status":"publish","type":"product","link":"https:\/\/roveyayinevi.com.tr\/index.php\/urun\/korkacak-ne-var\/","title":{"rendered":"Korkacak Ne Var!"},"content":{"rendered":"<p>\u0130nsan, hayata g\u00f6zlerini ilk a\u00e7t\u0131\u011f\u0131 andan itibaren korkularla tan\u0131\u015f\u0131yor. Sonras\u0131nda \u00e7ocukluktan ya\u015fl\u0131l\u0131k d\u00f6nemine kadar bir\u00e7ok farkl\u0131 korkuyla kar\u015f\u0131la\u015f\u0131yor. Kimi korkular\u0131n \u00fcstesinden kolayl\u0131kla gelirken baz\u0131lar\u0131 \u00f6m\u00fcr boyu yakas\u0131ndan d\u00fc\u015fm\u00fcyor. \u00c7o\u011fu zaman kayna\u011f\u0131n\u0131, nedenini ve tedavi y\u00f6ntemini bilemedi\u011fi bu korkular, insan\u0131n hayat\u0131n\u0131 karartmaya devam ediyor.Uzman Psikolog Y\u0131ld\u0131z Burkovik ve Psikiyatri Uzman\u0131 Dr. O\u011fuz Tan, uzun y\u0131llar\u0131n birikimine dayanan tecr\u00fcbelerini bu kitapta bir araya getirdiler. Korkunun nedenleri, biyolojik tezah\u00fcrleri, farkl\u0131 korku t\u00fcrleri, korkuyla ba\u015f etme yollar\u0131 ve tedavi y\u00f6ntemlerinin yan\u0131 s\u0131ra korkular\u0131n m\u00fczikle tedavisi, psikoterapi teknikleri, bu dertten mustarip \u00fcnl\u00fclerin ya\u015fad\u0131klar\u0131 ve fobiler s\u00f6zl\u00fc\u011f\u00fc gibi okurun ilgisini canl\u0131 tutan konulara da de\u011findiler.\u015eimdiye kadar korkular pe\u015finizi b\u0131rakmam\u0131\u015f olabilir\u2026 Ama art\u0131k korkular\u0131n\u0131zla aran\u0131zda bu kitap olacak!<\/p>\n","protected":false},"excerpt":{"rendered":"<p>\u0130nsan, hayata g\u00f6zlerini ilk a\u00e7t\u0131\u011f\u0131 andan itibaren korkularla tan\u0131\u015f\u0131yor. Sonras\u0131nda \u00e7ocukluktan ya\u015fl\u0131l\u0131k d\u00f6nemine kadar bir\u00e7ok farkl\u0131 korkuyla kar\u015f\u0131la\u015f\u0131yor. Kimi korkular\u0131n \u00fcstesinden kolayl\u0131kla gelirken baz\u0131lar\u0131 \u00f6m\u00fcr boyu<span class=\"excerpt-hellip\"> [\u2026]<\/span><\/p>\n","protected":false},"featured_media":0,"template":"","meta":{"_monsterinsights_skip_tracking":false,"_monsterinsights_sitenote_active":false,"_monsterinsights_sitenote_note":"","_monsterinsights_sitenote_category":0},"product_brand":[],"product_cat":[12358,12357],"product_tag":[],"class_list":{"0":"post-707499","1":"product","2":"type-product","3":"status-publish","5":"product_cat-genel-psikoloji","6":"product_cat-psikoloji","7":"pa_cilt-ciltsiz","8":"pa_tur-kitap","9":"pa_yayinevi-timas-yayinlari","10":"pa_yazar-oguz-tan","12":"first","13":"instock","14":"sale","15":"shipping-taxable","16":"purchasable","17":"product-type-simple"},"_links":{"self":[{"href":"https:\/\/roveyayinevi.com.tr\/index.php\/wp-json\/wp\/v2\/product\/707499","targetHints":{"allow":["GET"]}}],"collection":[{"href":"https:\/\/roveyayinevi.com.tr\/index.php\/wp-json\/wp\/v2\/product"}],"about":[{"href":"https:\/\/roveyayinevi.com.tr\/index.php\/wp-json\/wp\/v2\/types\/product"}],"wp:attachment":[{"href":"https:\/\/roveyayinevi.com.tr\/index.php\/wp-json\/wp\/v2\/media?parent=707499"}],"wp:term":[{"taxonomy":"product_brand","embeddable":true,"href":"https:\/\/roveyayinevi.com.tr\/index.php\/wp-json\/wp\/v2\/product_brand?post=707499"},{"taxonomy":"product_cat","embeddable":true,"href":"https:\/\/roveyayinevi.com.tr\/index.php\/wp-json\/wp\/v2\/product_cat?post=707499"},{"taxonomy":"product_tag","embeddable":true,"href":"https:\/\/roveyayinevi.com.tr\/index.php\/wp-json\/wp\/v2\/product_tag?post=707499"}],"curies":[{"name":"wp","href":"https:\/\/api.w.org\/{rel}","templated":true}]}}