{"id":707493,"date":"2025-08-27T16:06:16","date_gmt":"2025-08-27T13:06:16","guid":{"rendered":"https:\/\/roveyayinevi.com.tr\/index.php\/urun\/cumhuriyet-cocugu\/"},"modified":"2026-04-16T02:16:17","modified_gmt":"2026-04-15T23:16:17","slug":"cumhuriyet-cocugu","status":"publish","type":"product","link":"https:\/\/roveyayinevi.com.tr\/index.php\/urun\/cumhuriyet-cocugu\/","title":{"rendered":"Cumhuriyet \u00c7ocu\u011fu"},"content":{"rendered":"<p>Cumhuriyet \u00c7ocu\u011fu, Hekimo\u011flu \u0130smail&#8217;in, Osmanl\u0131&#8217;n\u0131n son d\u00f6neminden Cumhuriyet sonras\u0131na uzanan bat\u0131l\u0131la\u015fma s\u00fcrecini anlatt\u0131\u011f\u0131 son roman\u0131. Alim bir dedenin terbiyesinde yeti\u015fen Yahya&#8217;n\u0131n ya\u015fad\u0131\u011f\u0131 olaylar \u00e7er\u00e7evesinde Cihan Harbi, \u0130stiklal Harbi, Cumhuriyet ve ink\u0131laplar\u0131n halk \u00fczerindeki etkileri can ac\u0131t\u0131c\u0131 ger\u00e7ekler ve \u00e7arp\u0131c\u0131 sahnelerle anlat\u0131l\u0131yor.1914&#8217;ten 1940&#8217;l\u0131 y\u0131llara uzanan s\u00fcre\u00e7te ya\u015fanan \u00e7\u00f6z\u00fclme, da\u011f\u0131lma ve kopmlalar; ac\u0131lar, \u00f6l\u00fcmler, umutlar&#8230; Yazar, roman\u0131n\u0131 yeni ve eski ku\u015fa\u011f\u0131n temsilcileri ve kurumlar\u0131 etraf\u0131nda ya\u015fanan \u00e7at\u0131\u015fmalar etraf\u0131nda kurguluyor. Hekimo\u011flu \u0130smail, Minyeli Abdullah&#8217;tan sonra yine bir d\u00f6nem roman\u0131yla okuyucunun kar\u015f\u0131s\u0131na \u00e7\u0131k\u0131yor.<\/p>\n","protected":false},"excerpt":{"rendered":"<p>Cumhuriyet \u00c7ocu\u011fu, Hekimo\u011flu \u0130smail&#8217;in, Osmanl\u0131&#8217;n\u0131n son d\u00f6neminden Cumhuriyet sonras\u0131na uzanan bat\u0131l\u0131la\u015fma s\u00fcrecini anlatt\u0131\u011f\u0131 son roman\u0131. Alim bir dedenin terbiyesinde yeti\u015fen Yahya&#8217;n\u0131n ya\u015fad\u0131\u011f\u0131 olaylar \u00e7er\u00e7evesinde Cihan Harbi,<span class=\"excerpt-hellip\"> [\u2026]<\/span><\/p>\n","protected":false},"featured_media":0,"template":"","meta":{"_monsterinsights_skip_tracking":false,"_monsterinsights_sitenote_active":false,"_monsterinsights_sitenote_note":"","_monsterinsights_sitenote_category":0},"product_brand":[],"product_cat":[12291,12292],"product_tag":[],"class_list":{"0":"post-707493","1":"product","2":"type-product","3":"status-publish","5":"product_cat-edebiyat","6":"product_cat-turk-edebiyati","7":"pa_cilt-ciltsiz","8":"pa_tur-kitap","9":"pa_yayinevi-timas-yayinlari","10":"pa_yazar-hekimoglu-ismail","12":"first","13":"instock","14":"sale","15":"shipping-taxable","16":"purchasable","17":"product-type-simple"},"_links":{"self":[{"href":"https:\/\/roveyayinevi.com.tr\/index.php\/wp-json\/wp\/v2\/product\/707493","targetHints":{"allow":["GET"]}}],"collection":[{"href":"https:\/\/roveyayinevi.com.tr\/index.php\/wp-json\/wp\/v2\/product"}],"about":[{"href":"https:\/\/roveyayinevi.com.tr\/index.php\/wp-json\/wp\/v2\/types\/product"}],"wp:attachment":[{"href":"https:\/\/roveyayinevi.com.tr\/index.php\/wp-json\/wp\/v2\/media?parent=707493"}],"wp:term":[{"taxonomy":"product_brand","embeddable":true,"href":"https:\/\/roveyayinevi.com.tr\/index.php\/wp-json\/wp\/v2\/product_brand?post=707493"},{"taxonomy":"product_cat","embeddable":true,"href":"https:\/\/roveyayinevi.com.tr\/index.php\/wp-json\/wp\/v2\/product_cat?post=707493"},{"taxonomy":"product_tag","embeddable":true,"href":"https:\/\/roveyayinevi.com.tr\/index.php\/wp-json\/wp\/v2\/product_tag?post=707493"}],"curies":[{"name":"wp","href":"https:\/\/api.w.org\/{rel}","templated":true}]}}