{"id":707488,"date":"2025-08-27T16:06:14","date_gmt":"2025-08-27T13:06:14","guid":{"rendered":"https:\/\/roveyayinevi.com.tr\/index.php\/urun\/demir-maske-2\/"},"modified":"2026-04-16T02:16:17","modified_gmt":"2026-04-15T23:16:17","slug":"demir-maske-2","status":"publish","type":"product","link":"https:\/\/roveyayinevi.com.tr\/index.php\/urun\/demir-maske-2\/","title":{"rendered":"Demir Maske"},"content":{"rendered":"<p>&#8220;Frans\u0131z Kral\u0131 on \u00fc\u00e7\u00fcnc\u00fc Lui&#8217;nin uzun y\u0131llar sonunda ikizleri olur. \u00c7ocuklar\u0131n ikisi de erkektir ve birbirlerine \u00e7ok benzemektedir. \u00dclkenin gelece\u011fi i\u00e7in bu tehlikeli g\u00f6r\u00fcl\u00fcr ve \u00e7ocuklardan biri b\u00fcy\u00fck bir gizlilik i\u00e7inde herkesten saklan\u0131r. Ancak bu b\u00fcy\u00fck s\u0131r y\u0131llar sonra bir \u00e7ok insan\u0131n hayat\u0131n\u0131 de\u011fi\u015ftirecektir. Dartanyan, Athos, Prothos, Aramis, Fuke ve tabii ki Kral Lui ile ikizi demir maskeli Filip&#8217;in s\u00fcr\u00fckleyici hikayesi.&#8221;<\/p>\n","protected":false},"excerpt":{"rendered":"<p>&#8220;Frans\u0131z Kral\u0131 on \u00fc\u00e7\u00fcnc\u00fc Lui&#8217;nin uzun y\u0131llar sonunda ikizleri olur. \u00c7ocuklar\u0131n ikisi de erkektir ve birbirlerine \u00e7ok benzemektedir. \u00dclkenin gelece\u011fi i\u00e7in bu tehlikeli g\u00f6r\u00fcl\u00fcr ve \u00e7ocuklardan<span class=\"excerpt-hellip\"> [\u2026]<\/span><\/p>\n","protected":false},"featured_media":0,"template":"","meta":{"_monsterinsights_skip_tracking":false,"_monsterinsights_sitenote_active":false,"_monsterinsights_sitenote_note":"","_monsterinsights_sitenote_category":0},"product_brand":[],"product_cat":[12275,12274],"product_tag":[],"class_list":{"0":"post-707488","1":"product","2":"type-product","3":"status-publish","5":"product_cat-6-12-yas-kitaplari","6":"product_cat-cocuk-ve-genclik-kitaplari","7":"pa_cilt-ciltsiz","8":"pa_tur-kitap","9":"pa_yayinevi-timas-cocuk","10":"pa_yazar-alexandre-dumas","12":"first","13":"instock","14":"sale","15":"shipping-taxable","16":"purchasable","17":"product-type-simple"},"_links":{"self":[{"href":"https:\/\/roveyayinevi.com.tr\/index.php\/wp-json\/wp\/v2\/product\/707488","targetHints":{"allow":["GET"]}}],"collection":[{"href":"https:\/\/roveyayinevi.com.tr\/index.php\/wp-json\/wp\/v2\/product"}],"about":[{"href":"https:\/\/roveyayinevi.com.tr\/index.php\/wp-json\/wp\/v2\/types\/product"}],"wp:attachment":[{"href":"https:\/\/roveyayinevi.com.tr\/index.php\/wp-json\/wp\/v2\/media?parent=707488"}],"wp:term":[{"taxonomy":"product_brand","embeddable":true,"href":"https:\/\/roveyayinevi.com.tr\/index.php\/wp-json\/wp\/v2\/product_brand?post=707488"},{"taxonomy":"product_cat","embeddable":true,"href":"https:\/\/roveyayinevi.com.tr\/index.php\/wp-json\/wp\/v2\/product_cat?post=707488"},{"taxonomy":"product_tag","embeddable":true,"href":"https:\/\/roveyayinevi.com.tr\/index.php\/wp-json\/wp\/v2\/product_tag?post=707488"}],"curies":[{"name":"wp","href":"https:\/\/api.w.org\/{rel}","templated":true}]}}