{"id":707487,"date":"2025-08-27T16:06:14","date_gmt":"2025-08-27T13:06:14","guid":{"rendered":"https:\/\/roveyayinevi.com.tr\/index.php\/urun\/define-adasi-8\/"},"modified":"2026-02-03T02:26:39","modified_gmt":"2026-02-02T23:26:39","slug":"define-adasi-8","status":"publish","type":"product","link":"https:\/\/roveyayinevi.com.tr\/index.php\/urun\/define-adasi-8\/","title":{"rendered":"Define Adas\u0131"},"content":{"rendered":"<p>Robert L. Stevenson\u2019un d\u00fcnyaca \u00fcnl\u00fc klasi\u011fidir. Jim Hawkins adl\u0131 \u00e7ocuk, \u00fcnl\u00fc korsan Kaptan Filint\u2019in hazinelerinin haritas\u0131n\u0131 ele ge\u00e7irir. Korsanlar\u0131n bundan haberi vard\u0131r. K\u00fc\u00e7\u00fck Jim ve dostlar\u0131 Hispaniola adl\u0131 gemiyle yola \u00e7\u0131karlar. Rotalar\u0131n\u0131 Define Adas\u0131na do\u011fru \u00e7evirmi\u015flerdir. Ancak b\u00fcy\u00fck bir s\u00fcrpriz onlar\u0131 beklemektedir, \u00e7\u00fcnk\u00fc korsanlar da ayn\u0131 gemidedir.<\/p>\n","protected":false},"excerpt":{"rendered":"<p>Robert L. Stevenson\u2019un d\u00fcnyaca \u00fcnl\u00fc klasi\u011fidir. Jim Hawkins adl\u0131 \u00e7ocuk, \u00fcnl\u00fc korsan Kaptan Filint\u2019in hazinelerinin haritas\u0131n\u0131 ele ge\u00e7irir. Korsanlar\u0131n bundan haberi vard\u0131r. K\u00fc\u00e7\u00fck Jim ve dostlar\u0131<span class=\"excerpt-hellip\"> [\u2026]<\/span><\/p>\n","protected":false},"featured_media":0,"template":"","meta":{"_monsterinsights_skip_tracking":false,"_monsterinsights_sitenote_active":false,"_monsterinsights_sitenote_note":"","_monsterinsights_sitenote_category":0},"product_brand":[],"product_cat":[12275,12274],"product_tag":[],"class_list":{"0":"post-707487","1":"product","2":"type-product","3":"status-publish","5":"product_cat-6-12-yas-kitaplari","6":"product_cat-cocuk-ve-genclik-kitaplari","7":"pa_cilt-ciltsiz","8":"pa_tur-kitap","9":"pa_yayinevi-timas-cocuk","10":"pa_yazar-robert-louis-stevenson","12":"first","13":"instock","14":"sale","15":"shipping-taxable","16":"purchasable","17":"product-type-simple"},"_links":{"self":[{"href":"https:\/\/roveyayinevi.com.tr\/index.php\/wp-json\/wp\/v2\/product\/707487","targetHints":{"allow":["GET"]}}],"collection":[{"href":"https:\/\/roveyayinevi.com.tr\/index.php\/wp-json\/wp\/v2\/product"}],"about":[{"href":"https:\/\/roveyayinevi.com.tr\/index.php\/wp-json\/wp\/v2\/types\/product"}],"wp:attachment":[{"href":"https:\/\/roveyayinevi.com.tr\/index.php\/wp-json\/wp\/v2\/media?parent=707487"}],"wp:term":[{"taxonomy":"product_brand","embeddable":true,"href":"https:\/\/roveyayinevi.com.tr\/index.php\/wp-json\/wp\/v2\/product_brand?post=707487"},{"taxonomy":"product_cat","embeddable":true,"href":"https:\/\/roveyayinevi.com.tr\/index.php\/wp-json\/wp\/v2\/product_cat?post=707487"},{"taxonomy":"product_tag","embeddable":true,"href":"https:\/\/roveyayinevi.com.tr\/index.php\/wp-json\/wp\/v2\/product_tag?post=707487"}],"curies":[{"name":"wp","href":"https:\/\/api.w.org\/{rel}","templated":true}]}}