{"id":707485,"date":"2025-08-27T16:06:13","date_gmt":"2025-08-27T13:06:13","guid":{"rendered":"https:\/\/roveyayinevi.com.tr\/index.php\/urun\/leninizmin-ilkeleri\/"},"modified":"2026-04-16T02:16:17","modified_gmt":"2026-04-15T23:16:17","slug":"leninizmin-ilkeleri","status":"publish","type":"product","link":"https:\/\/roveyayinevi.com.tr\/index.php\/urun\/leninizmin-ilkeleri\/","title":{"rendered":"Leninizmin \u0130lkeleri"},"content":{"rendered":"<p>\u0130\u00e7indekiler Leninizmin Tarihsel K\u00f6kleri Y\u00f6ntem Teori Proletarya Diktat\u00f6rl\u00fc\u011f\u00fc K\u00f6yl\u00fc Sorunu Ulusal Sorun Strateji ve Taktik Parti \u00c7al\u0131\u015fma Tarz\u0131 Leninizmin Sorunlar\u0131 Leninizmin Tan\u0131m\u0131 Leninizmde Esas \u201cS\u00fcrekli\u201c Devrim Sorunu Proleter Devrimi ve Proletarya Diktat\u00f6rl\u00fc\u011f\u00fc Proletarya Diktat\u00f6rl\u00fc\u011f\u00fc Sisteminde Parti ve \u0130\u015f\u00e7i S\u0131n\u0131f\u0131 Bir Tek \u00dclkede Sosyalizmin Zaferi Sorunu Sosyalist Kurulu\u015fun Zaferi \u0130\u00e7in Sava\u015f\u0131m \ufffcTan\u0131t\u0131m Metni<\/p>\n","protected":false},"excerpt":{"rendered":"<p>\u0130\u00e7indekiler Leninizmin Tarihsel K\u00f6kleri Y\u00f6ntem Teori Proletarya Diktat\u00f6rl\u00fc\u011f\u00fc K\u00f6yl\u00fc Sorunu Ulusal Sorun Strateji ve Taktik Parti \u00c7al\u0131\u015fma Tarz\u0131 Leninizmin Sorunlar\u0131 Leninizmin Tan\u0131m\u0131 Leninizmde Esas \u201cS\u00fcrekli\u201c Devrim<span class=\"excerpt-hellip\"> [\u2026]<\/span><\/p>\n","protected":false},"featured_media":0,"template":"","meta":{"_monsterinsights_skip_tracking":false,"_monsterinsights_sitenote_active":false,"_monsterinsights_sitenote_note":"","_monsterinsights_sitenote_category":0},"product_brand":[],"product_cat":[12965,12337],"product_tag":[],"class_list":{"0":"post-707485","1":"product","2":"type-product","3":"status-publish","5":"product_cat-genel-politika","6":"product_cat-politika-siyaset","7":"pa_cilt-ciltsiz","8":"pa_tur-kitap","9":"pa_yayinevi-sol-yayinlari","10":"pa_yazar-josef-v-stalin","12":"first","13":"instock","14":"sale","15":"shipping-taxable","16":"purchasable","17":"product-type-simple"},"_links":{"self":[{"href":"https:\/\/roveyayinevi.com.tr\/index.php\/wp-json\/wp\/v2\/product\/707485","targetHints":{"allow":["GET"]}}],"collection":[{"href":"https:\/\/roveyayinevi.com.tr\/index.php\/wp-json\/wp\/v2\/product"}],"about":[{"href":"https:\/\/roveyayinevi.com.tr\/index.php\/wp-json\/wp\/v2\/types\/product"}],"wp:attachment":[{"href":"https:\/\/roveyayinevi.com.tr\/index.php\/wp-json\/wp\/v2\/media?parent=707485"}],"wp:term":[{"taxonomy":"product_brand","embeddable":true,"href":"https:\/\/roveyayinevi.com.tr\/index.php\/wp-json\/wp\/v2\/product_brand?post=707485"},{"taxonomy":"product_cat","embeddable":true,"href":"https:\/\/roveyayinevi.com.tr\/index.php\/wp-json\/wp\/v2\/product_cat?post=707485"},{"taxonomy":"product_tag","embeddable":true,"href":"https:\/\/roveyayinevi.com.tr\/index.php\/wp-json\/wp\/v2\/product_tag?post=707485"}],"curies":[{"name":"wp","href":"https:\/\/api.w.org\/{rel}","templated":true}]}}