{"id":707484,"date":"2025-08-27T16:06:13","date_gmt":"2025-08-27T13:06:13","guid":{"rendered":"https:\/\/roveyayinevi.com.tr\/index.php\/urun\/komun-dersleri\/"},"modified":"2026-04-16T02:16:17","modified_gmt":"2026-04-15T23:16:17","slug":"komun-dersleri","status":"publish","type":"product","link":"https:\/\/roveyayinevi.com.tr\/index.php\/urun\/komun-dersleri\/","title":{"rendered":"Kom\u00fcn Dersleri"},"content":{"rendered":"<p>V. \u0130. Lenin&#8217;in Paris Kom\u00fcn\u00fcne ili\u015fkin inceleme, yaz\u0131, mektup ve notlar\u0131ndan Olu\u015fan Sur la Commune de Paris (Editions du Progr\u00e8s, Moscou 1971) adl\u0131 derlemeyi Frans\u0131zcas\u0131ndan Kenan Somer dilimize \u00e7evirdi ve kitap Kom\u00fcn Dersleri ad\u0131 ile Sol Yay\u0131nlar\u0131 Taraf\u0131ndan Kas\u0131m 1992 (Birinci Bask\u0131: Haziran 1977 \u2013Marx-Engels-Lenin, Paris Kom\u00fcn\u00fc \u00dczerine i\u00e7inde\u2013) tarihinde Ankara&#8217;da \u015eahin Matbaas\u0131&#8217;nda bast\u0131r\u0131ld\u0131. \ufffcTan\u0131t\u0131m Metni<\/p>\n","protected":false},"excerpt":{"rendered":"<p>V. \u0130. Lenin&#8217;in Paris Kom\u00fcn\u00fcne ili\u015fkin inceleme, yaz\u0131, mektup ve notlar\u0131ndan Olu\u015fan Sur la Commune de Paris (Editions du Progr\u00e8s, Moscou 1971) adl\u0131 derlemeyi Frans\u0131zcas\u0131ndan Kenan<span class=\"excerpt-hellip\"> [\u2026]<\/span><\/p>\n","protected":false},"featured_media":0,"template":"","meta":{"_monsterinsights_skip_tracking":false,"_monsterinsights_sitenote_active":false,"_monsterinsights_sitenote_note":"","_monsterinsights_sitenote_category":0},"product_brand":[],"product_cat":[16098,12337],"product_tag":[],"class_list":{"0":"post-707484","1":"product","2":"type-product","3":"status-publish","5":"product_cat-politik-akimlar-hareketler","6":"product_cat-politika-siyaset","7":"pa_cilt-ciltsiz","8":"pa_tur-kitap","9":"pa_yayinevi-sol-yayinlari","10":"pa_yazar-vladimir-ilyic-lenin","12":"first","13":"instock","14":"sale","15":"shipping-taxable","16":"purchasable","17":"product-type-simple"},"_links":{"self":[{"href":"https:\/\/roveyayinevi.com.tr\/index.php\/wp-json\/wp\/v2\/product\/707484","targetHints":{"allow":["GET"]}}],"collection":[{"href":"https:\/\/roveyayinevi.com.tr\/index.php\/wp-json\/wp\/v2\/product"}],"about":[{"href":"https:\/\/roveyayinevi.com.tr\/index.php\/wp-json\/wp\/v2\/types\/product"}],"wp:attachment":[{"href":"https:\/\/roveyayinevi.com.tr\/index.php\/wp-json\/wp\/v2\/media?parent=707484"}],"wp:term":[{"taxonomy":"product_brand","embeddable":true,"href":"https:\/\/roveyayinevi.com.tr\/index.php\/wp-json\/wp\/v2\/product_brand?post=707484"},{"taxonomy":"product_cat","embeddable":true,"href":"https:\/\/roveyayinevi.com.tr\/index.php\/wp-json\/wp\/v2\/product_cat?post=707484"},{"taxonomy":"product_tag","embeddable":true,"href":"https:\/\/roveyayinevi.com.tr\/index.php\/wp-json\/wp\/v2\/product_tag?post=707484"}],"curies":[{"name":"wp","href":"https:\/\/api.w.org\/{rel}","templated":true}]}}