{"id":707483,"date":"2025-08-27T16:06:12","date_gmt":"2025-08-27T13:06:12","guid":{"rendered":"https:\/\/roveyayinevi.com.tr\/index.php\/urun\/cikis-yolu\/"},"modified":"2026-04-16T02:16:17","modified_gmt":"2026-04-15T23:16:17","slug":"cikis-yolu","status":"publish","type":"product","link":"https:\/\/roveyayinevi.com.tr\/index.php\/urun\/cikis-yolu\/","title":{"rendered":"\u00c7\u0131k\u0131\u015f Yolu"},"content":{"rendered":"<p>\u201c\u00c7\u0131k\u0131\u015f Yolu\u201d, Onur \u00d6ymen\u2019in be\u015finci kitab\u0131. \u00d6nceki kitaplar\u0131nda oldu\u011fu gibi, \u201c\u00c7\u0131k\u0131\u015f Yolu\u201dnda da \u00d6ymen, yapt\u0131\u011f\u0131 ara\u015ft\u0131rmalara ve deneyimlerine dayanarak d\u00fcnyan\u0131n ve T\u00fcrkiye\u2019nin ger\u00e7ekleri hakk\u0131nda g\u00f6zlem ve de\u011ferlendirmelerini anlat\u0131yor. Bu ger\u00e7eklerden biri, eskiden oldu\u011fu gibi bug\u00fcn de uluslararas\u0131 ili\u015fkilerde d\u0131\u015f bask\u0131lar\u0131n bir d\u0131\u015f politika arac\u0131 olarak kullan\u0131lmas\u0131.Evvelce bu, \u015eili ve di\u011fer Latin Amerika \u00fclkelerinde oldu\u011fu gibi askeri darbe yapt\u0131rarak y\u00f6netime el koymak veya \u0130ran\u2019da Musadd\u0131k\u2019\u0131n devrilmesi olay\u0131nda g\u00f6r\u00fcld\u00fc\u011f\u00fc gibi, halk ayaklanmas\u0131 d\u00fczenlemek \u015feklinde oluyordu. Bazen de b\u00fcy\u00fck devletler, sava\u015ftan sonra \u0130talya\u2019da yapt\u0131klar\u0131 gibi, se\u00e7imleri etkileyerek kendilerine yak\u0131n partilerin iktidar olmas\u0131n\u0131 sa\u011fl\u0131yorlard\u0131.G\u00fcn\u00fcm\u00fczde daha \u00e7ok IMF ve D\u00fcnya Bankas\u0131 gibi uluslararas\u0131 kurulu\u015flar yoluyla \u00fclkelerin i\u00e7 ve d\u0131\u015f politikalar\u0131n\u0131 etkileme yoluna gidiliyor. Bas\u0131n, sivil toplum \u00f6rg\u00fctleri ve akademik \u00e7evrelerden de bu ama\u00e7la yararlan\u0131lmaya \u00e7al\u0131\u015f\u0131l\u0131yor. Avrupa Birli\u011fi de gerekti\u011finde bir bask\u0131 unsuru olarak kullan\u0131l\u0131yor.Irak\u2019ta g\u00f6r\u00fcld\u00fc\u011f\u00fc gibi, do\u011frudan m\u00fcdahale y\u00f6ntemiyle de devletlerin y\u00f6netimine el konulabiliyor. B\u00fcy\u00fck devletler din fakt\u00f6r\u00fcn\u00fc veya etnik ayr\u0131l\u0131klar\u0131 da kendi \u00e7\u0131karlar\u0131 do\u011frultusunda kullanabiliyorlar.Bu kitapta, iki y\u00fcz y\u0131ldan beri b\u00fcy\u00fck devletlerin yapt\u0131\u011f\u0131 bu gibi m\u00fcdahale \u00f6rneklerine ve d\u0131\u015f bask\u0131lara direnerek ulusal ba\u011f\u0131ms\u0131zl\u0131\u011f\u0131na kavu\u015fabilen \u00fclkelerin \u00f6yk\u00fcs\u00fcne ve darbe giri\u015fimlerini d\u0131\u015f boyutuna da yer veriliyor.Osmanl\u0131 \u0130mparatorlu\u011fu\u2019nu t\u00fckenme noktas\u0131na getiren d\u0131\u015f m\u00fcdahalelerden sonra \u00e7\u0131k\u0131\u015f yolu arayan Atat\u00fcrk\u2019\u00fcn savundu\u011fu ilkeler ve T\u00fcrkiye\u2019yi ba\u011f\u0131ms\u0131z, egemen ve \u00e7a\u011fda\u015f bir \u00fclke haline getirmek i\u00e7in verilen m\u00fccadele anlat\u0131l\u0131yor. <\/p>\n","protected":false},"excerpt":{"rendered":"<p>\u201c\u00c7\u0131k\u0131\u015f Yolu\u201d, Onur \u00d6ymen\u2019in be\u015finci kitab\u0131. \u00d6nceki kitaplar\u0131nda oldu\u011fu gibi, \u201c\u00c7\u0131k\u0131\u015f Yolu\u201dnda da \u00d6ymen, yapt\u0131\u011f\u0131 ara\u015ft\u0131rmalara ve deneyimlerine dayanarak d\u00fcnyan\u0131n ve T\u00fcrkiye\u2019nin ger\u00e7ekleri hakk\u0131nda g\u00f6zlem ve<span class=\"excerpt-hellip\"> [\u2026]<\/span><\/p>\n","protected":false},"featured_media":0,"template":"","meta":{"_monsterinsights_skip_tracking":false,"_monsterinsights_sitenote_active":false,"_monsterinsights_sitenote_note":"","_monsterinsights_sitenote_category":0},"product_brand":[],"product_cat":[12338,12337],"product_tag":[],"class_list":{"0":"post-707483","1":"product","2":"type-product","3":"status-publish","5":"product_cat-dunya-siyaseti-ve-politikasi","6":"product_cat-politika-siyaset","7":"pa_cilt-ciltsiz","8":"pa_tur-kitap","9":"pa_yayinevi-remzi-kitabevi","10":"pa_yazar-onur-oymen","12":"first","13":"instock","14":"sale","15":"shipping-taxable","16":"purchasable","17":"product-type-simple"},"_links":{"self":[{"href":"https:\/\/roveyayinevi.com.tr\/index.php\/wp-json\/wp\/v2\/product\/707483","targetHints":{"allow":["GET"]}}],"collection":[{"href":"https:\/\/roveyayinevi.com.tr\/index.php\/wp-json\/wp\/v2\/product"}],"about":[{"href":"https:\/\/roveyayinevi.com.tr\/index.php\/wp-json\/wp\/v2\/types\/product"}],"wp:attachment":[{"href":"https:\/\/roveyayinevi.com.tr\/index.php\/wp-json\/wp\/v2\/media?parent=707483"}],"wp:term":[{"taxonomy":"product_brand","embeddable":true,"href":"https:\/\/roveyayinevi.com.tr\/index.php\/wp-json\/wp\/v2\/product_brand?post=707483"},{"taxonomy":"product_cat","embeddable":true,"href":"https:\/\/roveyayinevi.com.tr\/index.php\/wp-json\/wp\/v2\/product_cat?post=707483"},{"taxonomy":"product_tag","embeddable":true,"href":"https:\/\/roveyayinevi.com.tr\/index.php\/wp-json\/wp\/v2\/product_tag?post=707483"}],"curies":[{"name":"wp","href":"https:\/\/api.w.org\/{rel}","templated":true}]}}