{"id":707482,"date":"2025-08-27T16:06:12","date_gmt":"2025-08-27T13:06:12","guid":{"rendered":"https:\/\/roveyayinevi.com.tr\/index.php\/urun\/bilim-felsefesi-3\/"},"modified":"2026-04-16T02:16:17","modified_gmt":"2026-04-15T23:16:17","slug":"bilim-felsefesi-3","status":"publish","type":"product","link":"https:\/\/roveyayinevi.com.tr\/index.php\/urun\/bilim-felsefesi-3\/","title":{"rendered":"Bilim Felsefesi"},"content":{"rendered":"<p>Bilim Felsefesi, bilimsel d\u00fc\u015f\u00fcnme ve ara\u015ft\u0131rma y\u00f6ntemlerinin mant\u0131ksal bir \u00e7\u00f6z\u00fcmlemesini vermeyi ama\u00e7lamaktad\u0131r. Kitapta \u00f6zellikle olguteori ili\u015fkisi \u00fczerinde durularak bir yandan matemati\u011fin, \u00f6te yandan g\u00f6zlem ve deneyin bilimdeki yerine a\u00e7\u0131kl\u0131k getiriliyor. \ufffcTan\u0131t\u0131m Metni<\/p>\n","protected":false},"excerpt":{"rendered":"<p>Bilim Felsefesi, bilimsel d\u00fc\u015f\u00fcnme ve ara\u015ft\u0131rma y\u00f6ntemlerinin mant\u0131ksal bir \u00e7\u00f6z\u00fcmlemesini vermeyi ama\u00e7lamaktad\u0131r. Kitapta \u00f6zellikle olguteori ili\u015fkisi \u00fczerinde durularak bir yandan matemati\u011fin, \u00f6te yandan g\u00f6zlem ve deneyin<span class=\"excerpt-hellip\"> [\u2026]<\/span><\/p>\n","protected":false},"featured_media":0,"template":"","meta":{"_monsterinsights_skip_tracking":false,"_monsterinsights_sitenote_active":false,"_monsterinsights_sitenote_note":"","_monsterinsights_sitenote_category":0},"product_brand":[],"product_cat":[12312,12304],"product_tag":[],"class_list":{"0":"post-707482","1":"product","2":"type-product","3":"status-publish","5":"product_cat-diger","6":"product_cat-tarih","7":"pa_cilt-ciltsiz","8":"pa_tur-kitap","9":"pa_yayinevi-remzi-kitabevi","10":"pa_yazar-cemal-yildirim","12":"first","13":"instock","14":"sale","15":"shipping-taxable","16":"purchasable","17":"product-type-simple"},"_links":{"self":[{"href":"https:\/\/roveyayinevi.com.tr\/index.php\/wp-json\/wp\/v2\/product\/707482","targetHints":{"allow":["GET"]}}],"collection":[{"href":"https:\/\/roveyayinevi.com.tr\/index.php\/wp-json\/wp\/v2\/product"}],"about":[{"href":"https:\/\/roveyayinevi.com.tr\/index.php\/wp-json\/wp\/v2\/types\/product"}],"wp:attachment":[{"href":"https:\/\/roveyayinevi.com.tr\/index.php\/wp-json\/wp\/v2\/media?parent=707482"}],"wp:term":[{"taxonomy":"product_brand","embeddable":true,"href":"https:\/\/roveyayinevi.com.tr\/index.php\/wp-json\/wp\/v2\/product_brand?post=707482"},{"taxonomy":"product_cat","embeddable":true,"href":"https:\/\/roveyayinevi.com.tr\/index.php\/wp-json\/wp\/v2\/product_cat?post=707482"},{"taxonomy":"product_tag","embeddable":true,"href":"https:\/\/roveyayinevi.com.tr\/index.php\/wp-json\/wp\/v2\/product_tag?post=707482"}],"curies":[{"name":"wp","href":"https:\/\/api.w.org\/{rel}","templated":true}]}}