{"id":707481,"date":"2025-08-27T16:06:12","date_gmt":"2025-08-27T13:06:12","guid":{"rendered":"https:\/\/roveyayinevi.com.tr\/index.php\/urun\/ataturk-uzerine\/"},"modified":"2026-04-16T02:16:17","modified_gmt":"2026-04-15T23:16:17","slug":"ataturk-uzerine","status":"publish","type":"product","link":"https:\/\/roveyayinevi.com.tr\/index.php\/urun\/ataturk-uzerine\/","title":{"rendered":"Atat\u00fcrk \u00dczerine"},"content":{"rendered":"<p>Prof. Emre Kongar, bu kitapta Atat\u00fcrk ve T\u00fcrk devrimi konusunda ufuk a\u00e7\u0131c\u0131 yeni g\u00f6r\u00fc\u015flerini sunuyor. Kongar, yeni bask\u0131ya yapt\u0131\u011f\u0131 eklerle g\u00fcn\u00fcm\u00fczdeki tart\u0131\u015fmalara \u0131\u015f\u0131k tutuyor\u201cMustafa Kemal Atat\u00fcrk t\u00fcm ulusa mal olmu\u015ftur. Ulusu olu\u015fturan farkl\u0131 ve kimi zaman da \u00e7at\u0131\u015fan ya da birbiriyle \u00e7eli\u015fen \u00f6\u011feler, Atat\u00fcrk\u2019e sahip \u00e7\u0131km\u0131\u015ft\u0131r. B\u00f6ylece Atat\u00fcrk, herkesin, her d\u00fc\u015f\u00fcncenin, her ak\u0131m\u0131n bayra\u011f\u0131 olmu\u015ftur.Bu durumun, \u00fclke kurucusu olan bir ki\u015finin ka\u00e7\u0131n\u0131lmaz yazg\u0131s\u0131 oldu\u011fu d\u00fc\u015f\u00fcn\u00fclebilir. Fakat, yazg\u0131 ne denli ka\u00e7\u0131n\u0131lmaz ise, sonu\u00e7lar\u0131 da o denli \u015fa\u015f\u0131rt\u0131c\u0131d\u0131r. \u00c7\u00fcnk\u00fc herkesin ve her d\u00fc\u015f\u00fcncenin benimsedi\u011fi Atat\u00fcrk, kendi \u00f6zg\u00fcn eylem ve d\u00fc\u015f\u00fcnce \u00e7izgisinin \u00e7ok d\u0131\u015f\u0131nda g\u00f6r\u00fclmeye ba\u015flanm\u0131\u015ft\u0131r.\u201d <\/p>\n","protected":false},"excerpt":{"rendered":"<p>Prof. Emre Kongar, bu kitapta Atat\u00fcrk ve T\u00fcrk devrimi konusunda ufuk a\u00e7\u0131c\u0131 yeni g\u00f6r\u00fc\u015flerini sunuyor. Kongar, yeni bask\u0131ya yapt\u0131\u011f\u0131 eklerle g\u00fcn\u00fcm\u00fczdeki tart\u0131\u015fmalara \u0131\u015f\u0131k tutuyor\u201cMustafa Kemal Atat\u00fcrk<span class=\"excerpt-hellip\"> [\u2026]<\/span><\/p>\n","protected":false},"featured_media":0,"template":"","meta":{"_monsterinsights_skip_tracking":false,"_monsterinsights_sitenote_active":false,"_monsterinsights_sitenote_note":"","_monsterinsights_sitenote_category":0},"product_brand":[],"product_cat":[12312,12304],"product_tag":[],"class_list":{"0":"post-707481","1":"product","2":"type-product","3":"status-publish","5":"product_cat-diger","6":"product_cat-tarih","7":"pa_cilt-ciltsiz","8":"pa_tur-kitap","9":"pa_yayinevi-remzi-kitabevi","10":"pa_yazar-emre-kongar","12":"first","13":"instock","14":"sale","15":"shipping-taxable","16":"purchasable","17":"product-type-simple"},"_links":{"self":[{"href":"https:\/\/roveyayinevi.com.tr\/index.php\/wp-json\/wp\/v2\/product\/707481","targetHints":{"allow":["GET"]}}],"collection":[{"href":"https:\/\/roveyayinevi.com.tr\/index.php\/wp-json\/wp\/v2\/product"}],"about":[{"href":"https:\/\/roveyayinevi.com.tr\/index.php\/wp-json\/wp\/v2\/types\/product"}],"wp:attachment":[{"href":"https:\/\/roveyayinevi.com.tr\/index.php\/wp-json\/wp\/v2\/media?parent=707481"}],"wp:term":[{"taxonomy":"product_brand","embeddable":true,"href":"https:\/\/roveyayinevi.com.tr\/index.php\/wp-json\/wp\/v2\/product_brand?post=707481"},{"taxonomy":"product_cat","embeddable":true,"href":"https:\/\/roveyayinevi.com.tr\/index.php\/wp-json\/wp\/v2\/product_cat?post=707481"},{"taxonomy":"product_tag","embeddable":true,"href":"https:\/\/roveyayinevi.com.tr\/index.php\/wp-json\/wp\/v2\/product_tag?post=707481"}],"curies":[{"name":"wp","href":"https:\/\/api.w.org\/{rel}","templated":true}]}}