{"id":707479,"date":"2025-08-27T16:06:11","date_gmt":"2025-08-27T13:06:11","guid":{"rendered":"https:\/\/roveyayinevi.com.tr\/index.php\/urun\/kus-ne-yana-oter\/"},"modified":"2026-04-16T02:16:17","modified_gmt":"2026-04-15T23:16:17","slug":"kus-ne-yana-oter","status":"publish","type":"product","link":"https:\/\/roveyayinevi.com.tr\/index.php\/urun\/kus-ne-yana-oter\/","title":{"rendered":"Ku\u015f Ne Yana \u00d6ter"},"content":{"rendered":"<p>Ku\u015f Ne Yana \u00d6ter\u2019in yazar\u0131 I\u015f\u0131l \u00d6zgent\u00fcrk, kitab\u0131n\u0131 gen\u00e7 okuyuculara \u015f\u00f6yle sunuyor: &#8220;Elinizdeki bu kitapta bir k\u00fc\u00e7\u00fck Ahmet var. Siz ya\u015flarda&#8230; K\u00fc\u00e7\u00fck Ahmet, bir grevin co\u015fkusu i\u00e7inde, dostluklar\u0131n en onurlusunu ya\u015fayacak. \u0130\u015f\u00e7i Halil\u2019i tan\u0131yacak. \u00c7al\u0131\u015fanlar\u0131n d\u00fcnyas\u0131n\u0131 dolduran renklerin, makinelerin, toprak \u00f6zleminin, gurbet ac\u0131s\u0131n\u0131n, onurun, yi\u011fitli\u011fin, akl\u0131n, sevdan\u0131n t\u00fcrk\u00fcs\u00fcn\u00fc ondan \u00f6\u011frenecek&#8230;&#8221; \u00d6zy\u00fcrek Yay\u0131nevi\u2019nin Gen\u00e7lik Dizisi, \u00e7ocuk ve gen\u00e7lik kitaplar\u0131n\u0131n usta yazar\u0131 I\u015f\u0131l \u00d6zgent\u00fcrk\u2019\u00fcn g\u00fcncelli\u011fini hi\u00e7 yitirmeyen Ku\u015f Ne Yana \u00d6ter roman\u0131n\u0131 sunuyor okuyucular\u0131na.<\/p>\n","protected":false},"excerpt":{"rendered":"<p>Ku\u015f Ne Yana \u00d6ter\u2019in yazar\u0131 I\u015f\u0131l \u00d6zgent\u00fcrk, kitab\u0131n\u0131 gen\u00e7 okuyuculara \u015f\u00f6yle sunuyor: &#8220;Elinizdeki bu kitapta bir k\u00fc\u00e7\u00fck Ahmet var. Siz ya\u015flarda&#8230; K\u00fc\u00e7\u00fck Ahmet, bir grevin co\u015fkusu<span class=\"excerpt-hellip\"> [\u2026]<\/span><\/p>\n","protected":false},"featured_media":0,"template":"","meta":{"_monsterinsights_skip_tracking":false,"_monsterinsights_sitenote_active":false,"_monsterinsights_sitenote_note":"","_monsterinsights_sitenote_category":0},"product_brand":[],"product_cat":[12291,12711],"product_tag":[],"class_list":{"0":"post-707479","1":"product","2":"type-product","3":"status-publish","5":"product_cat-edebiyat","6":"product_cat-roman-oyku","7":"pa_cilt-ciltsiz","8":"pa_tur-kitap","9":"pa_yayinevi-ozyurek-yayinlari","10":"pa_yazar-isil-ozgenturk","12":"first","13":"instock","14":"sale","15":"shipping-taxable","16":"purchasable","17":"product-type-simple"},"_links":{"self":[{"href":"https:\/\/roveyayinevi.com.tr\/index.php\/wp-json\/wp\/v2\/product\/707479","targetHints":{"allow":["GET"]}}],"collection":[{"href":"https:\/\/roveyayinevi.com.tr\/index.php\/wp-json\/wp\/v2\/product"}],"about":[{"href":"https:\/\/roveyayinevi.com.tr\/index.php\/wp-json\/wp\/v2\/types\/product"}],"wp:attachment":[{"href":"https:\/\/roveyayinevi.com.tr\/index.php\/wp-json\/wp\/v2\/media?parent=707479"}],"wp:term":[{"taxonomy":"product_brand","embeddable":true,"href":"https:\/\/roveyayinevi.com.tr\/index.php\/wp-json\/wp\/v2\/product_brand?post=707479"},{"taxonomy":"product_cat","embeddable":true,"href":"https:\/\/roveyayinevi.com.tr\/index.php\/wp-json\/wp\/v2\/product_cat?post=707479"},{"taxonomy":"product_tag","embeddable":true,"href":"https:\/\/roveyayinevi.com.tr\/index.php\/wp-json\/wp\/v2\/product_tag?post=707479"}],"curies":[{"name":"wp","href":"https:\/\/api.w.org\/{rel}","templated":true}]}}