{"id":707477,"date":"2025-08-27T16:06:10","date_gmt":"2025-08-27T13:06:10","guid":{"rendered":"https:\/\/roveyayinevi.com.tr\/index.php\/urun\/cengiz-aytmatov-seti-13-kitap\/"},"modified":"2026-04-16T02:16:17","modified_gmt":"2026-04-15T23:16:17","slug":"cengiz-aytmatov-seti-13-kitap","status":"publish","type":"product","link":"https:\/\/roveyayinevi.com.tr\/index.php\/urun\/cengiz-aytmatov-seti-13-kitap\/","title":{"rendered":"Cengiz Aytmatov Seti (13 Kitap)"},"content":{"rendered":"<p>Setin \u0130\u00e7indekiler:Beyaz GemiToprak AnaDi\u015fi Kurdun R\u00fcyalar\u0131CemileSultan MuratElveda G\u00fclsar\u0131G\u00fcn Olur Asra BedelCengizhana K\u00fcsen BulutY\u0131ld\u0131r\u0131m Sesli Manas\u00e7\u0131 &#8211; Y\u00fcz Y\u00fcze &#8211; Deniz K\u0131y\u0131s\u0131nda Ko\u015fan Ala K\u00f6pekK\u0131z\u0131l Elma &#8211; O\u011fulla Bulu\u015fma &#8211; Beyaz Ya\u011fmur &#8211; Asker \u00c7ocu\u011fu &#8211; Deve G\u00f6z\u00fc<\/p>\n","protected":false},"excerpt":{"rendered":"<p>Setin \u0130\u00e7indekiler:Beyaz GemiToprak AnaDi\u015fi Kurdun R\u00fcyalar\u0131CemileSultan MuratElveda G\u00fclsar\u0131G\u00fcn Olur Asra BedelCengizhana K\u00fcsen BulutY\u0131ld\u0131r\u0131m Sesli Manas\u00e7\u0131 &#8211; Y\u00fcz Y\u00fcze &#8211; Deniz K\u0131y\u0131s\u0131nda Ko\u015fan Ala K\u00f6pekK\u0131z\u0131l Elma &#8211;<span class=\"excerpt-hellip\"> [\u2026]<\/span><\/p>\n","protected":false},"featured_media":0,"template":"","meta":{"_monsterinsights_skip_tracking":false,"_monsterinsights_sitenote_active":false,"_monsterinsights_sitenote_note":"","_monsterinsights_sitenote_category":0},"product_brand":[],"product_cat":[12291,12711],"product_tag":[],"class_list":{"0":"post-707477","1":"product","2":"type-product","3":"status-publish","5":"product_cat-edebiyat","6":"product_cat-roman-oyku","7":"pa_cilt-ciltsiz","8":"pa_tur-kitap","9":"pa_yayinevi-otuken-nesriyat","10":"pa_yazar-cengiz-aytmatov","12":"first","13":"instock","14":"sale","15":"shipping-taxable","16":"purchasable","17":"product-type-simple"},"_links":{"self":[{"href":"https:\/\/roveyayinevi.com.tr\/index.php\/wp-json\/wp\/v2\/product\/707477","targetHints":{"allow":["GET"]}}],"collection":[{"href":"https:\/\/roveyayinevi.com.tr\/index.php\/wp-json\/wp\/v2\/product"}],"about":[{"href":"https:\/\/roveyayinevi.com.tr\/index.php\/wp-json\/wp\/v2\/types\/product"}],"wp:attachment":[{"href":"https:\/\/roveyayinevi.com.tr\/index.php\/wp-json\/wp\/v2\/media?parent=707477"}],"wp:term":[{"taxonomy":"product_brand","embeddable":true,"href":"https:\/\/roveyayinevi.com.tr\/index.php\/wp-json\/wp\/v2\/product_brand?post=707477"},{"taxonomy":"product_cat","embeddable":true,"href":"https:\/\/roveyayinevi.com.tr\/index.php\/wp-json\/wp\/v2\/product_cat?post=707477"},{"taxonomy":"product_tag","embeddable":true,"href":"https:\/\/roveyayinevi.com.tr\/index.php\/wp-json\/wp\/v2\/product_tag?post=707477"}],"curies":[{"name":"wp","href":"https:\/\/api.w.org\/{rel}","templated":true}]}}