{"id":707476,"date":"2025-08-27T16:06:10","date_gmt":"2025-08-27T13:06:10","guid":{"rendered":"https:\/\/roveyayinevi.com.tr\/index.php\/urun\/semdinli-roportaji\/"},"modified":"2026-04-16T02:16:17","modified_gmt":"2026-04-15T23:16:17","slug":"semdinli-roportaji","status":"publish","type":"product","link":"https:\/\/roveyayinevi.com.tr\/index.php\/urun\/semdinli-roportaji\/","title":{"rendered":"\u015eemdinli R\u00f6portaj\u0131"},"content":{"rendered":"<p>Muzaffer, ara\u015ft\u0131rmas\u0131na, Anadolu insan\u0131n\u0131n g\u00f6r\u00fcnt\u00fcs\u00fcyle ba\u015fl\u0131yor. Adana&#8217;dan, sular bulan\u0131nca Nehri&#8217;ye de\u011fin ka\u00e7an Keziban&#8217;\u0131n \u00f6yk\u00fcs\u00fc, kendi yazg\u0131s\u0131na b\u0131rak\u0131lm\u0131\u015f Anadolu insan\u0131n\u0131n \u00f6yk\u00fcs\u00fcd\u00fcr. T\u00fcrk\u00e7e&#8217;de, &#8216;gel git ak\u0131ll\u0131&#8217; diye bir deyim vard\u0131r. Eskiler, zaman zaman dengesizlikler g\u00f6steren ak\u0131l hastalar\u0131n\u0131n ilkbahar (Muzaffer&#8217;in deyi\u015fiyle ilkyaz) ya\u011f\u0131\u015flar\u0131yla birlikte co\u015fan sularla, ak\u0131llar\u0131 bulan\u0131r. Keziban da, bu gel git ak\u0131ll\u0131lardan birisi. Do\u011fan\u0131n ortas\u0131nda, ay\u0131larla birlikte \u00fcsts\u00fcz ve alts\u0131z bir ya\u015fam\u0131 s\u00fcrd\u00fcr\u00fcyor. Kimseler aram\u0131yor, sormuyor. Anadolu insan\u0131n\u0131n yazg\u0131s\u0131 i\u015fte! \u015eemdinli R\u00f6portaj\u0131, bu insan \u00f6\u011fesini, \u015eemdinli a\u015firetlerinin folklor de\u011ferlerini belirtirken, bilimsel davran\u0131\u015f\u0131 a\u015farak, sanat\u00e7\u0131 duyarl\u0131l\u0131\u011f\u0131yla i\u015fliyor. &#8220;Bir A\u015firetin Anatomisi&#8221; b\u00f6l\u00fcm\u00fcnde, K\u00fcrt kad\u0131nlar\u0131n\u0131n i\u00e7ed\u00f6n\u00fck sevdalar\u0131n\u0131, delikanl\u0131lar\u0131n \u00e7ekimser, ama y\u00fcrekli gen\u00e7lik duygular\u0131n\u0131, benzersiz bir bi\u00e7emle anlat\u0131yor. Ya\u015far Kemal&#8217;in Demirciler \u00c7ar\u015f\u0131s\u0131 Cinayeti&#8217;nde aktard\u0131\u011f\u0131 &#8220;O g\u00fczel atlara bindiler gittiler&#8221; dizesindeki ger\u00e7ekli\u011fe Muzaffer, tan\u0131k olam\u0131yor. G\u00fczel insanlar, yery\u00fcz\u00fcn\u00fcn her yerinde \u00fcretiyorlar, yeni de\u011ferler yarat\u0131yorlar.- V. Timuro\u011flu <\/p>\n","protected":false},"excerpt":{"rendered":"<p>Muzaffer, ara\u015ft\u0131rmas\u0131na, Anadolu insan\u0131n\u0131n g\u00f6r\u00fcnt\u00fcs\u00fcyle ba\u015fl\u0131yor. Adana&#8217;dan, sular bulan\u0131nca Nehri&#8217;ye de\u011fin ka\u00e7an Keziban&#8217;\u0131n \u00f6yk\u00fcs\u00fc, kendi yazg\u0131s\u0131na b\u0131rak\u0131lm\u0131\u015f Anadolu insan\u0131n\u0131n \u00f6yk\u00fcs\u00fcd\u00fcr. T\u00fcrk\u00e7e&#8217;de, &#8216;gel git ak\u0131ll\u0131&#8217; diye bir<span class=\"excerpt-hellip\"> [\u2026]<\/span><\/p>\n","protected":false},"featured_media":0,"template":"","meta":{"_monsterinsights_skip_tracking":false,"_monsterinsights_sitenote_active":false,"_monsterinsights_sitenote_note":"","_monsterinsights_sitenote_category":0},"product_brand":[],"product_cat":[15983,13488],"product_tag":[],"class_list":{"0":"post-707476","1":"product","2":"type-product","3":"status-publish","5":"product_cat-iletisim-ve-medya","6":"product_cat-toplum-ve-insan","7":"pa_cilt-ciltsiz","8":"pa_tur-kitap","9":"pa_yayinevi-onur-yayinlari","10":"pa_yazar-muzaffer-ilhan-erdost","12":"first","13":"instock","14":"sale","15":"shipping-taxable","16":"purchasable","17":"product-type-simple"},"_links":{"self":[{"href":"https:\/\/roveyayinevi.com.tr\/index.php\/wp-json\/wp\/v2\/product\/707476","targetHints":{"allow":["GET"]}}],"collection":[{"href":"https:\/\/roveyayinevi.com.tr\/index.php\/wp-json\/wp\/v2\/product"}],"about":[{"href":"https:\/\/roveyayinevi.com.tr\/index.php\/wp-json\/wp\/v2\/types\/product"}],"wp:attachment":[{"href":"https:\/\/roveyayinevi.com.tr\/index.php\/wp-json\/wp\/v2\/media?parent=707476"}],"wp:term":[{"taxonomy":"product_brand","embeddable":true,"href":"https:\/\/roveyayinevi.com.tr\/index.php\/wp-json\/wp\/v2\/product_brand?post=707476"},{"taxonomy":"product_cat","embeddable":true,"href":"https:\/\/roveyayinevi.com.tr\/index.php\/wp-json\/wp\/v2\/product_cat?post=707476"},{"taxonomy":"product_tag","embeddable":true,"href":"https:\/\/roveyayinevi.com.tr\/index.php\/wp-json\/wp\/v2\/product_tag?post=707476"}],"curies":[{"name":"wp","href":"https:\/\/api.w.org\/{rel}","templated":true}]}}