{"id":707474,"date":"2025-08-27T16:06:09","date_gmt":"2025-08-27T13:06:09","guid":{"rendered":"https:\/\/roveyayinevi.com.tr\/index.php\/urun\/fonksiyonel-anatomi\/"},"modified":"2025-08-31T14:52:15","modified_gmt":"2025-08-31T11:52:15","slug":"fonksiyonel-anatomi","status":"publish","type":"product","link":"https:\/\/roveyayinevi.com.tr\/index.php\/urun\/fonksiyonel-anatomi\/","title":{"rendered":"Fonksiyonel Anatomi"},"content":{"rendered":"<p>T\u0131p, Di\u015f Hekimli\u011fi, Eczac\u0131l\u0131k Fak\u00fclteleri ve Sa\u011fl\u0131k Bilimleri ile ilgili y\u00fcksekokullara, Anatomi derslerinde yararlanacaklar\u0131 bir kaynak eser olarak haz\u0131rlanm\u0131\u015ft\u0131r. Ayr\u0131ca klinik t\u0131p bilimlerine haz\u0131rl\u0131k olmak \u00fczere k\u0131sa a\u00e7\u0131klamalar yap\u0131lm\u0131\u015ft\u0131r. Daha \u00f6nce Hacettepe \u00dcniversitesi T\u0131p Fak\u00fcltesi Anatomi Anabilim Dal\u0131 taraf\u0131ndan haz\u0131rlanarak ODT\u00dc Yay\u0131nc\u0131l\u0131k taraf\u0131ndan yay\u0131mlanan Fonksiyonel N\u00f6roanatomi adl\u0131 kitab\u0131 tamamlay\u0131c\u0131 niteliktedir.<\/p>\n","protected":false},"excerpt":{"rendered":"<p>T\u0131p, Di\u015f Hekimli\u011fi, Eczac\u0131l\u0131k Fak\u00fclteleri ve Sa\u011fl\u0131k Bilimleri ile ilgili y\u00fcksekokullara, Anatomi derslerinde yararlanacaklar\u0131 bir kaynak eser olarak haz\u0131rlanm\u0131\u015ft\u0131r. Ayr\u0131ca klinik t\u0131p bilimlerine haz\u0131rl\u0131k olmak \u00fczere<span class=\"excerpt-hellip\"> [\u2026]<\/span><\/p>\n","protected":false},"featured_media":0,"template":"","meta":{"_monsterinsights_skip_tracking":false,"_monsterinsights_sitenote_active":false,"_monsterinsights_sitenote_note":"","_monsterinsights_sitenote_category":0},"product_brand":[],"product_cat":[13005,38128],"product_tag":[],"class_list":{"0":"post-707474","1":"product","2":"type-product","3":"status-publish","5":"product_cat-bilim-muhendislik","6":"product_cat-tip-bilimleri","7":"pa_cilt-ciltsiz","8":"pa_tur-kitap","9":"pa_yayinevi-odtu-akademik-kitaplar","10":"pa_yazar-kolektif","12":"first","13":"instock","14":"sale","15":"shipping-taxable","16":"purchasable","17":"product-type-simple"},"_links":{"self":[{"href":"https:\/\/roveyayinevi.com.tr\/index.php\/wp-json\/wp\/v2\/product\/707474","targetHints":{"allow":["GET"]}}],"collection":[{"href":"https:\/\/roveyayinevi.com.tr\/index.php\/wp-json\/wp\/v2\/product"}],"about":[{"href":"https:\/\/roveyayinevi.com.tr\/index.php\/wp-json\/wp\/v2\/types\/product"}],"wp:attachment":[{"href":"https:\/\/roveyayinevi.com.tr\/index.php\/wp-json\/wp\/v2\/media?parent=707474"}],"wp:term":[{"taxonomy":"product_brand","embeddable":true,"href":"https:\/\/roveyayinevi.com.tr\/index.php\/wp-json\/wp\/v2\/product_brand?post=707474"},{"taxonomy":"product_cat","embeddable":true,"href":"https:\/\/roveyayinevi.com.tr\/index.php\/wp-json\/wp\/v2\/product_cat?post=707474"},{"taxonomy":"product_tag","embeddable":true,"href":"https:\/\/roveyayinevi.com.tr\/index.php\/wp-json\/wp\/v2\/product_tag?post=707474"}],"curies":[{"name":"wp","href":"https:\/\/api.w.org\/{rel}","templated":true}]}}