{"id":707473,"date":"2025-08-27T16:06:09","date_gmt":"2025-08-27T13:06:09","guid":{"rendered":"https:\/\/roveyayinevi.com.tr\/index.php\/urun\/muzik-egitiminin-temelleri\/"},"modified":"2026-04-16T02:16:17","modified_gmt":"2026-04-15T23:16:17","slug":"muzik-egitiminin-temelleri","status":"publish","type":"product","link":"https:\/\/roveyayinevi.com.tr\/index.php\/urun\/muzik-egitiminin-temelleri\/","title":{"rendered":"M\u00fczik E\u011fitiminin Temelleri"},"content":{"rendered":"<p>Bu kitapta, birbirinden farkl\u0131, birbirinden ba\u011f\u0131ms\u0131z gibi g\u00f6z\u00fcken, ancak asl\u0131nda bir yap-boz bulmacas\u0131n\u0131n par\u00e7alar\u0131 gibi bir araya getirildi\u011finde, m\u00fczik e\u011fitiminin b\u00fct\u00fcn\u00fcn\u00fc olu\u015fturan \u00e7e\u015fitli b\u00f6l\u00fcmler yer almaktad\u0131r.Kitapta, yeti\u015fkin bir m\u00fczik\u00e7i olarak kendinizi ve \u00f6\u011fretim y\u00f6ntemlerinizi geli\u015ftirmenize; bir m\u00fczik \u00f6\u011frencisi ya da ara\u015ft\u0131rmac\u0131s\u0131 olarak m\u00fczik e\u011fitiminin temel kavramlar\u0131n\u0131 \u00f6\u011frenmenize; -m\u00fczik\u00e7i olmayan- bir gen\u00e7 ya da yeti\u015fkin olarak da hem kendinizin hem de ailenizdeki ya da \u00e7evrenizdeki di\u011fer yak\u0131nlar\u0131n\u0131z\u0131n m\u00fczik yetene\u011finin, m\u00fczik zekas\u0131n\u0131n ve yarat\u0131c\u0131l\u0131\u011f\u0131n\u0131n s\u0131n\u0131rlar\u0131n\u0131 tan\u0131man\u0131za ve bunu nas\u0131l geli\u015ftirebilece\u011finize yarayacak konular bulacaks\u0131n\u0131z. Geli\u015ftirilmi\u015f bu bask\u0131ya \u00d6zel \u00d6\u011fretim Y\u00f6ntemleri dersi vermeye ba\u015flad\u0131ktan sonra s\u0131k\u0131nt\u0131s\u0131n\u0131 \u00e7ekti\u011fim Kodaly, Suzuki ve Orff Y\u00f6ntemleri eklenmi\u015f birinci bas\u0131m\u0131n \u00fczerinden on y\u0131l ge\u00e7ti\u011fi i\u00e7in kitapta yer alan say\u0131sal bilgiler g\u00fcncellenmi\u015ftir.\u0130\u00e7indekiler:-M\u00fczik E\u011fitiminin T\u00fcrleri-\u00c7oklu Zeka Kuram\u0131 ve M\u00fczik Zekas\u0131-M\u00fczik Yetene\u011fi-M\u00fczik \u00d6\u011fretimi-Kodaly, Suzuki ve Orff Y\u00f6ntemleri-M\u00fczik E\u011fitiminde Program Geli\u015ftirme-M\u00fczik E\u011fitiminde \u00d6l\u00e7me-M\u00fczik Yetenek Testleri-Yarat\u0131c\u0131l\u0131k<\/p>\n","protected":false},"excerpt":{"rendered":"<p>Bu kitapta, birbirinden farkl\u0131, birbirinden ba\u011f\u0131ms\u0131z gibi g\u00f6z\u00fcken, ancak asl\u0131nda bir yap-boz bulmacas\u0131n\u0131n par\u00e7alar\u0131 gibi bir araya getirildi\u011finde, m\u00fczik e\u011fitiminin b\u00fct\u00fcn\u00fcn\u00fc olu\u015fturan \u00e7e\u015fitli b\u00f6l\u00fcmler yer almaktad\u0131r.Kitapta,<span class=\"excerpt-hellip\"> [\u2026]<\/span><\/p>\n","protected":false},"featured_media":0,"template":"","meta":{"_monsterinsights_skip_tracking":false,"_monsterinsights_sitenote_active":false,"_monsterinsights_sitenote_note":"","_monsterinsights_sitenote_category":0},"product_brand":[],"product_cat":[14591,14556],"product_tag":[],"class_list":{"0":"post-707473","1":"product","2":"type-product","3":"status-publish","5":"product_cat-genel-kavramlar-kuram-ve-tarihce","6":"product_cat-muzik","7":"pa_cilt-ciltsiz","8":"pa_tur-kitap","9":"pa_yayinevi-muzik-egitimi-yayinlari","10":"pa_yazar-suleyman-tarman","12":"first","13":"instock","14":"sale","15":"shipping-taxable","16":"purchasable","17":"product-type-simple"},"_links":{"self":[{"href":"https:\/\/roveyayinevi.com.tr\/index.php\/wp-json\/wp\/v2\/product\/707473","targetHints":{"allow":["GET"]}}],"collection":[{"href":"https:\/\/roveyayinevi.com.tr\/index.php\/wp-json\/wp\/v2\/product"}],"about":[{"href":"https:\/\/roveyayinevi.com.tr\/index.php\/wp-json\/wp\/v2\/types\/product"}],"wp:attachment":[{"href":"https:\/\/roveyayinevi.com.tr\/index.php\/wp-json\/wp\/v2\/media?parent=707473"}],"wp:term":[{"taxonomy":"product_brand","embeddable":true,"href":"https:\/\/roveyayinevi.com.tr\/index.php\/wp-json\/wp\/v2\/product_brand?post=707473"},{"taxonomy":"product_cat","embeddable":true,"href":"https:\/\/roveyayinevi.com.tr\/index.php\/wp-json\/wp\/v2\/product_cat?post=707473"},{"taxonomy":"product_tag","embeddable":true,"href":"https:\/\/roveyayinevi.com.tr\/index.php\/wp-json\/wp\/v2\/product_tag?post=707473"}],"curies":[{"name":"wp","href":"https:\/\/api.w.org\/{rel}","templated":true}]}}