{"id":707470,"date":"2025-08-27T16:06:08","date_gmt":"2025-08-27T13:06:08","guid":{"rendered":"https:\/\/roveyayinevi.com.tr\/index.php\/urun\/cocugum-okulu-sevmiyor\/"},"modified":"2026-04-16T02:16:17","modified_gmt":"2026-04-15T23:16:17","slug":"cocugum-okulu-sevmiyor","status":"publish","type":"product","link":"https:\/\/roveyayinevi.com.tr\/index.php\/urun\/cocugum-okulu-sevmiyor\/","title":{"rendered":"\u00c7ocu\u011fum Okulu Sevmiyor"},"content":{"rendered":"<p>Elbette. \u00c7\u00fcnk\u00fc \u00e7ocu\u011fun ve \u00f6\u011frenme arzusunun do\u011fas\u0131 bu.Oyun, sorun \u00e7\u00f6zmeyi, se\u00e7enekleri de\u011ferlendirmeyi, i\u015fbirli\u011fi yapmay\u0131, akranlar\u0131yla birlikte davranmay\u0131 ve duygusal olarak sa\u011fl\u0131kl\u0131 ve esnek olmay\u0131 \u00f6\u011freten en \u00f6nemli etkinliktir.\u00c7ocu\u011funuz \u00f6\u011frenmeyi seviyor ama okulu sevmiyor, hatta okula gitmek istemiyor mu? &#8220;Bu \u00e7ocu\u011fun nesi var, neyi eksik?&#8221; diye sormay\u0131 b\u0131rak\u0131n. \u00c7\u00fcnk\u00fc sorun \u00e7ocu\u011funuzda de\u011fil; \u00e7\u00fcnk\u00fc mevcut e\u011fitim sistemi ve okullar \u00f6\u011frenme arzusunu k\u00f6relten &#8216;merak katilleri&#8217; haline geldiler.Geli\u015fim psikolojisi profes\u00f6r\u00fc Peter Gray, \u00e7ocuklar\u0131n zorunlu e\u011fitimin yol a\u00e7t\u0131\u011f\u0131 sorunlardankurtar\u0131lmas\u0131n\u0131n ve \u00e7ocuklu\u011fun keyiflerinden mahrum kalmadan e\u011fitilmelerinin m\u00fcmk\u00fcn oldu\u011funu s\u00f6yl\u00fcyor. Oyun i\u00e7g\u00fcd\u00fcs\u00fcn\u00fc serbest b\u0131rakt\u0131\u011f\u0131m\u0131zda \u00e7ocuklar\u0131n nas\u0131l daha mutlu, daha \u00f6zg\u00fcvenli ve daha yarat\u0131c\u0131 hale geldi\u011fini antropolojiden, psikolojiden ve tarihten kan\u0131tlarla g\u00f6steriyor.Bug\u00fcn her \u015feyden \u00f6nce \u00e7ocuklu\u011fu, \u00e7ocu\u011fun sokakta arkada\u015flar\u0131yla oyun oynamas\u0131n\u0131 yok etti\u011fimize dikkat \u00e7eken Gray, b\u00f6ylece \u00f6\u011frenme arzusunu ve yetene\u011fini de sakatlad\u0131\u011f\u0131m\u0131z\u0131 vurguluyor.Oynayarak \u00f6\u011frenen \u00e7ocu\u011fun \u00f6zg\u00fcveni geli\u015fir, mutlulu\u011fu artar ve hayata daha iyi haz\u0131rlan\u0131r.Hemen her y\u0131l yeni uygulamalarla e\u011fitim sisteminin \u00e7ok tart\u0131\u015f\u0131ld\u0131\u011f\u0131 ve ciddi sorunlarla sars\u0131ld\u0131\u011f\u0131 bu d\u00f6nemde bu kitaptan e\u011fitimciler kadar ebeveynler de \u00e7ok yararlanacakt\u0131r<\/p>\n","protected":false},"excerpt":{"rendered":"<p>Elbette. \u00c7\u00fcnk\u00fc \u00e7ocu\u011fun ve \u00f6\u011frenme arzusunun do\u011fas\u0131 bu.Oyun, sorun \u00e7\u00f6zmeyi, se\u00e7enekleri de\u011ferlendirmeyi, i\u015fbirli\u011fi yapmay\u0131, akranlar\u0131yla birlikte davranmay\u0131 ve duygusal olarak sa\u011fl\u0131kl\u0131 ve esnek olmay\u0131 \u00f6\u011freten en<span class=\"excerpt-hellip\"> [\u2026]<\/span><\/p>\n","protected":false},"featured_media":0,"template":"","meta":{"_monsterinsights_skip_tracking":false,"_monsterinsights_sitenote_active":false,"_monsterinsights_sitenote_note":"","_monsterinsights_sitenote_category":0},"product_brand":[],"product_cat":[12831,12324],"product_tag":[],"class_list":{"0":"post-707470","1":"product","2":"type-product","3":"status-publish","5":"product_cat-aile-ve-cocuk","6":"product_cat-sosyoloji","7":"pa_cilt-ciltsiz","8":"pa_tur-kitap","9":"pa_yayinevi-kuraldisi-yayinevi","10":"pa_yazar-peter-gray","12":"first","13":"instock","14":"sale","15":"shipping-taxable","16":"purchasable","17":"product-type-simple"},"_links":{"self":[{"href":"https:\/\/roveyayinevi.com.tr\/index.php\/wp-json\/wp\/v2\/product\/707470","targetHints":{"allow":["GET"]}}],"collection":[{"href":"https:\/\/roveyayinevi.com.tr\/index.php\/wp-json\/wp\/v2\/product"}],"about":[{"href":"https:\/\/roveyayinevi.com.tr\/index.php\/wp-json\/wp\/v2\/types\/product"}],"wp:attachment":[{"href":"https:\/\/roveyayinevi.com.tr\/index.php\/wp-json\/wp\/v2\/media?parent=707470"}],"wp:term":[{"taxonomy":"product_brand","embeddable":true,"href":"https:\/\/roveyayinevi.com.tr\/index.php\/wp-json\/wp\/v2\/product_brand?post=707470"},{"taxonomy":"product_cat","embeddable":true,"href":"https:\/\/roveyayinevi.com.tr\/index.php\/wp-json\/wp\/v2\/product_cat?post=707470"},{"taxonomy":"product_tag","embeddable":true,"href":"https:\/\/roveyayinevi.com.tr\/index.php\/wp-json\/wp\/v2\/product_tag?post=707470"}],"curies":[{"name":"wp","href":"https:\/\/api.w.org\/{rel}","templated":true}]}}