{"id":707466,"date":"2025-08-27T16:06:06","date_gmt":"2025-08-27T13:06:06","guid":{"rendered":"https:\/\/roveyayinevi.com.tr\/index.php\/urun\/yoksa-sinif-arkadasim-bir-casus-mu\/"},"modified":"2026-04-16T02:16:17","modified_gmt":"2026-04-15T23:16:17","slug":"yoksa-sinif-arkadasim-bir-casus-mu","status":"publish","type":"product","link":"https:\/\/roveyayinevi.com.tr\/index.php\/urun\/yoksa-sinif-arkadasim-bir-casus-mu\/","title":{"rendered":"Yoksa S\u0131n\u0131f Arkada\u015f\u0131m Bir Casus mu?"},"content":{"rendered":"<p>\u0130lk kitap &#8220;Yoksa \u00d6\u011fretmenim Bir Uzayl\u0131 m\u0131?&#8221; ile ba\u015flayan Izzy ve arkada\u015flar\u0131n\u0131n maceralar\u0131 devam ediyor! D\u00f6rt kafadar Izzy, Maisie, Jodi ve Zach, s\u0131n\u0131flar\u0131na gelen yeni bir \u00f6\u011frenciyle tan\u0131\u015f\u0131yorlar: Bu \u00f6\u011frencinin ad\u0131 Mathilde ve Fransa&#8217;dan geliyor. Ama Mathilde biraz garip biri&#8230; Hi\u00e7 konu\u015fmuyor ve not defterine gizlice bir \u015feyler yaz\u0131p duruyor. Daha da k\u00f6t\u00fcs\u00fc b\u00fct\u00fcn \u00f6\u011frencilerin nefret etti\u011fi kapuskay\u0131 \u00e7ok seviyor. Hatta ikinci taba\u011f\u0131 bile istiyor! Tabii ki b\u00fct\u00fcn bunlar\u0131n tek bir a\u00e7\u0131klamas\u0131 olabilir: Mathilde bir casus ve amac\u0131 da okulu kapatt\u0131rmak! Pamela Butchart&#8217;\u0131n 2015 Blue Peter En \u0130yi Kitap \u00f6d\u00fcl\u00fc kazanan roman\u0131. \ufffc <\/p>\n","protected":false},"excerpt":{"rendered":"<p>\u0130lk kitap &#8220;Yoksa \u00d6\u011fretmenim Bir Uzayl\u0131 m\u0131?&#8221; ile ba\u015flayan Izzy ve arkada\u015flar\u0131n\u0131n maceralar\u0131 devam ediyor! D\u00f6rt kafadar Izzy, Maisie, Jodi ve Zach, s\u0131n\u0131flar\u0131na gelen yeni bir<span class=\"excerpt-hellip\"> [\u2026]<\/span><\/p>\n","protected":false},"featured_media":0,"template":"","meta":{"_monsterinsights_skip_tracking":false,"_monsterinsights_sitenote_active":false,"_monsterinsights_sitenote_note":"","_monsterinsights_sitenote_category":0},"product_brand":[],"product_cat":[12275,12274],"product_tag":[],"class_list":{"0":"post-707466","1":"product","2":"type-product","3":"status-publish","5":"product_cat-6-12-yas-kitaplari","6":"product_cat-cocuk-ve-genclik-kitaplari","7":"pa_cilt-ciltsiz","8":"pa_tur-kitap","9":"pa_yayinevi-mavi-bulut-yayinlari","10":"pa_yazar-pamela-butchart","12":"first","13":"instock","14":"sale","15":"shipping-taxable","16":"purchasable","17":"product-type-simple"},"_links":{"self":[{"href":"https:\/\/roveyayinevi.com.tr\/index.php\/wp-json\/wp\/v2\/product\/707466","targetHints":{"allow":["GET"]}}],"collection":[{"href":"https:\/\/roveyayinevi.com.tr\/index.php\/wp-json\/wp\/v2\/product"}],"about":[{"href":"https:\/\/roveyayinevi.com.tr\/index.php\/wp-json\/wp\/v2\/types\/product"}],"wp:attachment":[{"href":"https:\/\/roveyayinevi.com.tr\/index.php\/wp-json\/wp\/v2\/media?parent=707466"}],"wp:term":[{"taxonomy":"product_brand","embeddable":true,"href":"https:\/\/roveyayinevi.com.tr\/index.php\/wp-json\/wp\/v2\/product_brand?post=707466"},{"taxonomy":"product_cat","embeddable":true,"href":"https:\/\/roveyayinevi.com.tr\/index.php\/wp-json\/wp\/v2\/product_cat?post=707466"},{"taxonomy":"product_tag","embeddable":true,"href":"https:\/\/roveyayinevi.com.tr\/index.php\/wp-json\/wp\/v2\/product_tag?post=707466"}],"curies":[{"name":"wp","href":"https:\/\/api.w.org\/{rel}","templated":true}]}}