{"id":707465,"date":"2025-08-27T16:06:06","date_gmt":"2025-08-27T13:06:06","guid":{"rendered":"https:\/\/roveyayinevi.com.tr\/index.php\/urun\/nefeste-sakli-hayat\/"},"modified":"2025-10-23T04:04:05","modified_gmt":"2025-10-23T01:04:05","slug":"nefeste-sakli-hayat","status":"publish","type":"product","link":"https:\/\/roveyayinevi.com.tr\/index.php\/urun\/nefeste-sakli-hayat\/","title":{"rendered":"Nefeste Sakl\u0131 Hayat"},"content":{"rendered":"<p>Elinizdeki bu kitap, g\u00fcndelik ya\u015fam\u0131n\u0131z\u0131 kolayla\u015ft\u0131rman\u0131z\u0131, kendinizi daha iyi, daha sa\u011fl\u0131kl\u0131 ve daha mutlu hissetmenizi sa\u011flayacak uygulamalar\u0131 i\u00e7eren bir rehber. Ayn\u0131 zamanda bu uygulamalardan birini g\u00fcndelik rutininize ekledi\u011finizde zaman i\u00e7inde hayatla, d\u00fcnyayla ve hatta evrenle ilgili fark\u0131ndal\u0131k seviyenizi y\u00fckseltebilecek bir egzersiz kitab\u0131d\u0131r.\u201cChopra ekol\u00fc\u2019n\u00fcn temsilcilerinden sevgili Ebru \u015einik, \u2018integratif\u2019 alan\u0131n en \u00f6nemli markalar\u0131ndan birinin yakla\u015f\u0131mlar\u0131n\u0131, kadim bilgiler, kendi \u00f6yk\u00fcs\u00fc ve deneyimleriyle birle\u015ftirip tam da ihtiyac\u0131m\u0131z olan bir kitap yazm\u0131\u015f. Sevgili \u015einik&#8217;i, disiplini, vizyonu, \u00e7abas\u0131, adan- m\u0131\u015fl\u0131\u011f\u0131, b\u00fct\u00fcne katk\u0131 sa\u011flayan payla\u015f\u0131mlar\u0131 i\u00e7in kutluyor, bu tertemiz dille yaz\u0131lm\u0131\u015f harika kayna\u011f\u0131 integratif alana sundu\u011fu i\u00e7in te\u015fekk\u00fcr ediyorum.\u201dYrd. Do\u00e7. Dr. \u00d6mer \u00d6nderEsenyurt \u00dcniversitesi Fizyoterapi ve Rehabilitasyon B\u00f6l\u00fcm Ba\u015fkan\u0131\u201c\u00c7ok ak\u0131\u015fkan ve samimi bir dille son derece \u00f6nemli konular\u0131 dile getiren \u00e7ok g\u00fczel ve yararl\u0131 bir kitap olmu\u015f. Okumas\u0131 kolay ve zevkli bir \u015fekilde hem bu \u00e7ok \u00f6nemli konuyu halk diline indirgemi\u015f hem de \u00f6nemli bilimsel temel noktalar\u0131 kitaba entegre etmi\u015fsiniz. Kutlar\u0131m!\u201dProf. Dr. Fahri Saat\u00e7io\u011fluOslo University Ara\u015ft\u0131rmac\u0131 Kanser Biyolo\u011fu<\/p>\n","protected":false},"excerpt":{"rendered":"<p>Elinizdeki bu kitap, g\u00fcndelik ya\u015fam\u0131n\u0131z\u0131 kolayla\u015ft\u0131rman\u0131z\u0131, kendinizi daha iyi, daha sa\u011fl\u0131kl\u0131 ve daha mutlu hissetmenizi sa\u011flayacak uygulamalar\u0131 i\u00e7eren bir rehber. Ayn\u0131 zamanda bu uygulamalardan birini g\u00fcndelik<span class=\"excerpt-hellip\"> [\u2026]<\/span><\/p>\n","protected":false},"featured_media":0,"template":"","meta":{"_monsterinsights_skip_tracking":false,"_monsterinsights_sitenote_active":false,"_monsterinsights_sitenote_note":"","_monsterinsights_sitenote_category":0},"product_brand":[],"product_cat":[14787,13488],"product_tag":[],"class_list":{"0":"post-707465","1":"product","2":"type-product","3":"status-publish","5":"product_cat-diger-toplum-ve-insan","6":"product_cat-toplum-ve-insan","7":"pa_cilt-ciltsiz","8":"pa_tur-kitap","9":"pa_yayinevi-libros-yayinlari","10":"pa_yazar-ebru-sinik","12":"first","13":"instock","14":"sale","15":"shipping-taxable","16":"purchasable","17":"product-type-simple"},"_links":{"self":[{"href":"https:\/\/roveyayinevi.com.tr\/index.php\/wp-json\/wp\/v2\/product\/707465","targetHints":{"allow":["GET"]}}],"collection":[{"href":"https:\/\/roveyayinevi.com.tr\/index.php\/wp-json\/wp\/v2\/product"}],"about":[{"href":"https:\/\/roveyayinevi.com.tr\/index.php\/wp-json\/wp\/v2\/types\/product"}],"wp:attachment":[{"href":"https:\/\/roveyayinevi.com.tr\/index.php\/wp-json\/wp\/v2\/media?parent=707465"}],"wp:term":[{"taxonomy":"product_brand","embeddable":true,"href":"https:\/\/roveyayinevi.com.tr\/index.php\/wp-json\/wp\/v2\/product_brand?post=707465"},{"taxonomy":"product_cat","embeddable":true,"href":"https:\/\/roveyayinevi.com.tr\/index.php\/wp-json\/wp\/v2\/product_cat?post=707465"},{"taxonomy":"product_tag","embeddable":true,"href":"https:\/\/roveyayinevi.com.tr\/index.php\/wp-json\/wp\/v2\/product_tag?post=707465"}],"curies":[{"name":"wp","href":"https:\/\/api.w.org\/{rel}","templated":true}]}}