{"id":707464,"date":"2025-08-27T16:06:05","date_gmt":"2025-08-27T13:06:05","guid":{"rendered":"https:\/\/roveyayinevi.com.tr\/index.php\/urun\/4-murad\/"},"modified":"2026-04-16T02:16:17","modified_gmt":"2026-04-15T23:16:17","slug":"4-murad","status":"publish","type":"product","link":"https:\/\/roveyayinevi.com.tr\/index.php\/urun\/4-murad\/","title":{"rendered":"4. Murad"},"content":{"rendered":"<p>ZAMANIN \u0130SKENDER\u2019\u0130, \u015eARKIN SULTANIBA\u011eDAT VE REVAN FAT\u0130H\u0130 IV. MURAD \u201cBizim tarihimizde askeri e\u011fitim g\u00f6rmedi\u011fi ve sanca\u011fa \u00e7\u0131kmad\u0131\u011f\u0131 h\u00e2lde IV. Murad gibi bir d\u00e2hi vard\u0131r. 17. y\u00fczy\u0131l\u0131n en b\u00fcy\u00fck mare\u015falidir. O devirde d\u00fcnya \u00fczerinde ona denk d\u00fc\u015fecek bir ba\u015fka deha yoktur. 12 ya\u015f\u0131nda tahta \u00e7\u0131kan bu gen\u00e7 adam, 19\u2019unda devlete h\u00e2kim oldu. 28 ya\u015f\u0131nda da \u00f6ld\u00fc. Bu kadar k\u0131sa s\u00fcrede de Ba\u011fdat ve Revan Fatihi olarak ad\u0131n\u0131 tarihe yazd\u0131rd\u0131. Prof. Dr. Abd\u00fclkadir \u00d6zcan\u2019\u0131n vesikalara dayanarak haz\u0131rlad\u0131\u011f\u0131 bu k\u0131ymetli \u00e7al\u0131\u015fma tarihteki b\u00fcy\u00fck komutanlar\u0131m\u0131zdan IV. Murad\u2019a dair bir\u00e7ok bilgiyi tazeleyecek.\u201d\u0130lber Ortayl\u0131 Sultan Osman\u2019\u0131n hazin ak\u0131beti ve I. Mustafa\u2019n\u0131n birka\u00e7 ay daha s\u00fcren ikinci saltanat\u0131ndan sonra K\u00f6sem Sultan\u2019\u0131n plan\u0131yla hen\u00fcz 11 ya\u015f\u0131nda tahta ge\u00e7en IV. Murad\u2026 Yapt\u0131\u011f\u0131 iki do\u011fu seferi nedeniyle, \u00e7a\u011fda\u015f kaynaklarda ve \u0130sl\u00e2m\u00ee edebiyatta efsane olan Makedonya Kral\u0131 B\u00fcy\u00fck \u0130skender ve yine iki b\u00fcy\u00fck do\u011fu seferinin sahibi Yavuz Sultan Selim\u2019le k\u0131yaslanarak bazen \u201c\u0130skender-i S\u00e2n\u00ee\u201d ve \u201cZaman\u0131n \u0130skender\u2019i\u201d, bazen de \u201c\u015eark\u0131n Sultan\u0131\u201d olarak nitelendirilen IV. Murad\u202617 y\u0131ll\u0131k saltanat\u0131n\u0131n ilk 9 senesi annesi K\u00f6sem Sultan\u2019\u0131n vesayeti alt\u0131nda ge\u00e7en fakat 1632\u2019den sonra idareyi tamamen eline alan IV. Murad \u00f6nce kendi adamlar\u0131yla dersaadette ve ta\u015frada b\u00fcy\u00fck bir temizlik harekat\u0131 yapt\u0131. Koydu\u011fu amans\u0131z yasaklarla asi \u00f6nderlerin ve i\u00e7 isyanlar\u0131n hakk\u0131ndan gelen sultan daha sonra do\u011fuya iki b\u00fcy\u00fck sefer d\u00fczenleyerek g\u00fcn\u00fcm\u00fcz T\u00fcrkiye-\u0130ran s\u0131n\u0131r\u0131n\u0131 \u00e7izdi. IV. Murad devrinin i\u00e7 ve d\u0131\u015f olaylar\u0131n\u0131 ele alan, orijinal kaynaklar ve ara\u015ft\u0131rmalarla yepyeni bir sentez olarak ortaya \u00e7\u0131kan bu \u00f6zg\u00fcn \u00e7al\u0131\u015fma alan\u0131nda b\u00fcy\u00fck bir bo\u015flu\u011fu dolduruyor. <\/p>\n","protected":false},"excerpt":{"rendered":"<p>ZAMANIN \u0130SKENDER\u2019\u0130, \u015eARKIN SULTANIBA\u011eDAT VE REVAN FAT\u0130H\u0130 IV. MURAD \u201cBizim tarihimizde askeri e\u011fitim g\u00f6rmedi\u011fi ve sanca\u011fa \u00e7\u0131kmad\u0131\u011f\u0131 h\u00e2lde IV. Murad gibi bir d\u00e2hi vard\u0131r. 17. y\u00fczy\u0131l\u0131n<span class=\"excerpt-hellip\"> [\u2026]<\/span><\/p>\n","protected":false},"featured_media":0,"template":"","meta":{"_monsterinsights_skip_tracking":false,"_monsterinsights_sitenote_active":false,"_monsterinsights_sitenote_note":"","_monsterinsights_sitenote_category":0},"product_brand":[],"product_cat":[13517,12304],"product_tag":[],"class_list":{"0":"post-707464","1":"product","2":"type-product","3":"status-publish","5":"product_cat-osmanli-tarihi","6":"product_cat-tarih","7":"pa_cilt-ciltsiz","8":"pa_tur-kitap","9":"pa_yayinevi-kronik-kitap","10":"pa_yazar-abdulkadir-ozcan","12":"first","13":"instock","14":"sale","15":"shipping-taxable","16":"purchasable","17":"product-type-simple"},"_links":{"self":[{"href":"https:\/\/roveyayinevi.com.tr\/index.php\/wp-json\/wp\/v2\/product\/707464","targetHints":{"allow":["GET"]}}],"collection":[{"href":"https:\/\/roveyayinevi.com.tr\/index.php\/wp-json\/wp\/v2\/product"}],"about":[{"href":"https:\/\/roveyayinevi.com.tr\/index.php\/wp-json\/wp\/v2\/types\/product"}],"wp:attachment":[{"href":"https:\/\/roveyayinevi.com.tr\/index.php\/wp-json\/wp\/v2\/media?parent=707464"}],"wp:term":[{"taxonomy":"product_brand","embeddable":true,"href":"https:\/\/roveyayinevi.com.tr\/index.php\/wp-json\/wp\/v2\/product_brand?post=707464"},{"taxonomy":"product_cat","embeddable":true,"href":"https:\/\/roveyayinevi.com.tr\/index.php\/wp-json\/wp\/v2\/product_cat?post=707464"},{"taxonomy":"product_tag","embeddable":true,"href":"https:\/\/roveyayinevi.com.tr\/index.php\/wp-json\/wp\/v2\/product_tag?post=707464"}],"curies":[{"name":"wp","href":"https:\/\/api.w.org\/{rel}","templated":true}]}}