{"id":707460,"date":"2025-08-27T16:06:04","date_gmt":"2025-08-27T13:06:04","guid":{"rendered":"https:\/\/roveyayinevi.com.tr\/index.php\/urun\/roma-as\/"},"modified":"2026-04-16T02:16:17","modified_gmt":"2026-04-15T23:16:17","slug":"roma-as","status":"publish","type":"product","link":"https:\/\/roveyayinevi.com.tr\/index.php\/urun\/roma-as\/","title":{"rendered":"Roma A\u015e"},"content":{"rendered":"<p>Roma \u0130mparatorlu\u011fu\u2019nun uzun tarihini dev bir \u00e7okuluslu \u015firketin tarihi gibi okuyabilir miyiz? Stanley Bing Roma A\u015e\u2019de bunu yap\u0131yor. D\u00fcnya tarihinin gelmi\u015f ge\u00e7mi\u015f en b\u00fcy\u00fck ve en uzun \u00f6m\u00fcrl\u00fc imparatorlu\u011funun y\u00fckseli\u015f ve \u00e7\u00f6k\u00fc\u015f hik\u00e2yesini modern zamanlarda y\u00fckselen ve \u00e7\u00f6k\u00fc\u015fe ge\u00e7en dev bir \u015firketin hikayesiymi\u015f gibi anlat\u0131yor: \u0130mparatorlar\u0131n CEO, di\u011fer devletlerin rakip \u015firket, saraylar\u0131n da holding binas\u0131 rol\u00fcn\u00fc oynad\u0131\u011f\u0131 heyecanl\u0131 ve mizahi bir hikaye.\u201cB\u00fcy\u00fck \u015famata&#8230; Antik \u00e7a\u011fda maceral\u0131 bir yolculuk.\u201d\u2013 Financial Times\u201cKeskin g\u00f6zlemlerle dolu&#8230; \u00c7ok komik&#8230; Bing\u2019in Roma\u2019n\u0131n \u00e7\u00f6k\u00fc\u015f\u00fcn\u00fc anlatt\u0131\u011f\u0131 yerler \u00f6zellikle etkileyici.\u201d\u2013 The New York Times\u201cGibbon\u2019\u0131n [Roma tarihinin] y\u00f6neticiler i\u00e7in e\u011flenceli bir \u00f6zeti&#8230; Zekice.&#8221;\u2013 Kirkus ReviewsStanley Bing, Fortune dergisinde k\u00f6\u015fe yazar\u0131.<\/p>\n","protected":false},"excerpt":{"rendered":"<p>Roma \u0130mparatorlu\u011fu\u2019nun uzun tarihini dev bir \u00e7okuluslu \u015firketin tarihi gibi okuyabilir miyiz? Stanley Bing Roma A\u015e\u2019de bunu yap\u0131yor. D\u00fcnya tarihinin gelmi\u015f ge\u00e7mi\u015f en b\u00fcy\u00fck ve en<span class=\"excerpt-hellip\"> [\u2026]<\/span><\/p>\n","protected":false},"featured_media":0,"template":"","meta":{"_monsterinsights_skip_tracking":false,"_monsterinsights_sitenote_active":false,"_monsterinsights_sitenote_note":"","_monsterinsights_sitenote_category":0},"product_brand":[],"product_cat":[12312,12304],"product_tag":[],"class_list":{"0":"post-707460","1":"product","2":"type-product","3":"status-publish","5":"product_cat-diger","6":"product_cat-tarih","7":"pa_cilt-ciltsiz","8":"pa_tur-kitap","9":"pa_yayinevi-koc-universitesi-yayinlari","10":"pa_yazar-stanley-bing","12":"first","13":"instock","14":"sale","15":"shipping-taxable","16":"purchasable","17":"product-type-simple"},"_links":{"self":[{"href":"https:\/\/roveyayinevi.com.tr\/index.php\/wp-json\/wp\/v2\/product\/707460","targetHints":{"allow":["GET"]}}],"collection":[{"href":"https:\/\/roveyayinevi.com.tr\/index.php\/wp-json\/wp\/v2\/product"}],"about":[{"href":"https:\/\/roveyayinevi.com.tr\/index.php\/wp-json\/wp\/v2\/types\/product"}],"wp:attachment":[{"href":"https:\/\/roveyayinevi.com.tr\/index.php\/wp-json\/wp\/v2\/media?parent=707460"}],"wp:term":[{"taxonomy":"product_brand","embeddable":true,"href":"https:\/\/roveyayinevi.com.tr\/index.php\/wp-json\/wp\/v2\/product_brand?post=707460"},{"taxonomy":"product_cat","embeddable":true,"href":"https:\/\/roveyayinevi.com.tr\/index.php\/wp-json\/wp\/v2\/product_cat?post=707460"},{"taxonomy":"product_tag","embeddable":true,"href":"https:\/\/roveyayinevi.com.tr\/index.php\/wp-json\/wp\/v2\/product_tag?post=707460"}],"curies":[{"name":"wp","href":"https:\/\/api.w.org\/{rel}","templated":true}]}}