{"id":707459,"date":"2025-08-27T16:06:04","date_gmt":"2025-08-27T13:06:04","guid":{"rendered":"https:\/\/roveyayinevi.com.tr\/index.php\/urun\/yeni-cagin-cocuklari\/"},"modified":"2026-04-16T02:16:17","modified_gmt":"2026-04-15T23:16:17","slug":"yeni-cagin-cocuklari","status":"publish","type":"product","link":"https:\/\/roveyayinevi.com.tr\/index.php\/urun\/yeni-cagin-cocuklari\/","title":{"rendered":"Yeni \u00c7a\u011f\u0131n \u00c7ocuklar\u0131"},"content":{"rendered":"<p>Yeni \u00c7ap\u0131n \u00c7ocuklar\u0131 Onlar D\u00fcnyaya Bir Hediye!Onlar bilge&#8230; Bizim g\u00f6remediklerimizi sezinliyorlar.Ve bu \u0131\u015f\u0131k \u00e7a\u011f\u0131nda bize \u00d6\u011fretmeyeE geldiler!\u2022 \u00d6yle \u015eeyler S\u00f6yl\u00fcyor ki&#8230; Hem de bu ya\u015fta.\u2022 Geceleri Uyuyam\u0131yor, neden?\u2022 Neden ya\u015fad\u0131klar\u0131m\u0131 \u00c7ocu\u011fum da Ya\u015f\u0131yor?\u2022 Hayali Oyun Arkada\u015f\u0131 ger\u00e7ekten hayali mi?\u2022 \u201cAnne orada bir \u015fey var!\u201d diyorsa, ger\u00e7ekten Orada Bir \u015eey Var m\u0131?\u2022 Ona Ad\u0131yla Ne Y\u00fckledim?\u2022 O bir \u0130ndigo, Kristal veya G\u00f6kku\u015fa\u011f\u0131 \u00e7ocu\u011fu mu?T\u00fcm bunlar\u0131 anlaman\u0131n, hatta k\u00f6kten \u00c7\u00f6zmenin Anahtar\u0131 bu kitapta!Onlar bamba\u015fka&#8230; Bizim gibi hi\u00e7 de\u011filler. Onlarla tan\u0131\u015f\u0131n!<\/p>\n","protected":false},"excerpt":{"rendered":"<p>Yeni \u00c7ap\u0131n \u00c7ocuklar\u0131 Onlar D\u00fcnyaya Bir Hediye!Onlar bilge&#8230; Bizim g\u00f6remediklerimizi sezinliyorlar.Ve bu \u0131\u015f\u0131k \u00e7a\u011f\u0131nda bize \u00d6\u011fretmeyeE geldiler!\u2022 \u00d6yle \u015eeyler S\u00f6yl\u00fcyor ki&#8230; Hem de bu ya\u015fta.\u2022 Geceleri<span class=\"excerpt-hellip\"> [\u2026]<\/span><\/p>\n","protected":false},"featured_media":0,"template":"","meta":{"_monsterinsights_skip_tracking":false,"_monsterinsights_sitenote_active":false,"_monsterinsights_sitenote_note":"","_monsterinsights_sitenote_category":0},"product_brand":[],"product_cat":[12831,12324],"product_tag":[],"class_list":{"0":"post-707459","1":"product","2":"type-product","3":"status-publish","5":"product_cat-aile-ve-cocuk","6":"product_cat-sosyoloji","7":"pa_cilt-ciltsiz","8":"pa_tur-kitap","9":"pa_yayinevi-mona-kitap","10":"pa_yazar-beki-ikala-erikli","12":"first","13":"instock","14":"sale","15":"shipping-taxable","16":"purchasable","17":"product-type-simple"},"_links":{"self":[{"href":"https:\/\/roveyayinevi.com.tr\/index.php\/wp-json\/wp\/v2\/product\/707459","targetHints":{"allow":["GET"]}}],"collection":[{"href":"https:\/\/roveyayinevi.com.tr\/index.php\/wp-json\/wp\/v2\/product"}],"about":[{"href":"https:\/\/roveyayinevi.com.tr\/index.php\/wp-json\/wp\/v2\/types\/product"}],"wp:attachment":[{"href":"https:\/\/roveyayinevi.com.tr\/index.php\/wp-json\/wp\/v2\/media?parent=707459"}],"wp:term":[{"taxonomy":"product_brand","embeddable":true,"href":"https:\/\/roveyayinevi.com.tr\/index.php\/wp-json\/wp\/v2\/product_brand?post=707459"},{"taxonomy":"product_cat","embeddable":true,"href":"https:\/\/roveyayinevi.com.tr\/index.php\/wp-json\/wp\/v2\/product_cat?post=707459"},{"taxonomy":"product_tag","embeddable":true,"href":"https:\/\/roveyayinevi.com.tr\/index.php\/wp-json\/wp\/v2\/product_tag?post=707459"}],"curies":[{"name":"wp","href":"https:\/\/api.w.org\/{rel}","templated":true}]}}