{"id":707458,"date":"2025-08-27T16:06:03","date_gmt":"2025-08-27T13:06:03","guid":{"rendered":"https:\/\/roveyayinevi.com.tr\/index.php\/urun\/psikoz\/"},"modified":"2026-04-16T02:16:17","modified_gmt":"2026-04-15T23:16:17","slug":"psikoz","status":"publish","type":"product","link":"https:\/\/roveyayinevi.com.tr\/index.php\/urun\/psikoz\/","title":{"rendered":"Psikoz"},"content":{"rendered":"<p>\u201cKimse sizi Linwood Barclay kadar heyecanland\u0131ramaz ve \u00fcrpertemez. Bana g\u00fcvenin, bu kitab\u0131 ka\u00e7\u0131rmak istemezsiniz.\u201d \u2013 Tess GerritsenThomas Kilbride, haritalar konusunda saplant\u0131l\u0131 bir \u015fizofrendir ve kendisine devlet ba\u015fkan\u0131 taraf\u0131ndan \u00fclkedeki t\u00fcm sokaklar\u0131 ezberleme g\u00f6revi verildi\u011fini sanmaktad\u0131r. Evden d\u0131\u015far\u0131 \u00e7\u0131km\u0131yor, bilgisayardaki bir program sayesinde her yeri ad\u0131m ad\u0131m dola\u015f\u0131yordur. Ve bir g\u00fcn g\u00f6zleri New York\u2019taki bir binan\u0131n penceresinde ya\u015fanan garip ve korkun\u00e7 bir olaya tak\u0131l\u0131r. Bir kad\u0131n\u0131n \u00f6ld\u00fcr\u00fclmesi gibi bir olaya&#8230;Thomas\u2019\u0131n karde\u015fi Ray babalar\u0131n\u0131n \u00f6l\u00fcm\u00fcnden sonra onun bak\u0131m\u0131n\u0131 \u00fcstlenmi\u015f, adeta d\u0131\u015f d\u00fcnyayla tek ba\u011flant\u0131s\u0131 olmu\u015ftur. Yap\u0131lacak i\u015flerini halletmekte ve zaman zaman da paranoyak\u00e7a teorilerini dinlemektedir. A\u011fabeyinin sanr\u0131lar\u0131n\u0131n kontrol edilemez bir noktaya ula\u015ft\u0131\u011f\u0131n\u0131 bilmesine ra\u011fmen bu kez Thomas o kadar \u00e7ok \u0131srar eder ki onun g\u00f6rd\u00fc\u011f\u00fcn\u00fc sand\u0131\u011f\u0131 \u015feyi ara\u015ft\u0131rmaya ba\u015flamas\u0131yla Ray d\u00fc\u015fle ger\u00e7e\u011fin \u00f6l\u00fcm sarma\u015f\u0131\u011f\u0131 gibi birbirine doland\u0131\u011f\u0131 tehlikeli bir yola girer.\u201cG\u00fczel bir yolculuktan anlad\u0131\u011f\u0131m \u015fey: \u00dc\u00e7 g\u00fcn durmaks\u0131z\u0131n ya\u011fan bir ya\u011fmur, at\u0131\u015ft\u0131rmal\u0131klarla dolu bir buzdolab\u0131 ve bir Linwood Barclay roman\u0131.\u201d \u2013 Stephen King\u201cHer d\u00f6n\u00fc\u015fte \u015fa\u015f\u0131rt\u0131yor ve \u015fok ediyor. Y\u0131l\u0131n en iyi gerilim kitaplar\u0131 aras\u0131nda.\u201d \u2013 Associated Press <\/p>\n","protected":false},"excerpt":{"rendered":"<p>\u201cKimse sizi Linwood Barclay kadar heyecanland\u0131ramaz ve \u00fcrpertemez. Bana g\u00fcvenin, bu kitab\u0131 ka\u00e7\u0131rmak istemezsiniz.\u201d \u2013 Tess GerritsenThomas Kilbride, haritalar konusunda saplant\u0131l\u0131 bir \u015fizofrendir ve kendisine devlet<span class=\"excerpt-hellip\"> [\u2026]<\/span><\/p>\n","protected":false},"featured_media":0,"template":"","meta":{"_monsterinsights_skip_tracking":false,"_monsterinsights_sitenote_active":false,"_monsterinsights_sitenote_note":"","_monsterinsights_sitenote_category":0},"product_brand":[],"product_cat":[12291,17033],"product_tag":[],"class_list":{"0":"post-707458","1":"product","2":"type-product","3":"status-publish","5":"product_cat-edebiyat","6":"product_cat-korku-gerilim","7":"pa_cilt-ciltsiz","8":"pa_tur-kitap","9":"pa_yayinevi-koridor-yayincilik","10":"pa_yazar-linwood-barclay","12":"first","13":"instock","14":"sale","15":"shipping-taxable","16":"purchasable","17":"product-type-simple"},"_links":{"self":[{"href":"https:\/\/roveyayinevi.com.tr\/index.php\/wp-json\/wp\/v2\/product\/707458","targetHints":{"allow":["GET"]}}],"collection":[{"href":"https:\/\/roveyayinevi.com.tr\/index.php\/wp-json\/wp\/v2\/product"}],"about":[{"href":"https:\/\/roveyayinevi.com.tr\/index.php\/wp-json\/wp\/v2\/types\/product"}],"wp:attachment":[{"href":"https:\/\/roveyayinevi.com.tr\/index.php\/wp-json\/wp\/v2\/media?parent=707458"}],"wp:term":[{"taxonomy":"product_brand","embeddable":true,"href":"https:\/\/roveyayinevi.com.tr\/index.php\/wp-json\/wp\/v2\/product_brand?post=707458"},{"taxonomy":"product_cat","embeddable":true,"href":"https:\/\/roveyayinevi.com.tr\/index.php\/wp-json\/wp\/v2\/product_cat?post=707458"},{"taxonomy":"product_tag","embeddable":true,"href":"https:\/\/roveyayinevi.com.tr\/index.php\/wp-json\/wp\/v2\/product_tag?post=707458"}],"curies":[{"name":"wp","href":"https:\/\/api.w.org\/{rel}","templated":true}]}}