{"id":707457,"date":"2025-08-27T16:06:03","date_gmt":"2025-08-27T13:06:03","guid":{"rendered":"https:\/\/roveyayinevi.com.tr\/index.php\/urun\/hayali-sermaye\/"},"modified":"2026-04-16T02:16:17","modified_gmt":"2026-04-15T23:16:17","slug":"hayali-sermaye","status":"publish","type":"product","link":"https:\/\/roveyayinevi.com.tr\/index.php\/urun\/hayali-sermaye\/","title":{"rendered":"Hayali Sermaye"},"content":{"rendered":"<p>\u00c7a\u011f\u0131m\u0131zda finans sekt\u00f6r\u00fcn\u00fcn i\u015flemleri d\u00fcnyan\u0131n ekonomik faaliyetlerinin \u00e7ok b\u00fcy\u00fck bir k\u0131sm\u0131n\u0131 olu\u015fturuyor. Ancak bu sekt\u00f6r\u00fcn birincil \u00fcr\u00fcn\u00fc ve arac\u0131 maddi de\u011fil, spek\u00fclatif. Finansal varl\u0131klar\u0131n neredeyse tamam\u0131 hayali, ama hayali olmalar\u0131 ger\u00e7ekd\u0131\u015f\u0131 olduklar\u0131 anlam\u0131na gelmiyor. Hayali finans varl\u0131klar\u0131 d\u00fcnyas\u0131 ile s\u00f6zde \u201cger\u00e7ek ekonomi\u201d aras\u0131na net bir \u00e7izgi \u00e7ekmek de art\u0131k o kadar kolay g\u00f6r\u00fcnm\u00fcyor. Yayg\u0131n bor\u00e7 i\u015fkencelerine, \u015firketlerin pi\u015fmanl\u0131k duymadan vurgunculuk yapmas\u0131na ve h\u00fck\u00fcmetlerin finans korsanl\u0131\u011f\u0131n\u0131 kolayla\u015ft\u0131ran akt\u00f6rlere d\u00f6n\u00fc\u015fmesine dayanan finansalla\u015fm\u0131\u015f sistem milyarlarca insan\u0131n ya\u015fam\u0131n\u0131 etkiliyor. Sonu\u00e7, sistemin sa\u011flad\u0131\u011f\u0131 yararlar\u0131n \u00e7o\u011funlukla en zengin y\u00fczde birin elinde topland\u0131\u011f\u0131, dramatik bedellerinse insanl\u0131\u011f\u0131n b\u00fcy\u00fck \u00e7o\u011funlu\u011fu taraf\u0131ndan \u00f6dendi\u011fi bir d\u00fcnya; e\u015fitsizlik, ekolojik \u00e7\u00f6k\u00fc\u015f, k\u00fcresel iklim de\u011fi\u015fikli\u011fi, g\u0131da krizi, k\u00fcreselle\u015fen eme\u011fin zorlu \u015fartlar\u0131, g\u00fcvencesiz \u00e7al\u0131\u015fma gibi acil ve tehlikeli sorunlar\u0131n g\u00f6lgesinde ge\u00e7en bir ya\u015fam. Finansalla\u015fmay\u0131 bir t\u00fcr \u201csorunlu\u201d \u00f6zg\u00fcrl\u00fck ve olanaklar alan\u0131 olarak \u015firin g\u00f6stermekle ilgilenmeyen Max Haiven, Hayali Sermaye\u2019de finans sekt\u00f6r\u00fcn\u00fcn g\u00fcndelik ya\u015fam\u0131 nas\u0131l etkiledi\u011fini, d\u00f6n\u00fc\u015ft\u00fcrd\u00fc\u011f\u00fcn\u00fc ve ona nas\u0131l bel ba\u011flad\u0131\u011f\u0131n\u0131 anlat\u0131yor. Belki de en korkutucu \u00f6zelli\u011finin geminin d\u00fcmeninde kimsenin bulunmamas\u0131 oldu\u011funu s\u00f6yledi\u011fi finansalla\u015fman\u0131n yank\u0131lar\u0131n\u0131 bankac\u0131l\u0131k, ki\u015fisel finans ve ekonomi s\u00f6ylemi d\u00fcnyas\u0131n\u0131n \u00f6tesinde ar\u0131yor ve finansalla\u015fman\u0131n vatanda\u015f, \u00f6zne, yarat\u0131c\u0131 akt\u00f6rler, ekonomi kat\u0131l\u0131mc\u0131lar\u0131 ve sosyal varl\u0131klar olarak kendimizi anlama \u015feklimizde d\u00f6n\u00fc\u015f\u00fcm yaratmas\u0131na odaklan\u0131yor.Max Haiven, New York University ve Nova Scotia College of Art and Design\u2019da finans\u0131n hayali boyutuna ili\u015fkin \u00e7al\u0131\u015fmalar y\u00fcr\u00fct\u00fcyor.<\/p>\n","protected":false},"excerpt":{"rendered":"<p>\u00c7a\u011f\u0131m\u0131zda finans sekt\u00f6r\u00fcn\u00fcn i\u015flemleri d\u00fcnyan\u0131n ekonomik faaliyetlerinin \u00e7ok b\u00fcy\u00fck bir k\u0131sm\u0131n\u0131 olu\u015fturuyor. Ancak bu sekt\u00f6r\u00fcn birincil \u00fcr\u00fcn\u00fc ve arac\u0131 maddi de\u011fil, spek\u00fclatif. Finansal varl\u0131klar\u0131n neredeyse tamam\u0131<span class=\"excerpt-hellip\"> [\u2026]<\/span><\/p>\n","protected":false},"featured_media":0,"template":"","meta":{"_monsterinsights_skip_tracking":false,"_monsterinsights_sitenote_active":false,"_monsterinsights_sitenote_note":"","_monsterinsights_sitenote_category":0},"product_brand":[],"product_cat":[13043,14381],"product_tag":[],"class_list":{"0":"post-707457","1":"product","2":"type-product","3":"status-publish","5":"product_cat-ekonomi","6":"product_cat-isletme-muhasebe-maliye","7":"pa_cilt-ciltsiz","8":"pa_tur-kitap","9":"pa_yayinevi-koc-universitesi-yayinlari","10":"pa_yazar-max-haiven","12":"first","13":"instock","14":"sale","15":"shipping-taxable","16":"purchasable","17":"product-type-simple"},"_links":{"self":[{"href":"https:\/\/roveyayinevi.com.tr\/index.php\/wp-json\/wp\/v2\/product\/707457","targetHints":{"allow":["GET"]}}],"collection":[{"href":"https:\/\/roveyayinevi.com.tr\/index.php\/wp-json\/wp\/v2\/product"}],"about":[{"href":"https:\/\/roveyayinevi.com.tr\/index.php\/wp-json\/wp\/v2\/types\/product"}],"wp:attachment":[{"href":"https:\/\/roveyayinevi.com.tr\/index.php\/wp-json\/wp\/v2\/media?parent=707457"}],"wp:term":[{"taxonomy":"product_brand","embeddable":true,"href":"https:\/\/roveyayinevi.com.tr\/index.php\/wp-json\/wp\/v2\/product_brand?post=707457"},{"taxonomy":"product_cat","embeddable":true,"href":"https:\/\/roveyayinevi.com.tr\/index.php\/wp-json\/wp\/v2\/product_cat?post=707457"},{"taxonomy":"product_tag","embeddable":true,"href":"https:\/\/roveyayinevi.com.tr\/index.php\/wp-json\/wp\/v2\/product_tag?post=707457"}],"curies":[{"name":"wp","href":"https:\/\/api.w.org\/{rel}","templated":true}]}}