{"id":707454,"date":"2025-08-27T16:06:01","date_gmt":"2025-08-27T13:06:01","guid":{"rendered":"https:\/\/roveyayinevi.com.tr\/index.php\/urun\/puruzlu-mukemmellik\/"},"modified":"2026-04-16T02:16:17","modified_gmt":"2026-04-15T23:16:17","slug":"puruzlu-mukemmellik","status":"publish","type":"product","link":"https:\/\/roveyayinevi.com.tr\/index.php\/urun\/puruzlu-mukemmellik\/","title":{"rendered":"P\u00fcr\u00fczl\u00fc M\u00fckemmellik"},"content":{"rendered":"<p>Friksiyon nedir? Fizikte, \u201cbir y\u00fczeyin ya da bir nesnenin, bir noktadan di\u011ferine hareket etti\u011fi s\u0131rada kar\u015f\u0131la\u015ft\u0131\u011f\u0131 diren\u00e7, s\u00fcrt\u00fcnme\u201d anlam\u0131na gelen friksiyonu, hareket etmemizi zorla\u015ft\u0131ran, engelleyen, erteleyen kuvvet olarak da tan\u0131mlayabiliriz. Kullan\u0131c\u0131 deneyimi ve dijital pazarlama uzman\u0131 Mehmet R. Do\u011fan ve finansal analiz alan\u0131nda uzman Yi\u011fit Ahmet Kurt, dijital hayatlar\u0131m\u0131zda tahamm\u00fcls\u00fczl\u00fck duygusuyla yan\u0131t verdi\u011fimiz \u201cfriksiyon\u201d olgusunu hem a\u00e7\u0131kl\u0131yor hem de bamba\u015fka bir g\u00f6zle bak\u0131yor. Friksiyonun ve h\u0131z t\u00fcmseklerinin, asl\u0131nda insanlar\u0131n do\u011fas\u0131na ait oldu\u011funu, hayatlar\u0131m\u0131z ve i\u015f ya\u015fant\u0131m\u0131z i\u00e7inde \u00f6nemli bir yer kaplad\u0131\u011f\u0131n\u0131 anlat\u0131yorlar.  Yazarlara g\u00f6re \u201cMaraton ko\u015fmak, Everest\u2019e t\u0131rmanmak veya bir konuda uzmanl\u0131k kazanmak gibi zorlu bir yolun sonundaki heyecan ve mutluluk, o yolculu\u011fun i\u00e7indeki p\u00fcr\u00fczler ve friksiyon sayesinde hissedilir. Sonucu de\u011ferli hale getiren de s\u00fcre\u00e7 i\u00e7indeki tahmin edilmeyen ekstra ad\u0131mlar, g\u00f6r\u00fcnmez engeller, bizlerin durup, d\u00fc\u015f\u00fcnmesini sa\u011flayan k\u00fc\u00e7\u00fck detaylard\u0131r\u2026 Ama\u00e7 t\u00fcm p\u00fcr\u00fczleri ortadan kald\u0131rmak de\u011fil\u2026 K\u00f6t\u00fc olanlar\u0131 yok edip, iyi olanlar\u0131 bile bile s\u00fcrece dahil etmek\u2026 Yani p\u00fcr\u00fczl\u00fc m\u00fckemmellik  yaratmakt\u0131r!\u201d Engelleri ve p\u00fcr\u00fczleri ak\u0131ll\u0131ca de\u011ferlendirerek; olas\u0131 sorunlar\u0131 \u00f6nlemek, kaliteli bir deneyim ve aktif t\u00fcketici grubu olu\u015fturmak, do\u011fru karar vermek ve verdirebilmek, d\u00fc\u015f\u00fcnce s\u00fcrecini ve inovasyonu h\u0131zland\u0131rmak, zaman ve ba\u015far\u0131 alg\u0131s\u0131n\u0131 de\u011fi\u015ftirmek ve nihayetinde h\u0131zl\u0131 ve \u00f6fkeli hayat\u0131m\u0131zda yava\u015flayarak h\u0131z kazanmak m\u00fcmk\u00fcn! <\/p>\n","protected":false},"excerpt":{"rendered":"<p>Friksiyon nedir? Fizikte, \u201cbir y\u00fczeyin ya da bir nesnenin, bir noktadan di\u011ferine hareket etti\u011fi s\u0131rada kar\u015f\u0131la\u015ft\u0131\u011f\u0131 diren\u00e7, s\u00fcrt\u00fcnme\u201d anlam\u0131na gelen friksiyonu, hareket etmemizi zorla\u015ft\u0131ran, engelleyen, erteleyen<span class=\"excerpt-hellip\"> [\u2026]<\/span><\/p>\n","protected":false},"featured_media":0,"template":"","meta":{"_monsterinsights_skip_tracking":false,"_monsterinsights_sitenote_active":false,"_monsterinsights_sitenote_note":"","_monsterinsights_sitenote_category":0},"product_brand":[],"product_cat":[13043,17647],"product_tag":[],"class_list":{"0":"post-707454","1":"product","2":"type-product","3":"status-publish","5":"product_cat-ekonomi","6":"product_cat-is-dunyasi","7":"pa_cilt-ciltsiz","8":"pa_tur-kitap","9":"pa_yayinevi-mediacat-kitaplari","10":"pa_yazar-mehmet-r-dogan-yigit-ahmet-kurt","12":"first","13":"instock","14":"sale","15":"shipping-taxable","16":"purchasable","17":"product-type-simple"},"_links":{"self":[{"href":"https:\/\/roveyayinevi.com.tr\/index.php\/wp-json\/wp\/v2\/product\/707454","targetHints":{"allow":["GET"]}}],"collection":[{"href":"https:\/\/roveyayinevi.com.tr\/index.php\/wp-json\/wp\/v2\/product"}],"about":[{"href":"https:\/\/roveyayinevi.com.tr\/index.php\/wp-json\/wp\/v2\/types\/product"}],"wp:attachment":[{"href":"https:\/\/roveyayinevi.com.tr\/index.php\/wp-json\/wp\/v2\/media?parent=707454"}],"wp:term":[{"taxonomy":"product_brand","embeddable":true,"href":"https:\/\/roveyayinevi.com.tr\/index.php\/wp-json\/wp\/v2\/product_brand?post=707454"},{"taxonomy":"product_cat","embeddable":true,"href":"https:\/\/roveyayinevi.com.tr\/index.php\/wp-json\/wp\/v2\/product_cat?post=707454"},{"taxonomy":"product_tag","embeddable":true,"href":"https:\/\/roveyayinevi.com.tr\/index.php\/wp-json\/wp\/v2\/product_tag?post=707454"}],"curies":[{"name":"wp","href":"https:\/\/api.w.org\/{rel}","templated":true}]}}