{"id":707452,"date":"2025-08-27T16:06:00","date_gmt":"2025-08-27T13:06:00","guid":{"rendered":"https:\/\/roveyayinevi.com.tr\/index.php\/urun\/asar-i-atika\/"},"modified":"2026-04-16T02:16:16","modified_gmt":"2026-04-15T23:16:16","slug":"asar-i-atika","status":"publish","type":"product","link":"https:\/\/roveyayinevi.com.tr\/index.php\/urun\/asar-i-atika\/","title":{"rendered":"Asar-\u0131 Atika"},"content":{"rendered":"<p>Eski eserlerin sahibi kimdir? G\u00fcn\u00fcm\u00fczde uluslararas\u0131 anla\u015fmazl\u0131klarda canl\u0131 bir yer tutan bu al\u0131\u015f\u0131lm\u0131\u015f sorudan yola \u00e7\u0131kan Asar-\u0131 Atika, eski eserler \u00fczerinden ge\u00e7mi\u015fi sahiplenme olgusunu siyasi ve k\u00fclt\u00fcrel boyutlar\u0131yla ele al\u0131yor. Arkeolojinin akademik bir disiplin haline geldi\u011fi 19. y\u00fczy\u0131l sonu ve 20. y\u00fczy\u0131l ba\u015f\u0131nda, arkeoloji ve ulus kurma pratikleri aras\u0131ndaki ili\u015fkiye disiplinleraras\u0131 bir bak\u0131\u015f a\u00e7\u0131s\u0131yla yakla\u015f\u0131yor. H\u00fck\u00fcmetlerin, m\u00fczelerin, arkeologlar\u0131n ve kaz\u0131 i\u015f\u00e7ilerinin eski eserler \u00fczerindeki hak iddialar\u0131n\u0131 inceleyerek arkeolojinin k\u00fclt\u00fcrleraras\u0131 ili\u015fkiler ve iktidar m\u00fccadelelerinde oynad\u0131\u011f\u0131 rol\u00fc ortaya koyuyor. Zeynep \u00c7elik, Osmanl\u0131 \u0130mparatorlu\u011fu s\u0131n\u0131rlar\u0131 i\u00e7indeki eski eserlere dair uluslararas\u0131 s\u00f6ylemi a\u00e7\u0131\u011fa \u00e7\u0131kar\u0131rken, Avrupa m\u00fczelerine nazaran yeni olu\u015fan iki m\u00fczenin kurulu\u015f ve b\u00fcy\u00fcme s\u00fcre\u00e7lerini de kar\u015f\u0131la\u015ft\u0131r\u0131yor: \u0130stanbul\u2019daki M\u00fcze-i H\u00fcmayun ve New York\u2019taki Metropolitan Museum of Art. \u00c7al\u0131\u015fmas\u0131nda kurumlar\u0131n \u00f6tesine uzanarak Bat\u0131l\u0131lar, Osmanl\u0131 memurlar\u0131 ve i\u015f\u00e7iler aras\u0131ndaki etkile\u015fimi \u00e7\u00f6z\u00fcmleyen \u00c7elik, kaz\u0131 i\u015f\u00e7ilerinin sesi gibi arkeoloji tarihinde geri planda kalm\u0131\u015f bak\u0131\u015f a\u00e7\u0131lar\u0131n\u0131 da g\u00fcndeme getiriyor.<\/p>\n","protected":false},"excerpt":{"rendered":"<p>Eski eserlerin sahibi kimdir? G\u00fcn\u00fcm\u00fczde uluslararas\u0131 anla\u015fmazl\u0131klarda canl\u0131 bir yer tutan bu al\u0131\u015f\u0131lm\u0131\u015f sorudan yola \u00e7\u0131kan Asar-\u0131 Atika, eski eserler \u00fczerinden ge\u00e7mi\u015fi sahiplenme olgusunu siyasi ve<span class=\"excerpt-hellip\"> [\u2026]<\/span><\/p>\n","protected":false},"featured_media":0,"template":"","meta":{"_monsterinsights_skip_tracking":false,"_monsterinsights_sitenote_active":false,"_monsterinsights_sitenote_note":"","_monsterinsights_sitenote_category":0},"product_brand":[],"product_cat":[12312,12304],"product_tag":[],"class_list":{"0":"post-707452","1":"product","2":"type-product","3":"status-publish","5":"product_cat-diger","6":"product_cat-tarih","7":"pa_cilt-ciltsiz","8":"pa_tur-kitap","9":"pa_yayinevi-koc-universitesi-yayinlari","10":"pa_yazar-zeynep-celik","12":"first","13":"instock","14":"sale","15":"shipping-taxable","16":"purchasable","17":"product-type-simple"},"_links":{"self":[{"href":"https:\/\/roveyayinevi.com.tr\/index.php\/wp-json\/wp\/v2\/product\/707452","targetHints":{"allow":["GET"]}}],"collection":[{"href":"https:\/\/roveyayinevi.com.tr\/index.php\/wp-json\/wp\/v2\/product"}],"about":[{"href":"https:\/\/roveyayinevi.com.tr\/index.php\/wp-json\/wp\/v2\/types\/product"}],"wp:attachment":[{"href":"https:\/\/roveyayinevi.com.tr\/index.php\/wp-json\/wp\/v2\/media?parent=707452"}],"wp:term":[{"taxonomy":"product_brand","embeddable":true,"href":"https:\/\/roveyayinevi.com.tr\/index.php\/wp-json\/wp\/v2\/product_brand?post=707452"},{"taxonomy":"product_cat","embeddable":true,"href":"https:\/\/roveyayinevi.com.tr\/index.php\/wp-json\/wp\/v2\/product_cat?post=707452"},{"taxonomy":"product_tag","embeddable":true,"href":"https:\/\/roveyayinevi.com.tr\/index.php\/wp-json\/wp\/v2\/product_tag?post=707452"}],"curies":[{"name":"wp","href":"https:\/\/api.w.org\/{rel}","templated":true}]}}