{"id":707450,"date":"2025-08-27T16:05:59","date_gmt":"2025-08-27T13:05:59","guid":{"rendered":"https:\/\/roveyayinevi.com.tr\/index.php\/urun\/larousse-ingilizce-ilk-1000-hayvan\/"},"modified":"2026-04-16T02:16:16","modified_gmt":"2026-04-15T23:16:16","slug":"larousse-ingilizce-ilk-1000-hayvan","status":"publish","type":"product","link":"https:\/\/roveyayinevi.com.tr\/index.php\/urun\/larousse-ingilizce-ilk-1000-hayvan\/","title":{"rendered":"Larousse \u0130ngilizce \u0130lk 1000 Hayvan"},"content":{"rendered":"<p>Larousse \u0130ngilizce \u0130lk 1000 Hayvan, \u0130ngilizce \u00f6\u011frenmek isteyen herkesin en b\u00fcy\u00fck deste\u011fi olacak. Bu kitap sayesinde sadece hayvanlar\u0131n \u0130ngilizce isimlerini de\u011fil, ayn\u0131 zamanda bu hayvanlar\u0131n ya\u015fad\u0131klar\u0131 do\u011fal ortamlarla ilgili temel kelimeleri de \u00f6\u011frenmi\u015f olacaks\u0131n\u0131z.Larousse Kelime \u00d6\u011freten Kitaplar dizisinde yer alan kitaplar, b\u00fcy\u00fck k\u00fc\u00e7\u00fck herkesin dil \u00f6\u011frenimini kolayla\u015ft\u0131rmak amac\u0131yla haz\u0131rlanm\u0131\u015ft\u0131r.<\/p>\n","protected":false},"excerpt":{"rendered":"<p>Larousse \u0130ngilizce \u0130lk 1000 Hayvan, \u0130ngilizce \u00f6\u011frenmek isteyen herkesin en b\u00fcy\u00fck deste\u011fi olacak. Bu kitap sayesinde sadece hayvanlar\u0131n \u0130ngilizce isimlerini de\u011fil, ayn\u0131 zamanda bu hayvanlar\u0131n ya\u015fad\u0131klar\u0131<span class=\"excerpt-hellip\"> [\u2026]<\/span><\/p>\n","protected":false},"featured_media":0,"template":"","meta":{"_monsterinsights_skip_tracking":false,"_monsterinsights_sitenote_active":false,"_monsterinsights_sitenote_note":"","_monsterinsights_sitenote_category":0},"product_brand":[],"product_cat":[12274,15842],"product_tag":[],"class_list":{"0":"post-707450","1":"product","2":"type-product","3":"status-publish","5":"product_cat-cocuk-ve-genclik-kitaplari","6":"product_cat-egitici-kitaplar","7":"pa_cilt-ciltsiz","8":"pa_tur-kitap","9":"pa_yayinevi-mavi-kelebek-yayinlari","10":"pa_yazar-agnes-besson","12":"first","13":"instock","14":"sale","15":"shipping-taxable","16":"purchasable","17":"product-type-simple"},"_links":{"self":[{"href":"https:\/\/roveyayinevi.com.tr\/index.php\/wp-json\/wp\/v2\/product\/707450","targetHints":{"allow":["GET"]}}],"collection":[{"href":"https:\/\/roveyayinevi.com.tr\/index.php\/wp-json\/wp\/v2\/product"}],"about":[{"href":"https:\/\/roveyayinevi.com.tr\/index.php\/wp-json\/wp\/v2\/types\/product"}],"wp:attachment":[{"href":"https:\/\/roveyayinevi.com.tr\/index.php\/wp-json\/wp\/v2\/media?parent=707450"}],"wp:term":[{"taxonomy":"product_brand","embeddable":true,"href":"https:\/\/roveyayinevi.com.tr\/index.php\/wp-json\/wp\/v2\/product_brand?post=707450"},{"taxonomy":"product_cat","embeddable":true,"href":"https:\/\/roveyayinevi.com.tr\/index.php\/wp-json\/wp\/v2\/product_cat?post=707450"},{"taxonomy":"product_tag","embeddable":true,"href":"https:\/\/roveyayinevi.com.tr\/index.php\/wp-json\/wp\/v2\/product_tag?post=707450"}],"curies":[{"name":"wp","href":"https:\/\/api.w.org\/{rel}","templated":true}]}}