{"id":707442,"date":"2025-08-27T16:05:56","date_gmt":"2025-08-27T13:05:56","guid":{"rendered":"https:\/\/roveyayinevi.com.tr\/index.php\/urun\/kurt-golu\/"},"modified":"2026-04-16T02:16:16","modified_gmt":"2026-04-15T23:16:16","slug":"kurt-golu","status":"publish","type":"product","link":"https:\/\/roveyayinevi.com.tr\/index.php\/urun\/kurt-golu\/","title":{"rendered":"Kurt G\u00f6l\u00fc"},"content":{"rendered":"<p>G\u00f6rd\u00fc\u011f\u00fcn\u00fcz bir kabus, cinayet silah\u0131 olarak kullan\u0131labilir mi?\u00dclkenin farkl\u0131 yerlerinde ya\u015fayan d\u00f6rt ki\u015finin tek ortak noktas\u0131; ayn\u0131 r\u00fcyay\u0131 g\u00f6rd\u00fcklerini ve bu r\u00fcyada kurt ba\u015fl\u0131 bir han\u00e7erle \u00f6ld\u00fcr\u00fcld\u00fcklerini s\u00f6ylemi\u015f olmalar\u0131d\u0131r. D\u00f6rd\u00fc de bu ifadelerinden hemen sonra, bilekleri kesilmi\u015f halde bulunur ve yan\u0131 ba\u015flar\u0131nda hepsini \u00f6l\u00fcme g\u00f6t\u00fcren kurt ba\u015fl\u0131 bir han\u00e7er duruyordur. Onlar\u0131 intihara g\u00f6t\u00fcren bu kabuslar m\u0131yd\u0131?Bir anda t\u00fcm dikkatler, \u00fcrk\u00fct\u00fcc\u00fc atmosfere sahip Kurt G\u00f6l\u00fc diye bilinen yerde, hipnoz terapileri yapan Psikolog Richard Hammond\u2019a y\u00f6nelir. Her bir kurban \u00f6lmeden k\u0131sa bir s\u00fcre \u00f6nce Hammond ile Kurt G\u00f6l\u00fc\u2019nde hipnoz terapisi g\u00f6rm\u00fc\u015ft\u00fcr.Kurt G\u00f6l\u00fc\u2019n\u00fcn \u015feytani esrarengizli\u011finde en az onu tuza\u011fa d\u00fc\u015f\u00fcren kar f\u0131rt\u0131nas\u0131 kadar ac\u0131mas\u0131z olan d\u00fc\u015fmanlar\u0131, ne pahas\u0131na olursa olsun Gurney\u2019i ger\u00e7eklerden uzak tutmaya kararl\u0131d\u0131rlar. Duygusal a\u00e7\u0131dan k\u0131r\u0131lma noktas\u0131na gelen Gurney, \u015fimdiye kadarki en korkun\u00e7 d\u00fc\u015fman\u0131 ile kendini \u00f6l\u00fcmc\u00fcl bir oyunun i\u00e7inde bulur.<\/p>\n","protected":false},"excerpt":{"rendered":"<p>G\u00f6rd\u00fc\u011f\u00fcn\u00fcz bir kabus, cinayet silah\u0131 olarak kullan\u0131labilir mi?\u00dclkenin farkl\u0131 yerlerinde ya\u015fayan d\u00f6rt ki\u015finin tek ortak noktas\u0131; ayn\u0131 r\u00fcyay\u0131 g\u00f6rd\u00fcklerini ve bu r\u00fcyada kurt ba\u015fl\u0131 bir han\u00e7erle<span class=\"excerpt-hellip\"> [\u2026]<\/span><\/p>\n","protected":false},"featured_media":0,"template":"","meta":{"_monsterinsights_skip_tracking":false,"_monsterinsights_sitenote_active":false,"_monsterinsights_sitenote_note":"","_monsterinsights_sitenote_category":0},"product_brand":[],"product_cat":[12291,12711],"product_tag":[],"class_list":{"0":"post-707442","1":"product","2":"type-product","3":"status-publish","5":"product_cat-edebiyat","6":"product_cat-roman-oyku","7":"pa_cilt-ciltsiz","8":"pa_tur-kitap","9":"pa_yayinevi-koridor-yayincilik","10":"pa_yazar-john-verdon","12":"first","13":"instock","14":"sale","15":"shipping-taxable","16":"purchasable","17":"product-type-simple"},"_links":{"self":[{"href":"https:\/\/roveyayinevi.com.tr\/index.php\/wp-json\/wp\/v2\/product\/707442","targetHints":{"allow":["GET"]}}],"collection":[{"href":"https:\/\/roveyayinevi.com.tr\/index.php\/wp-json\/wp\/v2\/product"}],"about":[{"href":"https:\/\/roveyayinevi.com.tr\/index.php\/wp-json\/wp\/v2\/types\/product"}],"wp:attachment":[{"href":"https:\/\/roveyayinevi.com.tr\/index.php\/wp-json\/wp\/v2\/media?parent=707442"}],"wp:term":[{"taxonomy":"product_brand","embeddable":true,"href":"https:\/\/roveyayinevi.com.tr\/index.php\/wp-json\/wp\/v2\/product_brand?post=707442"},{"taxonomy":"product_cat","embeddable":true,"href":"https:\/\/roveyayinevi.com.tr\/index.php\/wp-json\/wp\/v2\/product_cat?post=707442"},{"taxonomy":"product_tag","embeddable":true,"href":"https:\/\/roveyayinevi.com.tr\/index.php\/wp-json\/wp\/v2\/product_tag?post=707442"}],"curies":[{"name":"wp","href":"https:\/\/api.w.org\/{rel}","templated":true}]}}