{"id":707441,"date":"2025-08-27T16:05:55","date_gmt":"2025-08-27T13:05:55","guid":{"rendered":"https:\/\/roveyayinevi.com.tr\/index.php\/urun\/cingene-2\/"},"modified":"2026-04-16T02:16:16","modified_gmt":"2026-04-15T23:16:16","slug":"cingene-2","status":"publish","type":"product","link":"https:\/\/roveyayinevi.com.tr\/index.php\/urun\/cingene-2\/","title":{"rendered":"\u00c7ingene"},"content":{"rendered":"<p>Bir ulusun toplumsal haf\u0131zas\u0131 nas\u0131l \u015fekillenir, toplumdaki \u00e7oklu kimlikler nas\u0131l in\u015fa edilir, toplumsal kategorilerin d\u00f6n\u00fc\u015ft\u00fcr\u00fclmesi nas\u0131l ger\u00e7ekle\u015fir? T\u00fcrkiye\u2019deki \u00c7ingenelere kars\u0131 uygulanan d\u0131\u015flay\u0131c\u0131 \u015fiddet \u00fczerinden bu sorular\u0131n cevaplar\u0131n\u0131 arayan G\u00fcl \u00d6zate\u015fler, 1970 y\u0131l\u0131nda \u00c7anakkale\u2019nin Bayrami\u00e7 kasabas\u0131nda ya\u015fanan ve \u00c7ingenelerin zorla yerinden edilmelerine uzanan olaylar\u0131 mercek alt\u0131na al\u0131yor. \u00d6zate\u015fler, k\u00fc\u00e7\u00fck bir kasabadan \u00fclkenin b\u00fct\u00fcn\u00fcne uzanan bir analiz \u00e7er\u00e7evesinde, T\u00fcrkiye\u2019nin sosyoekonomik yap\u0131s\u0131n\u0131n, \u00c7ingenelik kategorisinin in\u015fas\u0131n\u0131n, milliyet\u00e7ili\u011fin, etnik ve dinsel kimliklerin yeniden \u00fcretiminin de izlerini s\u00fcr\u00fcyor.\u00c7al\u0131\u015fmada kullan\u0131lan s\u00f6zl\u00fc\u0308 tarih y\u00f6ntemi, olay\u0131 failler, kurbanlar ve yetkililerin bak\u0131\u015f a\u00e7\u0131s\u0131ndan g\u00f6rmemizi sa\u011flayan, g\u00fcndelik olan\u0131n ard\u0131ndaki tarihsel yap\u0131y\u0131 ortaya \u00e7\u0131karan bir perspektif sunuyor.G\u00fcl \u00d6zate\u015fler, Dokuz Eyl\u00fcl \u00dcniversitesi Sosyoloji B\u00f6l\u00fcm\u00fc\u2019nde \u00f6\u011fretim \u00fcyesi.<\/p>\n","protected":false},"excerpt":{"rendered":"<p>Bir ulusun toplumsal haf\u0131zas\u0131 nas\u0131l \u015fekillenir, toplumdaki \u00e7oklu kimlikler nas\u0131l in\u015fa edilir, toplumsal kategorilerin d\u00f6n\u00fc\u015ft\u00fcr\u00fclmesi nas\u0131l ger\u00e7ekle\u015fir? T\u00fcrkiye\u2019deki \u00c7ingenelere kars\u0131 uygulanan d\u0131\u015flay\u0131c\u0131 \u015fiddet \u00fczerinden bu sorular\u0131n<span class=\"excerpt-hellip\"> [\u2026]<\/span><\/p>\n","protected":false},"featured_media":0,"template":"","meta":{"_monsterinsights_skip_tracking":false,"_monsterinsights_sitenote_active":false,"_monsterinsights_sitenote_note":"","_monsterinsights_sitenote_category":0},"product_brand":[],"product_cat":[12388,15536],"product_tag":[],"class_list":{"0":"post-707441","1":"product","2":"type-product","3":"status-publish","5":"product_cat-felsefe","6":"product_cat-siyaset-felsefesi","7":"pa_cilt-ciltsiz","8":"pa_tur-kitap","9":"pa_yayinevi-koc-universitesi-yayinlari","10":"pa_yazar-kolektif","12":"first","13":"instock","14":"sale","15":"shipping-taxable","16":"purchasable","17":"product-type-simple"},"_links":{"self":[{"href":"https:\/\/roveyayinevi.com.tr\/index.php\/wp-json\/wp\/v2\/product\/707441","targetHints":{"allow":["GET"]}}],"collection":[{"href":"https:\/\/roveyayinevi.com.tr\/index.php\/wp-json\/wp\/v2\/product"}],"about":[{"href":"https:\/\/roveyayinevi.com.tr\/index.php\/wp-json\/wp\/v2\/types\/product"}],"wp:attachment":[{"href":"https:\/\/roveyayinevi.com.tr\/index.php\/wp-json\/wp\/v2\/media?parent=707441"}],"wp:term":[{"taxonomy":"product_brand","embeddable":true,"href":"https:\/\/roveyayinevi.com.tr\/index.php\/wp-json\/wp\/v2\/product_brand?post=707441"},{"taxonomy":"product_cat","embeddable":true,"href":"https:\/\/roveyayinevi.com.tr\/index.php\/wp-json\/wp\/v2\/product_cat?post=707441"},{"taxonomy":"product_tag","embeddable":true,"href":"https:\/\/roveyayinevi.com.tr\/index.php\/wp-json\/wp\/v2\/product_tag?post=707441"}],"curies":[{"name":"wp","href":"https:\/\/api.w.org\/{rel}","templated":true}]}}