{"id":707440,"date":"2025-08-27T16:05:55","date_gmt":"2025-08-27T13:05:55","guid":{"rendered":"https:\/\/roveyayinevi.com.tr\/index.php\/urun\/insan-haklari-insan-haysiyeti-ve-kozmopolit-idealler\/"},"modified":"2026-04-16T02:16:16","modified_gmt":"2026-04-15T23:16:16","slug":"insan-haklari-insan-haysiyeti-ve-kozmopolit-idealler","status":"publish","type":"product","link":"https:\/\/roveyayinevi.com.tr\/index.php\/urun\/insan-haklari-insan-haysiyeti-ve-kozmopolit-idealler\/","title":{"rendered":"\u0130nsan Haklar\u0131 \u0130nsan Haysiyeti ve Kozmopolit \u0130dealler"},"content":{"rendered":"<p>Bu derleme felsefe, hukuk, siyaset kuram\u0131, sosyoloji ve uluslararas\u0131 ili\u015fkiler alanlar\u0131ndaki son tart\u0131\u015fmalardan beslenen, \u201cEle\u015ftirel \u0130nsan Haklar\u0131 Kuram\u0131\u201d olarak adland\u0131r\u0131labilecek yeni bir alan\u0131n tarif edilip olu\u015fturulmas\u0131na katk\u0131 sa\u011fl\u0131yor.Kitap boyunca \u00fc\u00e7\u0327 temel ama\u00e7\u0327 g\u00f6zetiliyor: \u0130nsan haklar\u0131na bak\u0131\u015f\u0131m\u0131z\u0131 \u015fekillendiren modern felsefi kuramlar\u0131 yeniden in\u015fa etmek, insanl\u0131\u011f\u0131n ve insan haysiyetinin \u00f6nemini vurgulayarak liberal haklara b\u00fct\u00fcnsel bir boyut kazand\u0131rmak ve bu konular\u0131 kozmopolitlik hakk\u0131ndaki g\u00fcncel tart\u0131\u015fmalara do\u011frudan entegre etmek.21. y\u00fczy\u0131lda ortaya \u00e7\u0131km\u0131\u015f\u0327 k\u00fcresel sorunlar\u0131 ele alan yazarlar, bu sorunlar\u0131n, uluslararas\u0131 kuram\u0131n geleneksel kavramlar\u0131na dahil edilmemi\u015f\u0327 \u00f6zneleri (g\u00f6\u00e7menleri, turistleri, ter\u00f6ristleri, s\u0131\u011f\u0131nmac\u0131lar\u0131 ve uluslararas\u0131 ve k\u00fcresel surecilere kat\u0131lan di\u011fer bireyleri) de i\u00e7erebilecek yeni bir \u00e7er\u00e7eveyle ele al\u0131nmas\u0131n\u0131 \u00f6neriyorlar.Matthias Lutz-Bachmann, Frankfurt U\u0308niversitesi\u2019nde \u0130nsan Bilimleri Ba\u015fkan Yard\u0131mc\u0131s\u0131.Amos Nascimento, Washington U\u0308niversitesi\u2019nde Ele\u015ftirel Kuram, Avrupa ve Latin Amerika\u2019da k\u00fclt\u00fcr ve felsefe ara\u015ft\u0131rmalar\u0131n\u0131 s\u00fcrd\u00fcr\u00fcyor.<\/p>\n","protected":false},"excerpt":{"rendered":"<p>Bu derleme felsefe, hukuk, siyaset kuram\u0131, sosyoloji ve uluslararas\u0131 ili\u015fkiler alanlar\u0131ndaki son tart\u0131\u015fmalardan beslenen, \u201cEle\u015ftirel \u0130nsan Haklar\u0131 Kuram\u0131\u201d olarak adland\u0131r\u0131labilecek yeni bir alan\u0131n tarif edilip olu\u015fturulmas\u0131na<span class=\"excerpt-hellip\"> [\u2026]<\/span><\/p>\n","protected":false},"featured_media":0,"template":"","meta":{"_monsterinsights_skip_tracking":false,"_monsterinsights_sitenote_active":false,"_monsterinsights_sitenote_note":"","_monsterinsights_sitenote_category":0},"product_brand":[],"product_cat":[12388,15536],"product_tag":[],"class_list":{"0":"post-707440","1":"product","2":"type-product","3":"status-publish","5":"product_cat-felsefe","6":"product_cat-siyaset-felsefesi","7":"pa_cilt-ciltsiz","8":"pa_tur-kitap","9":"pa_yayinevi-koc-universitesi-yayinlari","10":"pa_yazar-kolektif","12":"first","13":"instock","14":"sale","15":"shipping-taxable","16":"purchasable","17":"product-type-simple"},"_links":{"self":[{"href":"https:\/\/roveyayinevi.com.tr\/index.php\/wp-json\/wp\/v2\/product\/707440","targetHints":{"allow":["GET"]}}],"collection":[{"href":"https:\/\/roveyayinevi.com.tr\/index.php\/wp-json\/wp\/v2\/product"}],"about":[{"href":"https:\/\/roveyayinevi.com.tr\/index.php\/wp-json\/wp\/v2\/types\/product"}],"wp:attachment":[{"href":"https:\/\/roveyayinevi.com.tr\/index.php\/wp-json\/wp\/v2\/media?parent=707440"}],"wp:term":[{"taxonomy":"product_brand","embeddable":true,"href":"https:\/\/roveyayinevi.com.tr\/index.php\/wp-json\/wp\/v2\/product_brand?post=707440"},{"taxonomy":"product_cat","embeddable":true,"href":"https:\/\/roveyayinevi.com.tr\/index.php\/wp-json\/wp\/v2\/product_cat?post=707440"},{"taxonomy":"product_tag","embeddable":true,"href":"https:\/\/roveyayinevi.com.tr\/index.php\/wp-json\/wp\/v2\/product_tag?post=707440"}],"curies":[{"name":"wp","href":"https:\/\/api.w.org\/{rel}","templated":true}]}}