{"id":707438,"date":"2025-08-27T16:05:54","date_gmt":"2025-08-27T13:05:54","guid":{"rendered":"https:\/\/roveyayinevi.com.tr\/index.php\/urun\/dinozorlar-2\/"},"modified":"2026-04-16T02:16:16","modified_gmt":"2026-04-15T23:16:16","slug":"dinozorlar-2","status":"publish","type":"product","link":"https:\/\/roveyayinevi.com.tr\/index.php\/urun\/dinozorlar-2\/","title":{"rendered":"Dinozorlar"},"content":{"rendered":"<p>\u0130lk Kitab\u0131m Serisi, merak etti\u011finiz konular\u0131 ara\u015ft\u0131rman\u0131za yard\u0131mc\u0131 oluyor ve en temel bilgileri edinmenizi sa\u011fl\u0131yor. Foto\u011fraf, \u00e7izim ve haritalarla desteklenerek anlat\u0131lan konular\u0131 daha iyi anlayacak, bilgi edinmenin keyifli bir u\u011fra\u015f oldu\u011funu g\u00f6receksiniz.Collins \u0130lk Kitab\u0131m Dinozorlar, dinozorlar hakk\u0131nda en temel bilgileri edinmenizi ama\u00e7l\u0131yor.<\/p>\n","protected":false},"excerpt":{"rendered":"<p>\u0130lk Kitab\u0131m Serisi, merak etti\u011finiz konular\u0131 ara\u015ft\u0131rman\u0131za yard\u0131mc\u0131 oluyor ve en temel bilgileri edinmenizi sa\u011fl\u0131yor. Foto\u011fraf, \u00e7izim ve haritalarla desteklenerek anlat\u0131lan konular\u0131 daha iyi anlayacak, bilgi<span class=\"excerpt-hellip\"> [\u2026]<\/span><\/p>\n","protected":false},"featured_media":0,"template":"","meta":{"_monsterinsights_skip_tracking":false,"_monsterinsights_sitenote_active":false,"_monsterinsights_sitenote_note":"","_monsterinsights_sitenote_category":0},"product_brand":[],"product_cat":[13829,12274],"product_tag":[],"class_list":{"0":"post-707438","1":"product","2":"type-product","3":"status-publish","5":"product_cat-bilimsel-kitaplar","6":"product_cat-cocuk-ve-genclik-kitaplari","7":"pa_cilt-ciltsiz","8":"pa_tur-kitap","9":"pa_yayinevi-mavi-kelebek-yayinlari","10":"pa_yazar-kolektif","12":"first","13":"instock","14":"sale","15":"shipping-taxable","16":"purchasable","17":"product-type-simple"},"_links":{"self":[{"href":"https:\/\/roveyayinevi.com.tr\/index.php\/wp-json\/wp\/v2\/product\/707438","targetHints":{"allow":["GET"]}}],"collection":[{"href":"https:\/\/roveyayinevi.com.tr\/index.php\/wp-json\/wp\/v2\/product"}],"about":[{"href":"https:\/\/roveyayinevi.com.tr\/index.php\/wp-json\/wp\/v2\/types\/product"}],"wp:attachment":[{"href":"https:\/\/roveyayinevi.com.tr\/index.php\/wp-json\/wp\/v2\/media?parent=707438"}],"wp:term":[{"taxonomy":"product_brand","embeddable":true,"href":"https:\/\/roveyayinevi.com.tr\/index.php\/wp-json\/wp\/v2\/product_brand?post=707438"},{"taxonomy":"product_cat","embeddable":true,"href":"https:\/\/roveyayinevi.com.tr\/index.php\/wp-json\/wp\/v2\/product_cat?post=707438"},{"taxonomy":"product_tag","embeddable":true,"href":"https:\/\/roveyayinevi.com.tr\/index.php\/wp-json\/wp\/v2\/product_tag?post=707438"}],"curies":[{"name":"wp","href":"https:\/\/api.w.org\/{rel}","templated":true}]}}