{"id":707437,"date":"2025-08-27T16:05:53","date_gmt":"2025-08-27T13:05:53","guid":{"rendered":"https:\/\/roveyayinevi.com.tr\/index.php\/urun\/beynimizle-ne-yapmaliyiz\/"},"modified":"2026-04-14T02:20:50","modified_gmt":"2026-04-13T23:20:50","slug":"beynimizle-ne-yapmaliyiz","status":"publish","type":"product","link":"https:\/\/roveyayinevi.com.tr\/index.php\/urun\/beynimizle-ne-yapmaliyiz\/","title":{"rendered":"Beynimizle Ne Yapmal\u0131y\u0131z?"},"content":{"rendered":"<p>Bug\u00fcn bir\u00e7ok d\u00fc\u015f\u00fcn\u00fcr, \u00e7\u00f6z\u00fclmeyi bekleyen en b\u00fcy\u00fck gizemin beyin ve i\u015fleyi\u015fi oldu\u011fu konusunda hemfikir. Genetik bir belirlenime sahip olsa da i\u00e7erdi\u011fi sinaptik organizasyonu sayesinde beyin, d\u00fcnyan\u0131n de\u011fi\u015fen durumlar\u0131na kar\u015f\u0131l\u0131k gelecek \u015fekilde kendi yap\u0131 ve i\u015fleyi\u015fini d\u00f6n\u00fc\u015ft\u00fcrebilen plastik bir karakter ta\u015f\u0131r. Malabou, k\u00fc\u00e7\u00fck hacmine ra\u011fmen zengin bir i\u00e7eri\u011fe sahip olan Beynimizle Ne Yapmal\u0131y\u0131z? adl\u0131 bu eserde, plastikiyet kavram\u0131n\u0131 temel alarak n\u00f6robilimsel \u00e7al\u0131\u015fmalar\u0131n Hegelci bir okumas\u0131n\u0131 yap\u0131yor. B\u00f6ylece beynin i\u015fleyi\u015fi hakk\u0131ndaki g\u00f6r\u00fc\u015fler ile devrin y\u00f6netim ve denetim anlay\u0131\u015flar\u0131 aras\u0131nda ufuk a\u00e7\u0131c\u0131 g\u00fc\u00e7l\u00fc ba\u011flant\u0131lar kuruyor. Felsefe, n\u00f6robilim, psikanaliz ve siyaset bilimi gibi birbirinden farkl\u0131 disiplinleri harmanlayan bir bak\u0131\u015f a\u00e7\u0131s\u0131yla kaleme al\u0131nan kitap, beyne dair s\u00f6ylem ya da modellerin ya\u015fan\u0131lan devrin sosyal, siyasal ve ekonomik yap\u0131lar\u0131yla nas\u0131l s\u0131k\u0131 bir ili\u015fkiye sahip oldu\u011funu g\u00f6zler \u00f6n\u00fcne seriyor. Yazar\u0131n kendi ifadesiyle, felsefeyi i\u00e7inde bulundu\u011fu sorumsuz uyu\u015fukluktan kurtarma \u00e7abas\u0131 olarak da okunabilecek bu kitap, yeni sinaptik ba\u011flant\u0131lar kuraca\u011f\u0131 beyinleri bekliyor! \ufffcTan\u0131t\u0131m Metni<\/p>\n","protected":false},"excerpt":{"rendered":"<p>Bug\u00fcn bir\u00e7ok d\u00fc\u015f\u00fcn\u00fcr, \u00e7\u00f6z\u00fclmeyi bekleyen en b\u00fcy\u00fck gizemin beyin ve i\u015fleyi\u015fi oldu\u011fu konusunda hemfikir. Genetik bir belirlenime sahip olsa da i\u00e7erdi\u011fi sinaptik organizasyonu sayesinde beyin, d\u00fcnyan\u0131n<span class=\"excerpt-hellip\"> [\u2026]<\/span><\/p>\n","protected":false},"featured_media":0,"template":"","meta":{"_monsterinsights_skip_tracking":false,"_monsterinsights_sitenote_active":false,"_monsterinsights_sitenote_note":"","_monsterinsights_sitenote_category":0},"product_brand":[],"product_cat":[12567,12566],"product_tag":[],"class_list":{"0":"post-707437","1":"product","2":"type-product","3":"status-publish","5":"product_cat-diger-egitim","6":"product_cat-egitim","7":"pa_cilt-ciltsiz","8":"pa_tur-kitap","9":"pa_yayinevi-kure-yayinlari","10":"pa_yazar-catherine-malabou","12":"first","13":"instock","14":"sale","15":"shipping-taxable","16":"purchasable","17":"product-type-simple"},"_links":{"self":[{"href":"https:\/\/roveyayinevi.com.tr\/index.php\/wp-json\/wp\/v2\/product\/707437","targetHints":{"allow":["GET"]}}],"collection":[{"href":"https:\/\/roveyayinevi.com.tr\/index.php\/wp-json\/wp\/v2\/product"}],"about":[{"href":"https:\/\/roveyayinevi.com.tr\/index.php\/wp-json\/wp\/v2\/types\/product"}],"wp:attachment":[{"href":"https:\/\/roveyayinevi.com.tr\/index.php\/wp-json\/wp\/v2\/media?parent=707437"}],"wp:term":[{"taxonomy":"product_brand","embeddable":true,"href":"https:\/\/roveyayinevi.com.tr\/index.php\/wp-json\/wp\/v2\/product_brand?post=707437"},{"taxonomy":"product_cat","embeddable":true,"href":"https:\/\/roveyayinevi.com.tr\/index.php\/wp-json\/wp\/v2\/product_cat?post=707437"},{"taxonomy":"product_tag","embeddable":true,"href":"https:\/\/roveyayinevi.com.tr\/index.php\/wp-json\/wp\/v2\/product_tag?post=707437"}],"curies":[{"name":"wp","href":"https:\/\/api.w.org\/{rel}","templated":true}]}}