{"id":707434,"date":"2025-08-27T16:05:02","date_gmt":"2025-08-27T13:05:02","guid":{"rendered":"https:\/\/roveyayinevi.com.tr\/index.php\/urun\/janisin-yuzleri\/"},"modified":"2026-04-16T02:16:16","modified_gmt":"2026-04-15T23:16:16","slug":"janisin-yuzleri","status":"publish","type":"product","link":"https:\/\/roveyayinevi.com.tr\/index.php\/urun\/janisin-yuzleri\/","title":{"rendered":"Janis&#8217;in Y\u00fczleri"},"content":{"rendered":"<p>S\u0131k\u0131 ve sahici \u015fairlerin, hayat\u0131n i\u00e7erisindeki her \u015feyi \u015fiire d\u00f6n\u00fc\u015ft\u00fcrme g\u00fc\u00e7leri oldu\u011fu tart\u0131\u015f\u0131lmaz bir ger\u00e7ek. Y\u0131llar \u00f6nce bulunmu\u015f bir \u015fiir ucu, varolu\u015fa dair poetik bir gerilim an\u0131, y\u0131llar sonra kendini var edip, bir \u015fiirin yaz\u0131lmas\u0131na neden olabiliyor.  \u015eair Serdar Ayd\u0131n&#8217;\u0131n yeni kitab\u0131 &#8220;Janis&#8217;in Y\u00fczleri&#8221; tam da b\u00f6yle bir kar\u015f\u0131la\u015fman\u0131n sonucu olarak \u00e7\u0131k\u0131yor kar\u015f\u0131m\u0131za. Bu kar\u015f\u0131la\u015fma an\u0131 da, k\u0131sa bir \u00f6yk\u00fc \u015feklinde anlat\u0131l\u0131yor kitab\u0131n sonunda. Dolay\u0131s\u0131yla kitap, Janis Joplin ile \u015fairin, zamandan a\u015fk\u0131n olarak ya\u015fad\u0131\u011f\u0131 b\u00fcy\u00fck gerilimin poetik sonu\u00e7lar\u0131n\u0131 ta\u015f\u0131yor bize.  Serdar Ayd\u0131n&#8217;\u0131n do\u011fdu\u011fu y\u0131l \u00f6lm\u00fc\u015f olan Janis Joplin, sesi ve suretleriyle bir nehir \u015fiirin olu\u015fumuna neden olabiliyor. Bir t\u00fcr y\u00fcz okumas\u0131 ya da g\u00f6rsel ve sessel bir imgenin, bir nehir \u015fiire d\u00f6n\u00fc\u015fmesinin beti\u011fi bu kitap. Ancak, kitap i\u00e7erisinde bir\u00e7ok yolda\u015f\u0131 da var \u015fairin. Klasik al\u0131nt\u0131 tekni\u011fi d\u0131\u015f\u0131nda, bu hemhal olma halini vurgulayan \u00f6zg\u00fcn bir teknikle al\u0131nt\u0131lar\u0131n yap\u0131lmas\u0131, bu varolu\u015f m\u00fccadelesi i\u00e7erisinde yolda\u015fl\u0131k ilgisinin kuruldu\u011funu da g\u00f6steriyor bize.  Serdar Ayd\u0131n, kendi varolu\u015f deneyimine Janis&#8217;in katt\u0131\u011f\u0131 her \u015feyi \u015fiire d\u00f6n\u00fc\u015ft\u00fcr\u00fcrken, yolda\u015flar\u0131yla birlikte hayata poetik bir \u015ferh de d\u00fc\u015f\u00fcyor asl\u0131nda. Sesten, s\u00f6zden, imgeden olu\u015fan bu \u015ferh, ressam Tayyar Eren&#8217;in \u00f6zg\u00fcn desenleriyle bir kat daha yo\u011funla\u015f\u0131yor. \u015eiir gelene\u011fi i\u00e7erisinde \u015fair-ressam ili\u015fkileri ve desenlenmi\u015f \u015fiir kitaplar\u0131n\u0131n, an itibariyle son \u00f6rne\u011fi belki de Janis&#8217;in Y\u00fczleri.  Janis&#8217;in Y\u00fczleri, Serdar Ayd\u0131n&#8217;\u0131n &#8216;Aphrodisialar&#8217; adl\u0131 kitab\u0131yla ba\u015flatt\u0131\u011f\u0131 bir \u00fc\u00e7lemenin ikinci \u00f6\u011fesi. \u015eairin, ad\u0131 &#8216;Jam Sesions&#8217; olan, &#8216;Caz ve Blues \u015eiirleri&#8217; alt ba\u015fl\u0131\u011f\u0131n\u0131 ta\u015f\u0131yan \u00fc\u00e7\u00fcnc\u00fc kitab\u0131 da Medakitap Yay\u0131nlar\u0131nda yay\u0131m s\u0131ras\u0131n\u0131 beklemekte.  G\u00f6rsel ve m\u00fczikal imgenin yo\u011funla\u015ft\u0131\u011f\u0131 &#8216;Janis&#8217;in Y\u00fczleri&#8217;ndeki poetik gerilim, Serdar Ayd\u0131n okurlar\u0131n\u0131, y\u00fcksek enerjili jam session oturumlar\u0131na davet ediyor. Ne denebilir ki, \u015fiir&#8217;den ba\u015fka m\u00fclk\u00fc ve \u015fiir&#8217;den ba\u015fka s\u0131las\u0131, d\u00fcnyas\u0131 yoktur \u015fairin. O halde okumaya ve her \u015feye, hayat\u0131n ve zaman\u0131n b\u00fct\u00fcn zalimli\u011fine kar\u015f\u0131 \u015fiire konuk olmaya devam edilmeli&#8230; \u015eair bu daveti, Janis&#8217;in Y\u00fczleri ile birlikte, bir kez daha tekrarl\u0131yor. <\/p>\n","protected":false},"excerpt":{"rendered":"<p>S\u0131k\u0131 ve sahici \u015fairlerin, hayat\u0131n i\u00e7erisindeki her \u015feyi \u015fiire d\u00f6n\u00fc\u015ft\u00fcrme g\u00fc\u00e7leri oldu\u011fu tart\u0131\u015f\u0131lmaz bir ger\u00e7ek. Y\u0131llar \u00f6nce bulunmu\u015f bir \u015fiir ucu, varolu\u015fa dair poetik bir gerilim<span class=\"excerpt-hellip\"> [\u2026]<\/span><\/p>\n","protected":false},"featured_media":0,"template":"","meta":{"_monsterinsights_skip_tracking":false,"_monsterinsights_sitenote_active":false,"_monsterinsights_sitenote_note":"","_monsterinsights_sitenote_category":0},"product_brand":[],"product_cat":[12291,12509],"product_tag":[],"class_list":{"0":"post-707434","1":"product","2":"type-product","3":"status-publish","5":"product_cat-edebiyat","6":"product_cat-siir","7":"pa_cilt-ciltsiz","8":"pa_tur-kitap","9":"pa_yayinevi-medakitap-yayinlari","10":"pa_yazar-serdar-aydin","12":"first","13":"instock","14":"sale","15":"shipping-taxable","16":"purchasable","17":"product-type-simple"},"_links":{"self":[{"href":"https:\/\/roveyayinevi.com.tr\/index.php\/wp-json\/wp\/v2\/product\/707434","targetHints":{"allow":["GET"]}}],"collection":[{"href":"https:\/\/roveyayinevi.com.tr\/index.php\/wp-json\/wp\/v2\/product"}],"about":[{"href":"https:\/\/roveyayinevi.com.tr\/index.php\/wp-json\/wp\/v2\/types\/product"}],"wp:attachment":[{"href":"https:\/\/roveyayinevi.com.tr\/index.php\/wp-json\/wp\/v2\/media?parent=707434"}],"wp:term":[{"taxonomy":"product_brand","embeddable":true,"href":"https:\/\/roveyayinevi.com.tr\/index.php\/wp-json\/wp\/v2\/product_brand?post=707434"},{"taxonomy":"product_cat","embeddable":true,"href":"https:\/\/roveyayinevi.com.tr\/index.php\/wp-json\/wp\/v2\/product_cat?post=707434"},{"taxonomy":"product_tag","embeddable":true,"href":"https:\/\/roveyayinevi.com.tr\/index.php\/wp-json\/wp\/v2\/product_tag?post=707434"}],"curies":[{"name":"wp","href":"https:\/\/api.w.org\/{rel}","templated":true}]}}