{"id":707426,"date":"2025-08-27T16:04:59","date_gmt":"2025-08-27T13:04:59","guid":{"rendered":"https:\/\/roveyayinevi.com.tr\/index.php\/urun\/pinocchio-2\/"},"modified":"2026-04-16T02:16:16","modified_gmt":"2026-04-15T23:16:16","slug":"pinocchio-2","status":"publish","type":"product","link":"https:\/\/roveyayinevi.com.tr\/index.php\/urun\/pinocchio-2\/","title":{"rendered":"Pinocchio"},"content":{"rendered":"<p>Pinocchio\u0130ngilizce Klasik Masallar \u0130ngilizce klasik masallar dizisinde yer alan kitaplar, \u0130ngilizce \u00f6\u011frenimi i\u00e7in \u00f6zel olarak yeniden uyarland\u0131 ve harika resimlerle canland\u0131r\u0131ld\u0131. Yabanc\u0131 dil \u00f6\u011freniminin ba\u015far\u0131s\u0131n\u0131 belirleyen en \u00f6nemli unsur olan kelimeler ve c\u00fcmle yap\u0131lar\u0131n\u0131n bir anlam b\u00fct\u00fcnl\u00fc\u011f\u00fc i\u00e7inde \u00f6\u011frenilmesidir. \u0130ngilizce Klasik masallar dizisi de bu anlam b\u00fct\u00fcnl\u00fc\u011f\u00fcn\u00fc yayg\u0131n olarak bilinen masallar \u00fczerinden sa\u011flamay\u0131 ve \u0130ngilizce \u00f6\u011frenmeyi keyifli bir etkinli\u011fe d\u00f6n\u00fc\u015ft\u00fcrmeyi ama\u00e7l\u0131yor. \u0130ngilizce resimli klasik masal kitaplar\u0131m\u0131z \u0130ngilizce \u00f6\u011freniminizde en b\u00fcy\u00fck yard\u0131mc\u0131n\u0131z olacak. Dizideki KitaplarPeter PanPinocchioGoldilocksThe Ugly DucklingThe Three Little PigLittle Red Riding Hood<\/p>\n","protected":false},"excerpt":{"rendered":"<p>Pinocchio\u0130ngilizce Klasik Masallar \u0130ngilizce klasik masallar dizisinde yer alan kitaplar, \u0130ngilizce \u00f6\u011frenimi i\u00e7in \u00f6zel olarak yeniden uyarland\u0131 ve harika resimlerle canland\u0131r\u0131ld\u0131. Yabanc\u0131 dil \u00f6\u011freniminin ba\u015far\u0131s\u0131n\u0131 belirleyen<span class=\"excerpt-hellip\"> [\u2026]<\/span><\/p>\n","protected":false},"featured_media":0,"template":"","meta":{"_monsterinsights_skip_tracking":false,"_monsterinsights_sitenote_active":false,"_monsterinsights_sitenote_note":"","_monsterinsights_sitenote_category":0},"product_brand":[],"product_cat":[14597,12566,14702],"product_tag":[],"class_list":{"0":"post-707426","1":"product","2":"type-product","3":"status-publish","5":"product_cat-dil-ogrenimi","6":"product_cat-egitim","7":"product_cat-ingilizce","8":"pa_cilt-ciltsiz","9":"pa_tur-kitap","10":"pa_yayinevi-mavi-kelebek-yayinlari","11":"pa_yazar-arianna-candell","13":"first","14":"instock","15":"sale","16":"shipping-taxable","17":"purchasable","18":"product-type-simple"},"_links":{"self":[{"href":"https:\/\/roveyayinevi.com.tr\/index.php\/wp-json\/wp\/v2\/product\/707426","targetHints":{"allow":["GET"]}}],"collection":[{"href":"https:\/\/roveyayinevi.com.tr\/index.php\/wp-json\/wp\/v2\/product"}],"about":[{"href":"https:\/\/roveyayinevi.com.tr\/index.php\/wp-json\/wp\/v2\/types\/product"}],"wp:attachment":[{"href":"https:\/\/roveyayinevi.com.tr\/index.php\/wp-json\/wp\/v2\/media?parent=707426"}],"wp:term":[{"taxonomy":"product_brand","embeddable":true,"href":"https:\/\/roveyayinevi.com.tr\/index.php\/wp-json\/wp\/v2\/product_brand?post=707426"},{"taxonomy":"product_cat","embeddable":true,"href":"https:\/\/roveyayinevi.com.tr\/index.php\/wp-json\/wp\/v2\/product_cat?post=707426"},{"taxonomy":"product_tag","embeddable":true,"href":"https:\/\/roveyayinevi.com.tr\/index.php\/wp-json\/wp\/v2\/product_tag?post=707426"}],"curies":[{"name":"wp","href":"https:\/\/api.w.org\/{rel}","templated":true}]}}