{"id":707422,"date":"2025-08-27T16:04:57","date_gmt":"2025-08-27T13:04:57","guid":{"rendered":"https:\/\/roveyayinevi.com.tr\/index.php\/urun\/dunyayla-is-yapanlar\/"},"modified":"2026-04-16T02:16:16","modified_gmt":"2026-04-15T23:16:16","slug":"dunyayla-is-yapanlar","status":"publish","type":"product","link":"https:\/\/roveyayinevi.com.tr\/index.php\/urun\/dunyayla-is-yapanlar\/","title":{"rendered":"D\u00fcnyayla \u0130\u015f Yapanlar"},"content":{"rendered":"<p>T\u00fcrk \u015firketlerinin uluslararas\u0131la\u015fma h\u0131z\u0131 son y\u0131llarda ba\u015f d\u00f6nd\u00fcr\u00fcc\u00fc bir \u015fekilde artt\u0131. K\u00fcresel akt\u00f6r olma yolunda milyarlarca dolarl\u0131k sat\u0131n almalar yapan \u015firketler var art\u0131k. Buna ra\u011fmen hen\u00fcz \u00e7al\u0131\u015f\u0131lmam\u0131\u015f bir alan olan T\u00fcrk \u00e7okuluslular\u0131na odaklanan D\u00fcnyayla \u0130\u015f Yapanlar, bu \u015firketlerin d\u0131\u015f yat\u0131r\u0131m e\u011filimlerini, motivasyonlar\u0131n\u0131 ve stratejilerini uluslararas\u0131 kar\u015f\u0131la\u015ft\u0131rmalarla ve disiplinler aras\u0131 kurumsal bir yakla\u015f\u0131mla inceliyor. T\u00dcB\u0130TAK ve Bilim ve Teknolojide Avrupa \u0130\u015fbirli\u011fi Aksiyonu (COST) taraf\u0131ndan desteklenen bu \u00e7al\u0131\u015fmada Caner Bak\u0131r, T\u00fcrk \u00e7okuluslu \u015firketlerinin ne zaman, hangi \u00fclkelere ve sekt\u00f6rlere yat\u0131r\u0131m yapt\u0131\u011f\u0131n\u0131; uluslararas\u0131la\u015fmada \u00fclkeye ve \u015firkete \u00f6zg\u00fc avantajlar\u0131n\u0131n neler oldu\u011funu; uluslararas\u0131 rekabette dinamik becerilerini ve \u00f6zg\u00fcn avantajlar\u0131n\u0131 nas\u0131l kulland\u0131klar\u0131n\u0131 ara\u015ft\u0131r\u0131yor. Ayn\u0131 zamanda yat\u0131r\u0131m yap\u0131lan \u00fclkelerdeki devlet kapasitesinin \u00f6nemine, T\u00fcrkiye\u2019nin ve hedef \u00fclkenin kurumsal yap\u0131s\u0131n\u0131n \u015firketlerin uluslararas\u0131la\u015fma stratejileriyle k\u00fcresel duru\u015f ve performanslar\u0131na etkisine dair analizler yap\u0131yor. Bu yolla \u015firketlerin ve h\u00fck\u00fcmetlerin strateji geli\u015ftirme ve uygulama a\u015famalar\u0131na da katk\u0131 sunabilmeyi ama\u00e7l\u0131yor. D\u00fcnyayla \u0130\u015f Yapanlar, hem iktisadi ve idari bilimler fak\u00fcltesi \u00f6\u011frencileriyle akademisyenlerinin hem de reel sekt\u00f6rde ve bankac\u0131l\u0131k sekt\u00f6r\u00fcnde \u00e7al\u0131\u015fan profesyonellerin ilgisini \u00e7ekecek bir kitap.Caner Bak\u0131r, Ko\u00e7 \u00dcniversitesi Uluslararas\u0131 \u0130li\u015fkiler B\u00f6l\u00fcm\u00fc\u2019nde \u00f6\u011fretim \u00fcyesi.<\/p>\n","protected":false},"excerpt":{"rendered":"<p>T\u00fcrk \u015firketlerinin uluslararas\u0131la\u015fma h\u0131z\u0131 son y\u0131llarda ba\u015f d\u00f6nd\u00fcr\u00fcc\u00fc bir \u015fekilde artt\u0131. K\u00fcresel akt\u00f6r olma yolunda milyarlarca dolarl\u0131k sat\u0131n almalar yapan \u015firketler var art\u0131k. Buna ra\u011fmen hen\u00fcz<span class=\"excerpt-hellip\"> [\u2026]<\/span><\/p>\n","protected":false},"featured_media":0,"template":"","meta":{"_monsterinsights_skip_tracking":false,"_monsterinsights_sitenote_active":false,"_monsterinsights_sitenote_note":"","_monsterinsights_sitenote_category":0},"product_brand":[],"product_cat":[13043,14381],"product_tag":[],"class_list":{"0":"post-707422","1":"product","2":"type-product","3":"status-publish","5":"product_cat-ekonomi","6":"product_cat-isletme-muhasebe-maliye","7":"pa_cilt-ciltsiz","8":"pa_tur-kitap","9":"pa_yayinevi-koc-universitesi-yayinlari","10":"pa_yazar-caner-bakir","12":"first","13":"instock","14":"sale","15":"shipping-taxable","16":"purchasable","17":"product-type-simple"},"_links":{"self":[{"href":"https:\/\/roveyayinevi.com.tr\/index.php\/wp-json\/wp\/v2\/product\/707422","targetHints":{"allow":["GET"]}}],"collection":[{"href":"https:\/\/roveyayinevi.com.tr\/index.php\/wp-json\/wp\/v2\/product"}],"about":[{"href":"https:\/\/roveyayinevi.com.tr\/index.php\/wp-json\/wp\/v2\/types\/product"}],"wp:attachment":[{"href":"https:\/\/roveyayinevi.com.tr\/index.php\/wp-json\/wp\/v2\/media?parent=707422"}],"wp:term":[{"taxonomy":"product_brand","embeddable":true,"href":"https:\/\/roveyayinevi.com.tr\/index.php\/wp-json\/wp\/v2\/product_brand?post=707422"},{"taxonomy":"product_cat","embeddable":true,"href":"https:\/\/roveyayinevi.com.tr\/index.php\/wp-json\/wp\/v2\/product_cat?post=707422"},{"taxonomy":"product_tag","embeddable":true,"href":"https:\/\/roveyayinevi.com.tr\/index.php\/wp-json\/wp\/v2\/product_tag?post=707422"}],"curies":[{"name":"wp","href":"https:\/\/api.w.org\/{rel}","templated":true}]}}