{"id":707421,"date":"2025-08-27T16:04:57","date_gmt":"2025-08-27T13:04:57","guid":{"rendered":"https:\/\/roveyayinevi.com.tr\/index.php\/urun\/testosteron-seks-guc-ve-kazanma-iradesi\/"},"modified":"2026-04-16T02:16:16","modified_gmt":"2026-04-15T23:16:16","slug":"testosteron-seks-guc-ve-kazanma-iradesi","status":"publish","type":"product","link":"https:\/\/roveyayinevi.com.tr\/index.php\/urun\/testosteron-seks-guc-ve-kazanma-iradesi\/","title":{"rendered":"Testosteron: Seks G\u00fc\u00e7 ve Kazanma \u0130radesi"},"content":{"rendered":"<p>Testosteron, bir memeli t\u00fcr\u00fcn\u00fcn erkeklerinde \u00fcremenin temel bile\u015fenlerinden biridir. Erkek bedeni ve beyni testosteronun eseridir. Yaln\u0131zca cinsellikle de\u011fil, sald\u0131rganl\u0131kla, rekabet\u00e7ilikle, risk almayla, k\u0131sacas\u0131 hayatta kal\u0131p \u00fcrememizi sa\u011flam\u0131\u015f olan t\u00fcm unsurlarla ili\u015fkilidir.Beynin ge\u00e7mi\u015fte bize hizmet etmi\u015f bu \u00f6zellikleri modern d\u00fcnyada da varl\u0131\u011f\u0131n\u0131 koruyor. \u0130nsan beyni bug\u00fcn, \u015fekillendi\u011fi ortamdan \u00e7ok farkl\u0131 bir d\u00fczende \u00e7al\u0131\u015f\u0131yor ve modern d\u00fcnya bu antik beynin \u00e7al\u0131\u015fma prensiplerine g\u00f6re i\u015fliyor.K\u00fclt\u00fcrel, politik ve toplumsal a\u00e7\u0131dan \u00e7e\u015fitlilik arz eden modern d\u00fcnya, testosteronun eski \u00e7a\u011flara dayanan etkisini nas\u0131l kontrol alt\u0131nda tutabilir? Seks, sald\u0131rganl\u0131k, galibiyet, ma\u011flubiyet, \u015fiddet ve sava\u015f insanl\u0131k tarihini yaratan kavramlar oldu\u011funa g\u00f6re, testosteronun da tarihimizde merkezi bir rol oynad\u0131\u011f\u0131n\u0131 kabul etmeliyiz.Joe Herbert, Testosteron\u2019da bu g\u00fc\u00e7l\u00fc hormonun do\u011fas\u0131n\u0131, memelilerde ve \u00f6zellikle insanda nas\u0131l i\u015fledi\u011fini, erkek davran\u0131\u015f\u0131n\u0131 hangi y\u00f6nlerden etkiledi\u011fini ve kad\u0131nlar a\u00e7\u0131s\u0131ndan oynad\u0131\u011f\u0131 role ili\u015fkin bulgular\u0131 etkileyici \u00f6rneklerle ve duru bir dille a\u00e7\u0131kl\u0131yor.Joe Herbert, Cambridge \u00dcniversitesi\u2019nde sinirbilim dal\u0131nda emeritus profes\u00f6rd\u00fcr ve halen ders vermektedir.<\/p>\n","protected":false},"excerpt":{"rendered":"<p>Testosteron, bir memeli t\u00fcr\u00fcn\u00fcn erkeklerinde \u00fcremenin temel bile\u015fenlerinden biridir. Erkek bedeni ve beyni testosteronun eseridir. Yaln\u0131zca cinsellikle de\u011fil, sald\u0131rganl\u0131kla, rekabet\u00e7ilikle, risk almayla, k\u0131sacas\u0131 hayatta kal\u0131p \u00fcrememizi<span class=\"excerpt-hellip\"> [\u2026]<\/span><\/p>\n","protected":false},"featured_media":0,"template":"","meta":{"_monsterinsights_skip_tracking":false,"_monsterinsights_sitenote_active":false,"_monsterinsights_sitenote_note":"","_monsterinsights_sitenote_category":0},"product_brand":[],"product_cat":[12358,12357],"product_tag":[],"class_list":{"0":"post-707421","1":"product","2":"type-product","3":"status-publish","5":"product_cat-genel-psikoloji","6":"product_cat-psikoloji","7":"pa_cilt-ciltsiz","8":"pa_tur-kitap","9":"pa_yayinevi-koc-universitesi-yayinlari","10":"pa_yazar-joe-herbert","12":"first","13":"instock","14":"sale","15":"shipping-taxable","16":"purchasable","17":"product-type-simple"},"_links":{"self":[{"href":"https:\/\/roveyayinevi.com.tr\/index.php\/wp-json\/wp\/v2\/product\/707421","targetHints":{"allow":["GET"]}}],"collection":[{"href":"https:\/\/roveyayinevi.com.tr\/index.php\/wp-json\/wp\/v2\/product"}],"about":[{"href":"https:\/\/roveyayinevi.com.tr\/index.php\/wp-json\/wp\/v2\/types\/product"}],"wp:attachment":[{"href":"https:\/\/roveyayinevi.com.tr\/index.php\/wp-json\/wp\/v2\/media?parent=707421"}],"wp:term":[{"taxonomy":"product_brand","embeddable":true,"href":"https:\/\/roveyayinevi.com.tr\/index.php\/wp-json\/wp\/v2\/product_brand?post=707421"},{"taxonomy":"product_cat","embeddable":true,"href":"https:\/\/roveyayinevi.com.tr\/index.php\/wp-json\/wp\/v2\/product_cat?post=707421"},{"taxonomy":"product_tag","embeddable":true,"href":"https:\/\/roveyayinevi.com.tr\/index.php\/wp-json\/wp\/v2\/product_tag?post=707421"}],"curies":[{"name":"wp","href":"https:\/\/api.w.org\/{rel}","templated":true}]}}