{"id":707415,"date":"2025-08-27T16:04:54","date_gmt":"2025-08-27T13:04:54","guid":{"rendered":"https:\/\/roveyayinevi.com.tr\/index.php\/urun\/mulkiyeti-geri-almak\/"},"modified":"2026-04-16T02:16:16","modified_gmt":"2026-04-15T23:16:16","slug":"mulkiyeti-geri-almak","status":"publish","type":"product","link":"https:\/\/roveyayinevi.com.tr\/index.php\/urun\/mulkiyeti-geri-almak\/","title":{"rendered":"M\u00fclkiyeti Geri Almak?"},"content":{"rendered":"<p>Hayat\u0131m\u0131z\u0131n tam ortas\u0131na, k\u0131sa, orta ve uzun vadeli vizyonumuza yerle\u015fen m\u00fclkiyet, insan\u0131n hem kolektif hem de bireysel ya\u015fant\u0131s\u0131nda kendini tan\u0131mlamas\u0131n\u0131 sa\u011flayan bir olgu. Ancak insanl\u0131\u011f\u0131n ekonomik, siyasal, hukuki, k\u00fclt\u00fcrel temelini olu\u015fturan unsurlardan biri olan m\u00fclkiyetin tan\u0131m\u0131 sabit kalm\u0131yor. \u00d6zellikle fikri m\u00fclkiyet kavram\u0131n\u0131n olu\u015fmas\u0131 ve 21. y\u00fczy\u0131lda fikre bi\u00e7ilen ekonomik de\u011ferin maddi m\u00fclkiyete bi\u00e7ilen ekonomik de\u011feri geride b\u0131rakmas\u0131 ile beraber m\u00fclkiyet \u00fczerine d\u00fc\u015f\u00fcnceler de geli\u015fiyor, zenginle\u015fiyor, de\u011fi\u015fiyor.Marysia Lewandowska ve Laurel Ptak\u2019\u0131n derledi\u011fi M\u00fclkiyeti Geri Almak? k\u00fclt\u00fcr, siyasal ekonomi, maddi olmayan \u00fcretim ve kamusal alan \u00fczerinden m\u00fclkiyet kavram\u0131n\u0131 anlamaya, kapitalist sistemin verdi\u011fi uyar\u0131lar\u0131 de\u011ferlendirerek \u201cK\u00fclt\u00fcr\u00fcn, bilginin sahibi kimdir ve g\u00fcn\u00fcm\u00fczde bunlar\u0131n \u00fcretiminin, dola\u015f\u0131m\u0131n\u0131n ko\u015fullar\u0131, siyaseti ve ekonomisi nelerdir?\u201d sorular\u0131n\u0131n cevab\u0131n\u0131 bulmaya \u00e7al\u0131\u015f\u0131yor.Marysia Lewandowska, Polonya do\u011fumlu, Londra\u2019da \u00e7al\u0131\u015fan bir sanat\u00e7\u0131 ve Stockholm\u2019deki Konstfack\u2019te kamusal alanda sanat profes\u00f6r\u00fc.Laurel Ptak, New York\u2019ta ya\u015fayan bir g\u00fcncel sanat k\u00fcrat\u00f6r\u00fc. Tensta konsthall\u2019de yard\u0131mc\u0131 k\u00fcrat\u00f6r ve New School\u2019da ders veriyor.<\/p>\n","protected":false},"excerpt":{"rendered":"<p>Hayat\u0131m\u0131z\u0131n tam ortas\u0131na, k\u0131sa, orta ve uzun vadeli vizyonumuza yerle\u015fen m\u00fclkiyet, insan\u0131n hem kolektif hem de bireysel ya\u015fant\u0131s\u0131nda kendini tan\u0131mlamas\u0131n\u0131 sa\u011flayan bir olgu. Ancak insanl\u0131\u011f\u0131n ekonomik,<span class=\"excerpt-hellip\"> [\u2026]<\/span><\/p>\n","protected":false},"featured_media":0,"template":"","meta":{"_monsterinsights_skip_tracking":false,"_monsterinsights_sitenote_active":false,"_monsterinsights_sitenote_note":"","_monsterinsights_sitenote_category":0},"product_brand":[],"product_cat":[44608,12408],"product_tag":[],"class_list":{"0":"post-707415","1":"product","2":"type-product","3":"status-publish","5":"product_cat-diger-sanat","6":"product_cat-sanat","7":"pa_cilt-ciltsiz","8":"pa_tur-kitap","9":"pa_yayinevi-koc-universitesi-yayinlari","10":"pa_yazar-marysia-lewandowska","12":"first","13":"instock","14":"sale","15":"shipping-taxable","16":"purchasable","17":"product-type-simple"},"_links":{"self":[{"href":"https:\/\/roveyayinevi.com.tr\/index.php\/wp-json\/wp\/v2\/product\/707415","targetHints":{"allow":["GET"]}}],"collection":[{"href":"https:\/\/roveyayinevi.com.tr\/index.php\/wp-json\/wp\/v2\/product"}],"about":[{"href":"https:\/\/roveyayinevi.com.tr\/index.php\/wp-json\/wp\/v2\/types\/product"}],"wp:attachment":[{"href":"https:\/\/roveyayinevi.com.tr\/index.php\/wp-json\/wp\/v2\/media?parent=707415"}],"wp:term":[{"taxonomy":"product_brand","embeddable":true,"href":"https:\/\/roveyayinevi.com.tr\/index.php\/wp-json\/wp\/v2\/product_brand?post=707415"},{"taxonomy":"product_cat","embeddable":true,"href":"https:\/\/roveyayinevi.com.tr\/index.php\/wp-json\/wp\/v2\/product_cat?post=707415"},{"taxonomy":"product_tag","embeddable":true,"href":"https:\/\/roveyayinevi.com.tr\/index.php\/wp-json\/wp\/v2\/product_tag?post=707415"}],"curies":[{"name":"wp","href":"https:\/\/api.w.org\/{rel}","templated":true}]}}