{"id":707414,"date":"2025-08-27T16:04:54","date_gmt":"2025-08-27T13:04:54","guid":{"rendered":"https:\/\/roveyayinevi.com.tr\/index.php\/urun\/kuratorluk\/"},"modified":"2026-02-03T02:26:38","modified_gmt":"2026-02-02T23:26:38","slug":"kuratorluk","status":"publish","type":"product","link":"https:\/\/roveyayinevi.com.tr\/index.php\/urun\/kuratorluk\/","title":{"rendered":"Kurat\u00f6rl\u00fck"},"content":{"rendered":"<p>K\u00fcrat\u00f6rler, Roma \u0130mparatorlu\u011fu devrinde, kendi i\u015flerini idare edemeyecek durumdaki insanlara \u2013re\u015fit olmayanlara, ak\u0131l hastalar\u0131na, savurganlara\u2013 vekil tayin edilen devlet memurlar\u0131yd\u0131. G\u00f6revleri onlar\u0131 d\u00fcnyadan ve asl\u0131nda daha \u00e7ok kendilerinden korumakt\u0131. Aradan ge\u00e7en bin y\u0131lda k\u00fcrat\u00f6rl\u00fck mesle\u011finin tan\u0131m\u0131 k\u00f6kten bir de\u011fi\u015fime u\u011frad\u0131: Art\u0131k sanat sergisi yapan insanlara k\u00fcrat\u00f6r diyoruz. Ama Vesna Madaoski\u2019nin K\u00fcrat\u00f6rl\u00fck\u2019te g\u00f6sterdi\u011fi gibi, asl\u0131nda bu kadim mesle\u011fin \u00f6z\u00fc hi\u00e7 de\u011fi\u015fmedi. K\u00fcrat\u00f6rl\u00fck, t\u0131pk\u0131 Roma devrinde oldu\u011fu gibi bug\u00fcn de hala bir \u201ckoruma\u201d ve \u201ckapatma\u201d i\u015fi.Madzoski, koruma ve kapatma aras\u0131ndaki bu karma\u015f\u0131k ili\u015fkinin izini \u00fc\u00e7 vakada s\u00fcr\u00fcyor. Almanya\u2019n\u0131n Kassel \u015fehrinde be\u015f y\u0131lda bir d\u00fczenlenen \u00e7a\u011fda\u015f sanat sergisi documenta, her edisyonu d\u00fcnyan\u0131n ba\u015fka bir yerinde ger\u00e7ekle\u015ftirilen Avrupa \u00e7a\u011fda\u015f sanat bienali Manifesta ve \u015fa\u015f\u0131rt\u0131c\u0131 bir \u015fekilde, bir film: James Cameron\u2019\u0131n g\u00f6rkemli \u00fc\u00e7 boyutlu g\u00f6sterisi Avatar. Madzoski \u00fc\u00e7 vakada da \u201ckoruma\u201d s\u00f6ylemlerinin ustaca gizledi\u011fi \u201ckapatma\u201d pratiklerini a\u00e7\u0131\u011fa \u00e7\u0131kar\u0131yor: \u015fiddet, d\u0131\u015flama, s\u0131n\u0131rlama, bast\u0131rma, ayr\u0131mc\u0131l\u0131k, sans\u00fcr, \u00f6tekile\u015ftirme.Madzoski, K\u00fcrat\u00f6rl\u00fck\u2019te sanat tarihi, felsefe ve antropolojinin yard\u0131m\u0131yla Walter Benjamin\u2019in \u00fcnl\u00fc iddias\u0131n\u0131n g\u00fc\u00e7l\u00fc bir sa\u011flamas\u0131n\u0131 yap\u0131yor ve her k\u00fclt\u00fcr \u00fcr\u00fcn\u00fcn\u00fcn ayn\u0131 zamanda bir barbarl\u0131k belgesi oldu\u011funu bir daha g\u00f6steriyor.Vesna Madzoski, Amsterdam\u2019da ya\u015fayan ba\u011f\u0131ms\u0131z bir yazar ve ara\u015ft\u0131rmac\u0131.<\/p>\n","protected":false},"excerpt":{"rendered":"<p>K\u00fcrat\u00f6rler, Roma \u0130mparatorlu\u011fu devrinde, kendi i\u015flerini idare edemeyecek durumdaki insanlara \u2013re\u015fit olmayanlara, ak\u0131l hastalar\u0131na, savurganlara\u2013 vekil tayin edilen devlet memurlar\u0131yd\u0131. G\u00f6revleri onlar\u0131 d\u00fcnyadan ve asl\u0131nda daha<span class=\"excerpt-hellip\"> [\u2026]<\/span><\/p>\n","protected":false},"featured_media":0,"template":"","meta":{"_monsterinsights_skip_tracking":false,"_monsterinsights_sitenote_active":false,"_monsterinsights_sitenote_note":"","_monsterinsights_sitenote_category":0},"product_brand":[],"product_cat":[44608,12408],"product_tag":[],"class_list":{"0":"post-707414","1":"product","2":"type-product","3":"status-publish","5":"product_cat-diger-sanat","6":"product_cat-sanat","7":"pa_cilt-ciltsiz","8":"pa_tur-kitap","9":"pa_yayinevi-koc-universitesi-yayinlari","10":"pa_yazar-vesna-madzoski","12":"first","13":"instock","14":"sale","15":"shipping-taxable","16":"purchasable","17":"product-type-simple"},"_links":{"self":[{"href":"https:\/\/roveyayinevi.com.tr\/index.php\/wp-json\/wp\/v2\/product\/707414","targetHints":{"allow":["GET"]}}],"collection":[{"href":"https:\/\/roveyayinevi.com.tr\/index.php\/wp-json\/wp\/v2\/product"}],"about":[{"href":"https:\/\/roveyayinevi.com.tr\/index.php\/wp-json\/wp\/v2\/types\/product"}],"wp:attachment":[{"href":"https:\/\/roveyayinevi.com.tr\/index.php\/wp-json\/wp\/v2\/media?parent=707414"}],"wp:term":[{"taxonomy":"product_brand","embeddable":true,"href":"https:\/\/roveyayinevi.com.tr\/index.php\/wp-json\/wp\/v2\/product_brand?post=707414"},{"taxonomy":"product_cat","embeddable":true,"href":"https:\/\/roveyayinevi.com.tr\/index.php\/wp-json\/wp\/v2\/product_cat?post=707414"},{"taxonomy":"product_tag","embeddable":true,"href":"https:\/\/roveyayinevi.com.tr\/index.php\/wp-json\/wp\/v2\/product_tag?post=707414"}],"curies":[{"name":"wp","href":"https:\/\/api.w.org\/{rel}","templated":true}]}}