{"id":707413,"date":"2025-08-27T16:04:53","date_gmt":"2025-08-27T13:04:53","guid":{"rendered":"https:\/\/roveyayinevi.com.tr\/index.php\/urun\/sil-bastan-3\/"},"modified":"2026-04-16T02:16:16","modified_gmt":"2026-04-15T23:16:16","slug":"sil-bastan-3","status":"publish","type":"product","link":"https:\/\/roveyayinevi.com.tr\/index.php\/urun\/sil-bastan-3\/","title":{"rendered":"Sil Ba\u015ftan"},"content":{"rendered":"<p>Her sabah uyand\u0131\u011f\u0131nda, bug\u00fcn annem beni s\u0131ms\u0131k\u0131 kucaklayacak, babam g\u00f6zlerimin i\u00e7ine bak\u0131p sevgiyle g\u00fcl\u00fcmseyecek dersin kendine; me\u011fer k\u00f6t\u00fc bir cad\u0131 onlara b\u00fcy\u00fc yapm\u0131\u015f, bu y\u00fczden b\u00f6yle uzak duruyorlarm\u0131\u015f senden&#8230;Bug\u00fcn okulda her \u015fey yolunda gidecek dersin; sihirli bir kap\u0131dan ge\u00e7ersin ve \u00fczerindeki lanet kalkar belki de&#8230; Art\u0131k b\u00fct\u00fcn s\u0131k\u0131nt\u0131lar geride kalacak diye d\u00fc\u015f\u00fcn\u00fcrs\u00fcn; beyaz atl\u0131 prensin \u00e7oktan yola \u00e7\u0131km\u0131\u015f bile&#8230; Her sabah uyand\u0131\u011f\u0131nda &#8220;Bug\u00fcn her \u015fey \u00e7ok g\u00fczel olacak&#8221; dersin&#8230; Ama olmaz i\u015fte bir t\u00fcrl\u00fc! Hayat masallardaki gibi olmaz&#8230;Ve ger\u00e7eklerle y\u00fczle\u015fmek zorunda kald\u0131\u011f\u0131nda yapabilece\u011fin tek bir \u015fey vard\u0131r: Her \u015feye yeniden ba\u015flamak!<\/p>\n","protected":false},"excerpt":{"rendered":"<p>Her sabah uyand\u0131\u011f\u0131nda, bug\u00fcn annem beni s\u0131ms\u0131k\u0131 kucaklayacak, babam g\u00f6zlerimin i\u00e7ine bak\u0131p sevgiyle g\u00fcl\u00fcmseyecek dersin kendine; me\u011fer k\u00f6t\u00fc bir cad\u0131 onlara b\u00fcy\u00fc yapm\u0131\u015f, bu y\u00fczden b\u00f6yle<span class=\"excerpt-hellip\"> [\u2026]<\/span><\/p>\n","protected":false},"featured_media":0,"template":"","meta":{"_monsterinsights_skip_tracking":false,"_monsterinsights_sitenote_active":false,"_monsterinsights_sitenote_note":"","_monsterinsights_sitenote_category":0},"product_brand":[],"product_cat":[12275,12274],"product_tag":[],"class_list":{"0":"post-707413","1":"product","2":"type-product","3":"status-publish","5":"product_cat-6-12-yas-kitaplari","6":"product_cat-cocuk-ve-genclik-kitaplari","7":"pa_cilt-ciltsiz","8":"pa_tur-kitap","9":"pa_yayinevi-mavi-bulut-yayinlari","10":"pa_yazar-lodovica-cima","12":"first","13":"instock","14":"sale","15":"shipping-taxable","16":"purchasable","17":"product-type-simple"},"_links":{"self":[{"href":"https:\/\/roveyayinevi.com.tr\/index.php\/wp-json\/wp\/v2\/product\/707413","targetHints":{"allow":["GET"]}}],"collection":[{"href":"https:\/\/roveyayinevi.com.tr\/index.php\/wp-json\/wp\/v2\/product"}],"about":[{"href":"https:\/\/roveyayinevi.com.tr\/index.php\/wp-json\/wp\/v2\/types\/product"}],"wp:attachment":[{"href":"https:\/\/roveyayinevi.com.tr\/index.php\/wp-json\/wp\/v2\/media?parent=707413"}],"wp:term":[{"taxonomy":"product_brand","embeddable":true,"href":"https:\/\/roveyayinevi.com.tr\/index.php\/wp-json\/wp\/v2\/product_brand?post=707413"},{"taxonomy":"product_cat","embeddable":true,"href":"https:\/\/roveyayinevi.com.tr\/index.php\/wp-json\/wp\/v2\/product_cat?post=707413"},{"taxonomy":"product_tag","embeddable":true,"href":"https:\/\/roveyayinevi.com.tr\/index.php\/wp-json\/wp\/v2\/product_tag?post=707413"}],"curies":[{"name":"wp","href":"https:\/\/api.w.org\/{rel}","templated":true}]}}