{"id":707409,"date":"2025-08-27T16:04:51","date_gmt":"2025-08-27T13:04:51","guid":{"rendered":"https:\/\/roveyayinevi.com.tr\/index.php\/urun\/zoopolis\/"},"modified":"2026-04-16T02:16:16","modified_gmt":"2026-04-15T23:16:16","slug":"zoopolis","status":"publish","type":"product","link":"https:\/\/roveyayinevi.com.tr\/index.php\/urun\/zoopolis\/","title":{"rendered":"Zoopolis"},"content":{"rendered":"<p>Hayvan haklar\u0131 savunuculu\u011funun uzun bir ge\u00e7mi\u015fi var. Modern d\u00f6nemdeki ilk hayvan haklar\u0131 cemiyetinin kurulu\u015fundan bu yana akademik ba\u011flamda, kamuoyu tart\u0131\u015fmalar\u0131nda ve siyasal alanda pek \u00e7ok zafer kazan\u0131ld\u0131. Ancak Sue Donaldson ve Will Kymlicka Zoopolis\u2019te, olumlu tablonun bir de karanl\u0131k taraf\u0131 oldu\u011funu, hareketin b\u00fcy\u00fck oranda ba\u015far\u0131s\u0131zl\u0131\u011fa u\u011frad\u0131\u011f\u0131n\u0131 ileri s\u00fcr\u00fcyor ve bu ba\u015far\u0131s\u0131zl\u0131\u011f\u0131n, hayvan meselelerine ili\u015fkin kamuoyu tart\u0131\u015fmalar\u0131nda kullan\u0131lan kusurlu terimlerin bir sonucu oldu\u011funu savunuyorlar.Donaldson ve Kymlicka\u2019ya g\u00f6re, hayvan haklar\u0131n\u0131 do\u011fru bir \u00e7er\u00e7eveye oturtman\u0131n ko\u015fulu, bu konuda liberal, demokratik, temel adalet ve insan haklar\u0131 ilkeleriyle do\u011frudan ili\u015fkilendirilebilecek yeni bir perspektif geli\u015ftirmek. Zoopolis\u2019in amac\u0131 da, siyasal toplulu\u011fun do\u011fas\u0131n\u0131 ve ona ili\u015fkin vatanda\u015fl\u0131k, adalet ve insan haklar\u0131 fikirlerini kuramsalla\u015ft\u0131r\u0131rken, \u201chayvan sorunu\u201dnu merkezine alan yeni bir \u00e7er\u00e7eve sunmak.Sue Donaldson, ba\u011f\u0131ms\u0131z ara\u015ft\u0131rmac\u0131 ve yazar.Will Kymlicka, Kingston\u2019daki Queen\u2019s \u00dcniversitesi\u2019nde siyaset felsefesi alan\u0131nda Kanada Ara\u015ft\u0131rma K\u00fcrs\u00fcs\u00fc profes\u00f6r\u00fc.<\/p>\n","protected":false},"excerpt":{"rendered":"<p>Hayvan haklar\u0131 savunuculu\u011funun uzun bir ge\u00e7mi\u015fi var. Modern d\u00f6nemdeki ilk hayvan haklar\u0131 cemiyetinin kurulu\u015fundan bu yana akademik ba\u011flamda, kamuoyu tart\u0131\u015fmalar\u0131nda ve siyasal alanda pek \u00e7ok zafer<span class=\"excerpt-hellip\"> [\u2026]<\/span><\/p>\n","protected":false},"featured_media":0,"template":"","meta":{"_monsterinsights_skip_tracking":false,"_monsterinsights_sitenote_active":false,"_monsterinsights_sitenote_note":"","_monsterinsights_sitenote_category":0},"product_brand":[],"product_cat":[12337],"product_tag":[],"class_list":{"0":"post-707409","1":"product","2":"type-product","3":"status-publish","5":"product_cat-politika-siyaset","6":"pa_cilt-ciltsiz","7":"pa_tur-kitap","8":"pa_yayinevi-koc-universitesi-yayinlari","9":"pa_yazar-sue-donaldson","11":"first","12":"instock","13":"sale","14":"shipping-taxable","15":"purchasable","16":"product-type-simple"},"_links":{"self":[{"href":"https:\/\/roveyayinevi.com.tr\/index.php\/wp-json\/wp\/v2\/product\/707409","targetHints":{"allow":["GET"]}}],"collection":[{"href":"https:\/\/roveyayinevi.com.tr\/index.php\/wp-json\/wp\/v2\/product"}],"about":[{"href":"https:\/\/roveyayinevi.com.tr\/index.php\/wp-json\/wp\/v2\/types\/product"}],"wp:attachment":[{"href":"https:\/\/roveyayinevi.com.tr\/index.php\/wp-json\/wp\/v2\/media?parent=707409"}],"wp:term":[{"taxonomy":"product_brand","embeddable":true,"href":"https:\/\/roveyayinevi.com.tr\/index.php\/wp-json\/wp\/v2\/product_brand?post=707409"},{"taxonomy":"product_cat","embeddable":true,"href":"https:\/\/roveyayinevi.com.tr\/index.php\/wp-json\/wp\/v2\/product_cat?post=707409"},{"taxonomy":"product_tag","embeddable":true,"href":"https:\/\/roveyayinevi.com.tr\/index.php\/wp-json\/wp\/v2\/product_tag?post=707409"}],"curies":[{"name":"wp","href":"https:\/\/api.w.org\/{rel}","templated":true}]}}