{"id":707408,"date":"2025-08-27T16:04:51","date_gmt":"2025-08-27T13:04:51","guid":{"rendered":"https:\/\/roveyayinevi.com.tr\/index.php\/urun\/evde-ogreniyorum-oruntu-ve-sekiller-3-5-yas\/"},"modified":"2026-04-16T02:16:16","modified_gmt":"2026-04-15T23:16:16","slug":"evde-ogreniyorum-oruntu-ve-sekiller-3-5-yas","status":"publish","type":"product","link":"https:\/\/roveyayinevi.com.tr\/index.php\/urun\/evde-ogreniyorum-oruntu-ve-sekiller-3-5-yas\/","title":{"rendered":"Evde \u00d6\u011freniyorum &#8211; \u00d6r\u00fcnt\u00fc ve \u015eekiller 3-5 Ya\u015f"},"content":{"rendered":"<p>Evde \u00d6\u011freniyorum dizisindeki kitaplarla evde al\u0131\u015ft\u0131rma ve etkinlikler yapan \u00e7ocu\u011funuzun okulda ba\u015far\u0131l\u0131 olmas\u0131n\u0131 sa\u011flay\u0131n. Dizideki kitaplar ilkokul m\u00fcfredat\u0131n\u0131n temelini olu\u015fturan ana becerilerin geli\u015ftirilmesine yard\u0131m edecek al\u0131\u015ft\u0131rmalar i\u00e7erir. Uygulamas\u0131 kolay y\u00f6nergeler ve ad\u0131m ad\u0131m ilerleyen etkinlikler sayesinde \u00e7ocu\u011funuz ba\u011f\u0131ms\u0131z \u00e7al\u0131\u015fma becerilerini geli\u015ftirecek, e\u011flenceli al\u0131\u015ft\u0131rmalarla \u00f6\u011frenirken e\u011flenecek.* Matematiksel becerileri geli\u015ftirir* Okul ba\u015far\u0131s\u0131n\u0131 destekler<\/p>\n","protected":false},"excerpt":{"rendered":"<p>Evde \u00d6\u011freniyorum dizisindeki kitaplarla evde al\u0131\u015ft\u0131rma ve etkinlikler yapan \u00e7ocu\u011funuzun okulda ba\u015far\u0131l\u0131 olmas\u0131n\u0131 sa\u011flay\u0131n. Dizideki kitaplar ilkokul m\u00fcfredat\u0131n\u0131n temelini olu\u015fturan ana becerilerin geli\u015ftirilmesine yard\u0131m edecek al\u0131\u015ft\u0131rmalar<span class=\"excerpt-hellip\"> [\u2026]<\/span><\/p>\n","protected":false},"featured_media":0,"template":"","meta":{"_monsterinsights_skip_tracking":false,"_monsterinsights_sitenote_active":false,"_monsterinsights_sitenote_note":"","_monsterinsights_sitenote_category":0},"product_brand":[],"product_cat":[12554,12274],"product_tag":[],"class_list":{"0":"post-707408","1":"product","2":"type-product","3":"status-publish","5":"product_cat-cikartmali-kitaplar","6":"product_cat-cocuk-ve-genclik-kitaplari","7":"pa_cilt-ciltsiz","8":"pa_tur-kitap","9":"pa_yayinevi-mavi-kelebek-yayinlari","10":"pa_yazar-jenny-ackland","12":"first","13":"instock","14":"sale","15":"shipping-taxable","16":"purchasable","17":"product-type-simple"},"_links":{"self":[{"href":"https:\/\/roveyayinevi.com.tr\/index.php\/wp-json\/wp\/v2\/product\/707408","targetHints":{"allow":["GET"]}}],"collection":[{"href":"https:\/\/roveyayinevi.com.tr\/index.php\/wp-json\/wp\/v2\/product"}],"about":[{"href":"https:\/\/roveyayinevi.com.tr\/index.php\/wp-json\/wp\/v2\/types\/product"}],"wp:attachment":[{"href":"https:\/\/roveyayinevi.com.tr\/index.php\/wp-json\/wp\/v2\/media?parent=707408"}],"wp:term":[{"taxonomy":"product_brand","embeddable":true,"href":"https:\/\/roveyayinevi.com.tr\/index.php\/wp-json\/wp\/v2\/product_brand?post=707408"},{"taxonomy":"product_cat","embeddable":true,"href":"https:\/\/roveyayinevi.com.tr\/index.php\/wp-json\/wp\/v2\/product_cat?post=707408"},{"taxonomy":"product_tag","embeddable":true,"href":"https:\/\/roveyayinevi.com.tr\/index.php\/wp-json\/wp\/v2\/product_tag?post=707408"}],"curies":[{"name":"wp","href":"https:\/\/api.w.org\/{rel}","templated":true}]}}