{"id":707402,"date":"2025-08-27T16:04:48","date_gmt":"2025-08-27T13:04:48","guid":{"rendered":"https:\/\/roveyayinevi.com.tr\/index.php\/urun\/kimse-seni-anlamiyor\/"},"modified":"2025-11-09T04:03:02","modified_gmt":"2025-11-09T01:03:02","slug":"kimse-seni-anlamiyor","status":"publish","type":"product","link":"https:\/\/roveyayinevi.com.tr\/index.php\/urun\/kimse-seni-anlamiyor\/","title":{"rendered":"Kimse Seni Anlam\u0131yor!"},"content":{"rendered":"<p>Kendinizi kar\u015f\u0131n\u0131zdakine anlatamad\u0131\u011f\u0131n\u0131z zamanlar olur mu?Ya da sizi anlamad\u0131\u011f\u0131n\u0131 veya yanl\u0131\u015f anlad\u0131\u011f\u0131n\u0131 hissetti\u011finiz?Mutlaka olur, hem de s\u0131k s\u0131k&#8230; Ama bu konuda yaln\u0131z de\u011filsiniz. \u00c7o\u011fumuz ba\u015fkalar\u0131n\u0131n bizi, kendimizi g\u00f6rd\u00fc\u011f\u00fcm\u00fcz gibi g\u00f6rd\u00fc\u011f\u00fcn\u00fc ve ger\u00e7ek halimizle anlad\u0131\u011f\u0131n\u0131 d\u00fc\u015f\u00fcn\u00fcr\u00fcz. Oysa bu, yanl\u0131\u015ft\u0131r. \u00c7e\u015fitli \u00f6nyarg\u0131lar ba\u015fkalar\u0131n\u0131n hakk\u0131m\u0131zda karar vermesinde rol oynar, ger\u00e7e\u011fi karart\u0131r veya e\u011fip b\u00fcker, sonu\u00e7ta ortaya \u00e7\u0131kan alg\u0131y\u0131 \u015fekillendirir. \u00c7o\u011fu zaman da bu alg\u0131da ciddi sorunlar vard\u0131r.Ancak \u00e7aresiz de\u011filiz; bu \u00f6nyarg\u0131larla veya yanl\u0131\u015f alg\u0131larla ba\u015fa \u00e7\u0131kmak m\u00fcmk\u00fcn. Sosyal psikolog Heidi Grant Halvorson neden ve nas\u0131l yanl\u0131\u015f anla\u015f\u0131ld\u0131\u011f\u0131m\u0131z\u0131 ilgin\u00e7 hayat hik\u00e2yelerinden \u00f6rnekler vererek anlat\u0131rken, nas\u0131l \u00fcstesinden gelinece\u011fini de a\u00e7\u0131k ve anla\u015f\u0131l\u0131r bir tarzda, e\u011flenceli ve keyifli bir dille payla\u015f\u0131yor.D\u0131\u015far\u0131dan nas\u0131l g\u00f6r\u00fcnd\u00fc\u011f\u00fcn\u00fcz\u00fc biliyor musunuz? Bence bir kere daha d\u00fc\u015f\u00fcn\u00fcn. Heidi Grant bilimsel yakla\u015f\u0131mlarla ki\u015fisel \u00f6yk\u00fcleri d\u00e2hice bir \u015fekilde harmanlayarak bizim kendimizi alg\u0131lay\u0131\u015f bi\u00e7imimizle ba\u015fkalar\u0131n\u0131n bizi alg\u0131lay\u0131\u015f\u0131 aras\u0131ndaki derin u\u00e7urumu g\u00f6zler \u00f6n\u00fcne seriyor. Elinizdeki \u00e7ok zekice yaz\u0131lm\u0131\u015f muhte\u015fem bir ba\u015fvuru kitab\u0131.- Daniel H. Pink, To Sell Is Human and Drive: The Surprising Truth About What Motivates Us kitab\u0131n\u0131n yazar\u0131B\u00fct\u00fcn iyi niyetimize ra\u011fmen insanlar konusundaki alg\u0131m\u0131z \u00e7\u00f6lde g\u00f6r\u00fclen seraplara benzer. Bak\u0131\u015f a\u00e7\u0131m\u0131z, kendi ihtiya\u00e7lar\u0131m\u0131z ve arzular\u0131m\u0131zla kirlenir. Bu kitap kendinizi ve ba\u015fkalar\u0131n\u0131 belki de ilk kez bu kadar ger\u00e7ek\u00e7i g\u00f6rmenizi sa\u011flayacak.- Scott Barry Kaufman, Bilim Direkt\u00f6r\u00fc, Imagination Institute, Positive Psychology Center, Pennsylvania \u00dcniversitesi<\/p>\n","protected":false},"excerpt":{"rendered":"<p>Kendinizi kar\u015f\u0131n\u0131zdakine anlatamad\u0131\u011f\u0131n\u0131z zamanlar olur mu?Ya da sizi anlamad\u0131\u011f\u0131n\u0131 veya yanl\u0131\u015f anlad\u0131\u011f\u0131n\u0131 hissetti\u011finiz?Mutlaka olur, hem de s\u0131k s\u0131k&#8230; Ama bu konuda yaln\u0131z de\u011filsiniz. \u00c7o\u011fumuz ba\u015fkalar\u0131n\u0131n bizi,<span class=\"excerpt-hellip\"> [\u2026]<\/span><\/p>\n","protected":false},"featured_media":0,"template":"","meta":{"_monsterinsights_skip_tracking":false,"_monsterinsights_sitenote_active":false,"_monsterinsights_sitenote_note":"","_monsterinsights_sitenote_category":0},"product_brand":[],"product_cat":[12364,12376],"product_tag":[],"class_list":{"0":"post-707402","1":"product","2":"type-product","3":"status-publish","5":"product_cat-genel-konular","6":"product_cat-kisisel-gelisim","7":"pa_cilt-ciltsiz","8":"pa_tur-kitap","9":"pa_yayinevi-kuraldisi-yayinevi","10":"pa_yazar-heidi-grant-halvorson","12":"first","13":"instock","14":"sale","15":"shipping-taxable","16":"purchasable","17":"product-type-simple"},"_links":{"self":[{"href":"https:\/\/roveyayinevi.com.tr\/index.php\/wp-json\/wp\/v2\/product\/707402","targetHints":{"allow":["GET"]}}],"collection":[{"href":"https:\/\/roveyayinevi.com.tr\/index.php\/wp-json\/wp\/v2\/product"}],"about":[{"href":"https:\/\/roveyayinevi.com.tr\/index.php\/wp-json\/wp\/v2\/types\/product"}],"wp:attachment":[{"href":"https:\/\/roveyayinevi.com.tr\/index.php\/wp-json\/wp\/v2\/media?parent=707402"}],"wp:term":[{"taxonomy":"product_brand","embeddable":true,"href":"https:\/\/roveyayinevi.com.tr\/index.php\/wp-json\/wp\/v2\/product_brand?post=707402"},{"taxonomy":"product_cat","embeddable":true,"href":"https:\/\/roveyayinevi.com.tr\/index.php\/wp-json\/wp\/v2\/product_cat?post=707402"},{"taxonomy":"product_tag","embeddable":true,"href":"https:\/\/roveyayinevi.com.tr\/index.php\/wp-json\/wp\/v2\/product_tag?post=707402"}],"curies":[{"name":"wp","href":"https:\/\/api.w.org\/{rel}","templated":true}]}}