{"id":707401,"date":"2025-08-27T16:04:48","date_gmt":"2025-08-27T13:04:48","guid":{"rendered":"https:\/\/roveyayinevi.com.tr\/index.php\/urun\/hukuk-ve-ekonomi\/"},"modified":"2026-04-16T02:16:15","modified_gmt":"2026-04-15T23:16:15","slug":"hukuk-ve-ekonomi","status":"publish","type":"product","link":"https:\/\/roveyayinevi.com.tr\/index.php\/urun\/hukuk-ve-ekonomi\/","title":{"rendered":"Hukuk ve Ekonomi"},"content":{"rendered":"<p>Ekonomik \u00e7\u00f6z\u00fcmleme, art\u0131k piyasan\u0131n geleneksel s\u0131n\u0131rlar\u0131n\u0131n d\u0131\u015f\u0131nda kalan alanlara uygulanmaya ba\u015fland\u0131. Hukuka ekonomik yakla\u015f\u0131m, hem en pop\u00fcler hem de sonu\u00e7lar\u0131 bak\u0131m\u0131ndan en \u00f6nemli olan\u0131d\u0131r \u00e7\u00fcnk\u00fc hukuk hatalar\u0131n\u0131n ve d\u00fczenleme eksiklerinin maliyetleri \u00e7ok y\u00fcksektir. Bu durum, kanunlar\u0131n ve hukuk\u00ee kurumlar\u0131n olu\u015fmas\u0131n\u0131, yap\u0131s\u0131n\u0131, s\u00fcre\u00e7lerini ve etkilerini incelemek i\u00e7in fiyat kuram\u0131 ba\u015fta olmak \u00fczere ekonomik d\u00fc\u015f\u00fcncelerden ve istatistik y\u00f6ntemlerinden yaralanmay\u0131 gerekli hale getiriyor.Kanunlar\u0131n ekonomik maliyetini ele alan giri\u015f niteli\u011findeki bu kitap, ekonomik \u00e7\u00f6z\u00fcmlemelerin hukuk\u00ee d\u00fc\u015f\u00fcnce ve uygulamalar \u00fczerindeki etkisini ve \u00f6nemini inceliyor. M\u00fclkiyet haklar\u0131, k\u00e2r-maliyet analizleri, kamu tercihi d\u00fc\u015f\u00fcncesi ve di\u011fer ekonomik yakla\u015f\u0131mlar, hukukun \u00e7al\u0131\u015fma alan\u0131na giren y\u00f6nleriyle okuyucuya sade ve g\u00fcvenilir bir \u015fekilde sunuluyor.Hukuk ve Ekonomi, \u00f6zellikle ekonomi ve hukuk \u00f6\u011frencileri i\u00e7in temel bir ba\u015flang\u0131\u00e7 metni olma iddias\u0131n\u0131 ta\u015f\u0131yor. <\/p>\n","protected":false},"excerpt":{"rendered":"<p>Ekonomik \u00e7\u00f6z\u00fcmleme, art\u0131k piyasan\u0131n geleneksel s\u0131n\u0131rlar\u0131n\u0131n d\u0131\u015f\u0131nda kalan alanlara uygulanmaya ba\u015fland\u0131. Hukuka ekonomik yakla\u015f\u0131m, hem en pop\u00fcler hem de sonu\u00e7lar\u0131 bak\u0131m\u0131ndan en \u00f6nemli olan\u0131d\u0131r \u00e7\u00fcnk\u00fc hukuk<span class=\"excerpt-hellip\"> [\u2026]<\/span><\/p>\n","protected":false},"featured_media":0,"template":"","meta":{"_monsterinsights_skip_tracking":false,"_monsterinsights_sitenote_active":false,"_monsterinsights_sitenote_note":"","_monsterinsights_sitenote_category":0},"product_brand":[],"product_cat":[13043],"product_tag":[],"class_list":{"0":"post-707401","1":"product","2":"type-product","3":"status-publish","5":"product_cat-ekonomi","6":"pa_cilt-ciltsiz","7":"pa_tur-kitap","8":"pa_yayinevi-liberte-yayinlari","9":"pa_yazar-cento-veljanovski","11":"first","12":"instock","13":"sale","14":"shipping-taxable","15":"purchasable","16":"product-type-simple"},"_links":{"self":[{"href":"https:\/\/roveyayinevi.com.tr\/index.php\/wp-json\/wp\/v2\/product\/707401","targetHints":{"allow":["GET"]}}],"collection":[{"href":"https:\/\/roveyayinevi.com.tr\/index.php\/wp-json\/wp\/v2\/product"}],"about":[{"href":"https:\/\/roveyayinevi.com.tr\/index.php\/wp-json\/wp\/v2\/types\/product"}],"wp:attachment":[{"href":"https:\/\/roveyayinevi.com.tr\/index.php\/wp-json\/wp\/v2\/media?parent=707401"}],"wp:term":[{"taxonomy":"product_brand","embeddable":true,"href":"https:\/\/roveyayinevi.com.tr\/index.php\/wp-json\/wp\/v2\/product_brand?post=707401"},{"taxonomy":"product_cat","embeddable":true,"href":"https:\/\/roveyayinevi.com.tr\/index.php\/wp-json\/wp\/v2\/product_cat?post=707401"},{"taxonomy":"product_tag","embeddable":true,"href":"https:\/\/roveyayinevi.com.tr\/index.php\/wp-json\/wp\/v2\/product_tag?post=707401"}],"curies":[{"name":"wp","href":"https:\/\/api.w.org\/{rel}","templated":true}]}}