{"id":707400,"date":"2025-08-27T16:04:47","date_gmt":"2025-08-27T13:04:47","guid":{"rendered":"https:\/\/roveyayinevi.com.tr\/index.php\/urun\/kontrollu-guc-insan-davranislarinin-evrimi\/"},"modified":"2026-04-16T02:16:15","modified_gmt":"2026-04-15T23:16:15","slug":"kontrollu-guc-insan-davranislarinin-evrimi","status":"publish","type":"product","link":"https:\/\/roveyayinevi.com.tr\/index.php\/urun\/kontrollu-guc-insan-davranislarinin-evrimi\/","title":{"rendered":"Kontroll\u00fc G\u00fc\u00e7: \u0130nsan Davran\u0131\u015flar\u0131n\u0131n Evrimi"},"content":{"rendered":"<p>Kontroll\u00fc G\u00fc\u00e7, kuramsal temelini evrimsel biyolojiye dayand\u0131rarak insan davran\u0131\u015f bi\u00e7iminin di\u011fer hayvan t\u00fcrlerinin davran\u0131\u015f bi\u00e7imlerinden nas\u0131l farkl\u0131 bir evrim ge\u00e7irdi\u011fini anlat\u0131yor.\u0130nsan davran\u0131\u015f\u0131n\u0131 sadece anlamak de\u011fil, ayn\u0131 zamanda de\u011fi\u015ftirmek \u00fczerine yap\u0131lan \u00e7al\u0131\u015fmalar\u0131n bir uzant\u0131s\u0131 olan Kontroll\u00fc G\u00fc\u00e7, davran\u0131\u015f d\u00fcnyas\u0131n\u0131 i\u015flevselci\/adaptasyoncu g\u00f6r\u00fc\u015flerin \u0131\u015f\u0131\u011f\u0131nda de\u011ferlendiriyor ve standart insan davran\u0131\u015f\u0131 a\u00e7\u0131klamalar\u0131n\u0131n y\u00f6ntemini kullanmay\u0131 reddediyor. \u00c7evresini kontrol etme yetisi s\u0131n\u0131rl\u0131 bir canl\u0131 olmaktan, d\u00fcnyada b\u00fcy\u00fck \u00e7evresel de\u011fi\u015fikliklere yol a\u00e7an \u015fimdiki davran\u0131\u015f repertuar\u0131m\u0131za do\u011fru nesiller boyunca ad\u0131m ad\u0131m nas\u0131l ilerledi\u011fimizi, evrim mant\u0131\u011f\u0131n\u0131 kullanarak a\u00e7\u0131kl\u0131yor.Bu \u015fa\u015f\u0131rt\u0131c\u0131 ve k\u0131\u015fk\u0131rt\u0131c\u0131 kitap, evrim psikologlar\u0131na ve biyologlar\u0131na, antropologlara ve t\u00fcm bilim camias\u0131na taze bak\u0131\u015f a\u00e7\u0131lar\u0131 sunuyor.Robert Aunger, London School of Hygiene and Tropical Medicine\u2019\u0131n Hijyen Merkezi\u2019nde evrimsel halk sa\u011fl\u0131\u011f\u0131 \u00fczerine ara\u015ft\u0131rmalar\u0131n\u0131 s\u00fcrd\u00fcr\u00fcyor.Valerie Curtis, London School of Hygiene and Tropical Medicine\u2019da \u00c7evre Sa\u011fl\u0131\u011f\u0131 Grubu\u2019nun direkt\u00f6r\u00fc.<\/p>\n","protected":false},"excerpt":{"rendered":"<p>Kontroll\u00fc G\u00fc\u00e7, kuramsal temelini evrimsel biyolojiye dayand\u0131rarak insan davran\u0131\u015f bi\u00e7iminin di\u011fer hayvan t\u00fcrlerinin davran\u0131\u015f bi\u00e7imlerinden nas\u0131l farkl\u0131 bir evrim ge\u00e7irdi\u011fini anlat\u0131yor.\u0130nsan davran\u0131\u015f\u0131n\u0131 sadece anlamak de\u011fil, ayn\u0131<span class=\"excerpt-hellip\"> [\u2026]<\/span><\/p>\n","protected":false},"featured_media":0,"template":"","meta":{"_monsterinsights_skip_tracking":false,"_monsterinsights_sitenote_active":false,"_monsterinsights_sitenote_note":"","_monsterinsights_sitenote_category":0},"product_brand":[],"product_cat":[12358,12357],"product_tag":[],"class_list":{"0":"post-707400","1":"product","2":"type-product","3":"status-publish","5":"product_cat-genel-psikoloji","6":"product_cat-psikoloji","7":"pa_cilt-ciltsiz","8":"pa_tur-kitap","9":"pa_yayinevi-koc-universitesi-yayinlari","10":"pa_yazar-robert-aunger","12":"first","13":"instock","14":"sale","15":"shipping-taxable","16":"purchasable","17":"product-type-simple"},"_links":{"self":[{"href":"https:\/\/roveyayinevi.com.tr\/index.php\/wp-json\/wp\/v2\/product\/707400","targetHints":{"allow":["GET"]}}],"collection":[{"href":"https:\/\/roveyayinevi.com.tr\/index.php\/wp-json\/wp\/v2\/product"}],"about":[{"href":"https:\/\/roveyayinevi.com.tr\/index.php\/wp-json\/wp\/v2\/types\/product"}],"wp:attachment":[{"href":"https:\/\/roveyayinevi.com.tr\/index.php\/wp-json\/wp\/v2\/media?parent=707400"}],"wp:term":[{"taxonomy":"product_brand","embeddable":true,"href":"https:\/\/roveyayinevi.com.tr\/index.php\/wp-json\/wp\/v2\/product_brand?post=707400"},{"taxonomy":"product_cat","embeddable":true,"href":"https:\/\/roveyayinevi.com.tr\/index.php\/wp-json\/wp\/v2\/product_cat?post=707400"},{"taxonomy":"product_tag","embeddable":true,"href":"https:\/\/roveyayinevi.com.tr\/index.php\/wp-json\/wp\/v2\/product_tag?post=707400"}],"curies":[{"name":"wp","href":"https:\/\/api.w.org\/{rel}","templated":true}]}}