{"id":707399,"date":"2025-08-27T16:04:47","date_gmt":"2025-08-27T13:04:47","guid":{"rendered":"https:\/\/roveyayinevi.com.tr\/index.php\/urun\/eskort-2-kitap\/"},"modified":"2026-04-16T02:16:15","modified_gmt":"2026-04-15T23:16:15","slug":"eskort-2-kitap","status":"publish","type":"product","link":"https:\/\/roveyayinevi.com.tr\/index.php\/urun\/eskort-2-kitap\/","title":{"rendered":"Eskort 2. Kitap"},"content":{"rendered":"<p>Hayatta kalmak i\u00e7in her \u015feyi g\u00f6ze al\u0131r m\u0131yd\u0131n\u0131z?On sekiz ya\u015f\u0131ndaki Amber Lacombe\u2019un k\u0131\u015f ortas\u0131nda bir g\u00fcn evsiz ve paras\u0131z kald\u0131\u011f\u0131nda sadece iki se\u00e7ene\u011fi vard\u0131:Ya donarak \u00f6lecek ya da aylar \u00f6nce kendisine i\u015f teklif eden gizemli kad\u0131n\u0131 arayacakt\u0131. Amber\u2019\u0131n bu gizemli kad\u0131n\u0131 aramas\u0131yla b\u00fct\u00fcn ya\u015fam\u0131 ak\u0131l almaz bir bi\u00e7imde de\u011fi\u015fti.Amber art\u0131k bir eskorttu. Di\u011fer taraftan bu i\u015fe Amber\u2019\u0131n uymas\u0131 gereken tek bir kural vard\u0131: M\u00fc\u015fterileriyle asla seks yapmamak. Bu ba\u015flang\u0131\u00e7ta Amber i\u00e7in \u00e7ocuk oyunca\u011f\u0131 gibi g\u00f6r\u00fcnse de, i\u015fler d\u00fc\u015f\u00fcnd\u00fc\u011f\u00fc gibi gitmeyecekti.\u0130lk m\u00fc\u015fterisi Maximillian Black\u2019in hayat\u0131na girmesiyle Amber\u2019\u0131n hayat\u0131ndaki hi\u00e7bir \u015fey eskisi gibi olmayacakt\u0131.<\/p>\n","protected":false},"excerpt":{"rendered":"<p>Hayatta kalmak i\u00e7in her \u015feyi g\u00f6ze al\u0131r m\u0131yd\u0131n\u0131z?On sekiz ya\u015f\u0131ndaki Amber Lacombe\u2019un k\u0131\u015f ortas\u0131nda bir g\u00fcn evsiz ve paras\u0131z kald\u0131\u011f\u0131nda sadece iki se\u00e7ene\u011fi vard\u0131:Ya donarak \u00f6lecek<span class=\"excerpt-hellip\"> [\u2026]<\/span><\/p>\n","protected":false},"featured_media":0,"template":"","meta":{"_monsterinsights_skip_tracking":false,"_monsterinsights_sitenote_active":false,"_monsterinsights_sitenote_note":"","_monsterinsights_sitenote_category":0},"product_brand":[],"product_cat":[12291,12711],"product_tag":[],"class_list":{"0":"post-707399","1":"product","2":"type-product","3":"status-publish","5":"product_cat-edebiyat","6":"product_cat-roman-oyku","7":"pa_cilt-ciltsiz","8":"pa_tur-kitap","9":"pa_yayinevi-marti-yayinlari","10":"pa_yazar-sierra-winter","12":"first","13":"instock","14":"sale","15":"shipping-taxable","16":"purchasable","17":"product-type-simple"},"_links":{"self":[{"href":"https:\/\/roveyayinevi.com.tr\/index.php\/wp-json\/wp\/v2\/product\/707399","targetHints":{"allow":["GET"]}}],"collection":[{"href":"https:\/\/roveyayinevi.com.tr\/index.php\/wp-json\/wp\/v2\/product"}],"about":[{"href":"https:\/\/roveyayinevi.com.tr\/index.php\/wp-json\/wp\/v2\/types\/product"}],"wp:attachment":[{"href":"https:\/\/roveyayinevi.com.tr\/index.php\/wp-json\/wp\/v2\/media?parent=707399"}],"wp:term":[{"taxonomy":"product_brand","embeddable":true,"href":"https:\/\/roveyayinevi.com.tr\/index.php\/wp-json\/wp\/v2\/product_brand?post=707399"},{"taxonomy":"product_cat","embeddable":true,"href":"https:\/\/roveyayinevi.com.tr\/index.php\/wp-json\/wp\/v2\/product_cat?post=707399"},{"taxonomy":"product_tag","embeddable":true,"href":"https:\/\/roveyayinevi.com.tr\/index.php\/wp-json\/wp\/v2\/product_tag?post=707399"}],"curies":[{"name":"wp","href":"https:\/\/api.w.org\/{rel}","templated":true}]}}