{"id":707398,"date":"2025-08-27T16:04:46","date_gmt":"2025-08-27T13:04:46","guid":{"rendered":"https:\/\/roveyayinevi.com.tr\/index.php\/urun\/uyyyy-aha\/"},"modified":"2026-04-16T02:16:15","modified_gmt":"2026-04-15T23:16:15","slug":"uyyyy-aha","status":"publish","type":"product","link":"https:\/\/roveyayinevi.com.tr\/index.php\/urun\/uyyyy-aha\/","title":{"rendered":"Uyyyy&#8230; Aha!"},"content":{"rendered":"<p>Ve gecelerde bir b\u0131\u00e7ak Uyur uyan\u0131r Keser bi\u00e7er an\u0131lar\u0131n\u0131 g\u00f6\u00e7 etmi\u015f k\u0131rlang\u0131\u00e7lar\u0131n Deniz sular\u0131na d\u00fc\u015fm\u00fc\u015f g\u00f6lgelerini Kalbimin \u00e7arp\u0131nt\u0131lar\u0131na yak\u0131\u015ft\u0131r\u0131r Ya\u011fmur ya\u011fd\u0131k\u00e7a \u0131slanan ayak izlerime Sana ko\u015farkenki Bir b\u0131\u00e7ak&#8230; Bir b\u0131\u00e7ak kadar yaln\u0131z\u0131m Ko\u015farken sana&#8230; \u00d6zlerken seni&#8230; Bir b\u0131\u00e7a\u011f\u0131n keskin ucu f\u0131s\u0131ldad\u0131 kula\u011f\u0131ma: Var\u0131lmazm\u0131\u015f sana Ko\u015fuyorum, ko\u015fuyorum, ko\u015fuyorum&#8230; Ko\u015fulurmu\u015f yaln\u0131zca &#8220;He yana yana&#8221; <\/p>\n","protected":false},"excerpt":{"rendered":"<p>Ve gecelerde bir b\u0131\u00e7ak Uyur uyan\u0131r Keser bi\u00e7er an\u0131lar\u0131n\u0131 g\u00f6\u00e7 etmi\u015f k\u0131rlang\u0131\u00e7lar\u0131n Deniz sular\u0131na d\u00fc\u015fm\u00fc\u015f g\u00f6lgelerini Kalbimin \u00e7arp\u0131nt\u0131lar\u0131na yak\u0131\u015ft\u0131r\u0131r Ya\u011fmur ya\u011fd\u0131k\u00e7a \u0131slanan ayak izlerime Sana ko\u015farkenki<span class=\"excerpt-hellip\"> [\u2026]<\/span><\/p>\n","protected":false},"featured_media":0,"template":"","meta":{"_monsterinsights_skip_tracking":false,"_monsterinsights_sitenote_active":false,"_monsterinsights_sitenote_note":"","_monsterinsights_sitenote_category":0},"product_brand":[],"product_cat":[12291,12509],"product_tag":[],"class_list":{"0":"post-707398","1":"product","2":"type-product","3":"status-publish","5":"product_cat-edebiyat","6":"product_cat-siir","7":"pa_cilt-ciltsiz","8":"pa_tur-kitap","9":"pa_yayinevi-medakitap-yayinlari","10":"pa_yazar-m-mahzun-dogan","12":"first","13":"instock","14":"sale","15":"shipping-taxable","16":"purchasable","17":"product-type-simple"},"_links":{"self":[{"href":"https:\/\/roveyayinevi.com.tr\/index.php\/wp-json\/wp\/v2\/product\/707398","targetHints":{"allow":["GET"]}}],"collection":[{"href":"https:\/\/roveyayinevi.com.tr\/index.php\/wp-json\/wp\/v2\/product"}],"about":[{"href":"https:\/\/roveyayinevi.com.tr\/index.php\/wp-json\/wp\/v2\/types\/product"}],"wp:attachment":[{"href":"https:\/\/roveyayinevi.com.tr\/index.php\/wp-json\/wp\/v2\/media?parent=707398"}],"wp:term":[{"taxonomy":"product_brand","embeddable":true,"href":"https:\/\/roveyayinevi.com.tr\/index.php\/wp-json\/wp\/v2\/product_brand?post=707398"},{"taxonomy":"product_cat","embeddable":true,"href":"https:\/\/roveyayinevi.com.tr\/index.php\/wp-json\/wp\/v2\/product_cat?post=707398"},{"taxonomy":"product_tag","embeddable":true,"href":"https:\/\/roveyayinevi.com.tr\/index.php\/wp-json\/wp\/v2\/product_tag?post=707398"}],"curies":[{"name":"wp","href":"https:\/\/api.w.org\/{rel}","templated":true}]}}