{"id":707395,"date":"2025-08-27T16:04:45","date_gmt":"2025-08-27T13:04:45","guid":{"rendered":"https:\/\/roveyayinevi.com.tr\/index.php\/urun\/gecmisin-yukunden-kurtulmak\/"},"modified":"2025-11-13T03:59:31","modified_gmt":"2025-11-13T00:59:31","slug":"gecmisin-yukunden-kurtulmak","status":"publish","type":"product","link":"https:\/\/roveyayinevi.com.tr\/index.php\/urun\/gecmisin-yukunden-kurtulmak\/","title":{"rendered":"Ge\u00e7mi\u015fin Y\u00fck\u00fcnden Kurtulmak"},"content":{"rendered":"<p>Ge\u00e7mi\u015fin y\u00fck\u00fcn\u00fcn hayat\u0131n\u0131z\u0131, ili\u015fkilerinizi nas\u0131l etkiledi\u011finin fark\u0131nda m\u0131s\u0131n\u0131z? Daha da \u00f6nemlisi bu y\u00fckten nas\u0131lkurtulaca\u011f\u0131n\u0131z\u0131 biliyor musunuz? Kurtulman\u0131z gerekir, \u00e7\u00fcnk\u00fc y\u00fczle\u015fmekten ka\u00e7t\u0131\u011f\u0131n\u0131z her \u015fey s\u0131rt\u0131n\u0131za y\u00fck olur!Ge\u00e7mi\u015finizde t\u00fcm\u00fcyle anlayamad\u0131\u011f\u0131n\u0131z, \u00e7\u00f6zemedi\u011finiz, ac\u0131 veren ne kadar \u015fey varsa hepsini s\u0131rt\u0131n\u0131zda bir y\u00fckolarak ta\u015f\u0131yorsunuz. \u00dcstelik \u00e7ok zaman bu y\u00fck\u00fcn ve a\u011f\u0131rl\u0131\u011f\u0131n\u0131n fark\u0131nda bile olmadan, sizi nas\u0131l a\u015fa\u011f\u0131ya \u00e7ekti\u011finianlamadan ya\u015f\u0131yorsunuz ve bu y\u00fck ya\u015fam\u0131n\u0131z\u0131n &#8220;ola\u011fan&#8221; bir par\u00e7as\u0131 oluyor. Oysa bu durum hi\u00e7 de ola\u011fan de\u011fil!Sizi hem belli kal\u0131plar i\u00e7inde d\u00fc\u015f\u00fcnmeye zorluyor hem de \u00e7e\u015fitli korkularla, endi\u015felerle davranman\u0131za yol a\u00e7\u0131yor.Sonu\u00e7ta size hayat\u0131n\u0131zla ilgili olarak ger\u00e7ek olmayan, &#8220;as\u0131ls\u0131z&#8221; bir hik\u00e2ye sunuyor ve buna g\u00f6re ya\u015fam\u0131n\u0131z\u0131s\u00fcrd\u00fcrd\u00fc\u011f\u00fcn\u00fczde \u00e7\u0131kmaza giriyorsunuz&#8230;Hayat\u0131n\u0131z\u0131n kalitesini artt\u0131rmak i\u00e7in ge\u00e7mi\u015fin y\u00fck\u00fcnden kurtulman\u0131z ve ger\u00e7ek hik\u00e2yenize kavu\u015fman\u0131n yolunubulman\u0131z \u015fartt\u0131r. Bryan Hubbard tam da bu yolu g\u00f6steriyor; kendi ge\u00e7mi\u015finin y\u00fck\u00fcnden kurtulup as\u0131l hik\u00e2yesininas\u0131l ke\u015ffetti\u011fini anlat\u0131rken \u00f6nerdi\u011fi egzersizlerle bize de bunu ba\u015farman\u0131n pratik yollar\u0131n\u0131 sunuyor.\u201c\u00d6yle bir kitap ki son sayfay\u0131 okuyup bitirdikten sonra bile haftalarca etkisi devam ediyor. Bir ge\u00e7mi\u015fiba\u011f\u0131\u015flama hik\u00e2yesi, b\u00fct\u00fcn karma\u015f\u0131kl\u0131\u011f\u0131 i\u00e7inde insan olmaya dair \u00f6zg\u00fcn bir teori ve ge\u00e7mi\u015finizin \u015feytanlar\u0131n\u0131 altetmek i\u00e7in pratik bir uygulama&#8230; Her arkada\u015f\u0131n\u0131z\u0131n eline tutu\u015fturaca\u011f\u0131n\u0131z bir kitap..\u201d<\/p>\n","protected":false},"excerpt":{"rendered":"<p>Ge\u00e7mi\u015fin y\u00fck\u00fcn\u00fcn hayat\u0131n\u0131z\u0131, ili\u015fkilerinizi nas\u0131l etkiledi\u011finin fark\u0131nda m\u0131s\u0131n\u0131z? Daha da \u00f6nemlisi bu y\u00fckten nas\u0131lkurtulaca\u011f\u0131n\u0131z\u0131 biliyor musunuz? Kurtulman\u0131z gerekir, \u00e7\u00fcnk\u00fc y\u00fczle\u015fmekten ka\u00e7t\u0131\u011f\u0131n\u0131z her \u015fey s\u0131rt\u0131n\u0131za y\u00fck olur!Ge\u00e7mi\u015finizde<span class=\"excerpt-hellip\"> [\u2026]<\/span><\/p>\n","protected":false},"featured_media":0,"template":"","meta":{"_monsterinsights_skip_tracking":false,"_monsterinsights_sitenote_active":false,"_monsterinsights_sitenote_note":"","_monsterinsights_sitenote_category":0},"product_brand":[],"product_cat":[12364,12376],"product_tag":[],"class_list":{"0":"post-707395","1":"product","2":"type-product","3":"status-publish","5":"product_cat-genel-konular","6":"product_cat-kisisel-gelisim","7":"pa_cilt-ciltsiz","8":"pa_tur-kitap","9":"pa_yayinevi-kuraldisi-yayinevi","10":"pa_yazar-bryan-hubbard","12":"first","13":"instock","14":"sale","15":"shipping-taxable","16":"purchasable","17":"product-type-simple"},"_links":{"self":[{"href":"https:\/\/roveyayinevi.com.tr\/index.php\/wp-json\/wp\/v2\/product\/707395","targetHints":{"allow":["GET"]}}],"collection":[{"href":"https:\/\/roveyayinevi.com.tr\/index.php\/wp-json\/wp\/v2\/product"}],"about":[{"href":"https:\/\/roveyayinevi.com.tr\/index.php\/wp-json\/wp\/v2\/types\/product"}],"wp:attachment":[{"href":"https:\/\/roveyayinevi.com.tr\/index.php\/wp-json\/wp\/v2\/media?parent=707395"}],"wp:term":[{"taxonomy":"product_brand","embeddable":true,"href":"https:\/\/roveyayinevi.com.tr\/index.php\/wp-json\/wp\/v2\/product_brand?post=707395"},{"taxonomy":"product_cat","embeddable":true,"href":"https:\/\/roveyayinevi.com.tr\/index.php\/wp-json\/wp\/v2\/product_cat?post=707395"},{"taxonomy":"product_tag","embeddable":true,"href":"https:\/\/roveyayinevi.com.tr\/index.php\/wp-json\/wp\/v2\/product_tag?post=707395"}],"curies":[{"name":"wp","href":"https:\/\/api.w.org\/{rel}","templated":true}]}}