{"id":707394,"date":"2025-08-27T16:04:45","date_gmt":"2025-08-27T13:04:45","guid":{"rendered":"https:\/\/roveyayinevi.com.tr\/index.php\/urun\/kucuk-asyanin-tarih-oncesi\/"},"modified":"2026-04-16T02:16:15","modified_gmt":"2026-04-15T23:16:15","slug":"kucuk-asyanin-tarih-oncesi","status":"publish","type":"product","link":"https:\/\/roveyayinevi.com.tr\/index.php\/urun\/kucuk-asyanin-tarih-oncesi\/","title":{"rendered":"K\u00fc\u00e7\u00fck Asya\u2019n\u0131n Tarih \u00d6ncesi"},"content":{"rendered":"<p>Bleda S. D\u00fcring, co\u011frafi olarak g\u00fcn\u00fcm\u00fcz T\u00fcrkiye\u2019sinin b\u00fcy\u00fck bir k\u0131sm\u0131yla \u00f6rt\u00fc\u015fen K\u00fc\u00e7\u00fck Asya\u2019n\u0131n M\u00d6 20.000\u2019den 2000\u2019e kadarki d\u00f6neminin arkeolojik bir analizini sunuyor. \u0130nsan topluluklar\u0131n\u0131n k\u00fc\u00e7\u00fck \u00f6l\u00e7ekli avc\u0131-toplay\u0131c\u0131 gruplardan, tar\u0131ma ve end\u00fcstriye dayal\u0131 ekonomileri olan, karma\u015f\u0131k ve hiyerar\u015fik toplumlara d\u00f6n\u00fc\u015ft\u00fc\u011f\u00fc d\u00f6nemi ele alan D\u00fcring, sonunda b\u00fct\u00fcn Avrasya\u2019ya ula\u015fan Neolitik ya\u015fam bi\u00e7iminin yay\u0131l\u0131\u015f\u0131n\u0131n ve hayvanlar\u0131n evcille\u015ftirilmesi, metal\u00fcrji, tahkimli kentler, uzun mesafe ticaret a\u011flar\u0131 dahil olmak \u00fczere insanl\u0131k tarihindeki temel geli\u015fmelerin izini s\u00fcr\u00fcyor.Avrupa ile Asya\u2019n\u0131n kesi\u015fme noktas\u0131nda yer alan K\u00fc\u00e7\u00fck Asya, genellikle teknoloji ve fikirlerin ge\u00e7i\u015fi i\u00e7in bir k\u00f6pr\u00fc olarak alg\u0131lanm\u0131\u015ft\u0131r. Bu alg\u0131ya kar\u015f\u0131 \u00e7\u0131kan D\u00fcring, K\u00fc\u00e7\u00fck Asya\u2019da k\u00fclt\u00fcrel geli\u015fmelerin M\u00d6 9000\u2019lerden itibaren kendine \u00f6zg\u00fc bir gidi\u015fat izledi\u011fini ileri s\u00fcr\u00fcyor.Bleda S. D\u00fcring, Leiden \u00dcniversitesi Yak\u0131ndo\u011fu Arkeolojisi B\u00f6l\u00fcm\u00fc\u2019nde do\u00e7ent.<\/p>\n","protected":false},"excerpt":{"rendered":"<p>Bleda S. D\u00fcring, co\u011frafi olarak g\u00fcn\u00fcm\u00fcz T\u00fcrkiye\u2019sinin b\u00fcy\u00fck bir k\u0131sm\u0131yla \u00f6rt\u00fc\u015fen K\u00fc\u00e7\u00fck Asya\u2019n\u0131n M\u00d6 20.000\u2019den 2000\u2019e kadarki d\u00f6neminin arkeolojik bir analizini sunuyor. \u0130nsan topluluklar\u0131n\u0131n k\u00fc\u00e7\u00fck \u00f6l\u00e7ekli<span class=\"excerpt-hellip\"> [\u2026]<\/span><\/p>\n","protected":false},"featured_media":0,"template":"","meta":{"_monsterinsights_skip_tracking":false,"_monsterinsights_sitenote_active":false,"_monsterinsights_sitenote_note":"","_monsterinsights_sitenote_category":0},"product_brand":[],"product_cat":[12370,12304],"product_tag":[],"class_list":{"0":"post-707394","1":"product","2":"type-product","3":"status-publish","5":"product_cat-arastirma-inceleme","6":"product_cat-tarih","7":"pa_cilt-ciltsiz","8":"pa_tur-kitap","9":"pa_yayinevi-koc-universitesi-yayinlari","10":"pa_yazar-bleda-s-during","12":"first","13":"instock","14":"sale","15":"shipping-taxable","16":"purchasable","17":"product-type-simple"},"_links":{"self":[{"href":"https:\/\/roveyayinevi.com.tr\/index.php\/wp-json\/wp\/v2\/product\/707394","targetHints":{"allow":["GET"]}}],"collection":[{"href":"https:\/\/roveyayinevi.com.tr\/index.php\/wp-json\/wp\/v2\/product"}],"about":[{"href":"https:\/\/roveyayinevi.com.tr\/index.php\/wp-json\/wp\/v2\/types\/product"}],"wp:attachment":[{"href":"https:\/\/roveyayinevi.com.tr\/index.php\/wp-json\/wp\/v2\/media?parent=707394"}],"wp:term":[{"taxonomy":"product_brand","embeddable":true,"href":"https:\/\/roveyayinevi.com.tr\/index.php\/wp-json\/wp\/v2\/product_brand?post=707394"},{"taxonomy":"product_cat","embeddable":true,"href":"https:\/\/roveyayinevi.com.tr\/index.php\/wp-json\/wp\/v2\/product_cat?post=707394"},{"taxonomy":"product_tag","embeddable":true,"href":"https:\/\/roveyayinevi.com.tr\/index.php\/wp-json\/wp\/v2\/product_tag?post=707394"}],"curies":[{"name":"wp","href":"https:\/\/api.w.org\/{rel}","templated":true}]}}