{"id":707393,"date":"2025-08-27T16:04:44","date_gmt":"2025-08-27T13:04:44","guid":{"rendered":"https:\/\/roveyayinevi.com.tr\/index.php\/urun\/ilk-bilgi-hazinem-hayvanlar\/"},"modified":"2026-04-16T02:16:15","modified_gmt":"2026-04-15T23:16:15","slug":"ilk-bilgi-hazinem-hayvanlar","status":"publish","type":"product","link":"https:\/\/roveyayinevi.com.tr\/index.php\/urun\/ilk-bilgi-hazinem-hayvanlar\/","title":{"rendered":"\u0130lk Bilgi Hazinem &#8211; Hayvanlar"},"content":{"rendered":"<p>Hadi gel Hadi gel Afrika \u00e7ay\u0131rlar\u0131nda bir y\u00fcr\u00fcy\u00fc\u015fe \u00e7\u0131kal\u0131m seninle.\u00c7ita t\u00fcm g\u00fcc\u00fc ve h\u0131z\u0131yla d\u00fc\u015fm\u00fc\u015f ceylan\u0131n pe\u015fine\u2026Filler t\u00fcm sevimlilikleriyle su i\u00e7iyorlar, timsahlar nehirde saklan\u0131yor, z\u00fcrafalar arkada\u015flar\u0131na yakla\u015fan tehlikeyi haber veriyorlar.Bu kitap, Afrika \u00e7ay\u0131rlar\u0131nda ya\u015fayan hayvanlar\u0131 anlat\u0131yor.<\/p>\n","protected":false},"excerpt":{"rendered":"<p>Hadi gel Hadi gel Afrika \u00e7ay\u0131rlar\u0131nda bir y\u00fcr\u00fcy\u00fc\u015fe \u00e7\u0131kal\u0131m seninle.\u00c7ita t\u00fcm g\u00fcc\u00fc ve h\u0131z\u0131yla d\u00fc\u015fm\u00fc\u015f ceylan\u0131n pe\u015fine\u2026Filler t\u00fcm sevimlilikleriyle su i\u00e7iyorlar, timsahlar nehirde saklan\u0131yor, z\u00fcrafalar arkada\u015flar\u0131na<span class=\"excerpt-hellip\"> [\u2026]<\/span><\/p>\n","protected":false},"featured_media":0,"template":"","meta":{"_monsterinsights_skip_tracking":false,"_monsterinsights_sitenote_active":false,"_monsterinsights_sitenote_note":"","_monsterinsights_sitenote_category":0},"product_brand":[],"product_cat":[12274,12518],"product_tag":[],"class_list":{"0":"post-707393","1":"product","2":"type-product","3":"status-publish","5":"product_cat-cocuk-ve-genclik-kitaplari","6":"product_cat-okul-oncesi-kitaplar","7":"pa_cilt-ciltsiz","8":"pa_tur-kitap","9":"pa_yayinevi-mavi-kelebek-yayinlari","10":"pa_yazar-stephanie-ledu","12":"first","13":"instock","14":"sale","15":"shipping-taxable","16":"purchasable","17":"product-type-simple"},"_links":{"self":[{"href":"https:\/\/roveyayinevi.com.tr\/index.php\/wp-json\/wp\/v2\/product\/707393","targetHints":{"allow":["GET"]}}],"collection":[{"href":"https:\/\/roveyayinevi.com.tr\/index.php\/wp-json\/wp\/v2\/product"}],"about":[{"href":"https:\/\/roveyayinevi.com.tr\/index.php\/wp-json\/wp\/v2\/types\/product"}],"wp:attachment":[{"href":"https:\/\/roveyayinevi.com.tr\/index.php\/wp-json\/wp\/v2\/media?parent=707393"}],"wp:term":[{"taxonomy":"product_brand","embeddable":true,"href":"https:\/\/roveyayinevi.com.tr\/index.php\/wp-json\/wp\/v2\/product_brand?post=707393"},{"taxonomy":"product_cat","embeddable":true,"href":"https:\/\/roveyayinevi.com.tr\/index.php\/wp-json\/wp\/v2\/product_cat?post=707393"},{"taxonomy":"product_tag","embeddable":true,"href":"https:\/\/roveyayinevi.com.tr\/index.php\/wp-json\/wp\/v2\/product_tag?post=707393"}],"curies":[{"name":"wp","href":"https:\/\/api.w.org\/{rel}","templated":true}]}}