{"id":707391,"date":"2025-08-27T16:04:43","date_gmt":"2025-08-27T13:04:43","guid":{"rendered":"https:\/\/roveyayinevi.com.tr\/index.php\/urun\/ilk-bilgi-hazinem-korsanlar\/"},"modified":"2026-04-16T02:16:15","modified_gmt":"2026-04-15T23:16:15","slug":"ilk-bilgi-hazinem-korsanlar","status":"publish","type":"product","link":"https:\/\/roveyayinevi.com.tr\/index.php\/urun\/ilk-bilgi-hazinem-korsanlar\/","title":{"rendered":"\u0130lk Bilgi Hazinem &#8211; Korsanlar"},"content":{"rendered":"<p>Hadi gel zafer naralar\u0131 atarak kalyona sald\u0131ran korsanlar\u0131n maceralar\u0131na \u015fahitlik edelim seninle.\u0130ki gemi birbirine, korsanlar\u0131n k\u0131l\u0131\u00e7lar\u0131 kalyondaki denizcilerin k\u0131l\u0131\u00e7lar\u0131na \u00e7arp\u0131yor.Amans\u0131z bir d\u00f6v\u00fc\u015f ba\u015flad\u0131 \u00e7oktan ve kimsenin kimseye ac\u0131mas\u0131 yok.Bu kitap, korsanlar\u0131 ve heyecan verici ya\u015famlar\u0131n\u0131 anlat\u0131yor.<\/p>\n","protected":false},"excerpt":{"rendered":"<p>Hadi gel zafer naralar\u0131 atarak kalyona sald\u0131ran korsanlar\u0131n maceralar\u0131na \u015fahitlik edelim seninle.\u0130ki gemi birbirine, korsanlar\u0131n k\u0131l\u0131\u00e7lar\u0131 kalyondaki denizcilerin k\u0131l\u0131\u00e7lar\u0131na \u00e7arp\u0131yor.Amans\u0131z bir d\u00f6v\u00fc\u015f ba\u015flad\u0131 \u00e7oktan ve kimsenin<span class=\"excerpt-hellip\"> [\u2026]<\/span><\/p>\n","protected":false},"featured_media":0,"template":"","meta":{"_monsterinsights_skip_tracking":false,"_monsterinsights_sitenote_active":false,"_monsterinsights_sitenote_note":"","_monsterinsights_sitenote_category":0},"product_brand":[],"product_cat":[12274,12518],"product_tag":[],"class_list":{"0":"post-707391","1":"product","2":"type-product","3":"status-publish","5":"product_cat-cocuk-ve-genclik-kitaplari","6":"product_cat-okul-oncesi-kitaplar","7":"pa_cilt-ciltsiz","8":"pa_tur-kitap","9":"pa_yayinevi-mavi-kelebek-yayinlari","10":"pa_yazar-stephanie-ledu","12":"first","13":"instock","14":"sale","15":"shipping-taxable","16":"purchasable","17":"product-type-simple"},"_links":{"self":[{"href":"https:\/\/roveyayinevi.com.tr\/index.php\/wp-json\/wp\/v2\/product\/707391","targetHints":{"allow":["GET"]}}],"collection":[{"href":"https:\/\/roveyayinevi.com.tr\/index.php\/wp-json\/wp\/v2\/product"}],"about":[{"href":"https:\/\/roveyayinevi.com.tr\/index.php\/wp-json\/wp\/v2\/types\/product"}],"wp:attachment":[{"href":"https:\/\/roveyayinevi.com.tr\/index.php\/wp-json\/wp\/v2\/media?parent=707391"}],"wp:term":[{"taxonomy":"product_brand","embeddable":true,"href":"https:\/\/roveyayinevi.com.tr\/index.php\/wp-json\/wp\/v2\/product_brand?post=707391"},{"taxonomy":"product_cat","embeddable":true,"href":"https:\/\/roveyayinevi.com.tr\/index.php\/wp-json\/wp\/v2\/product_cat?post=707391"},{"taxonomy":"product_tag","embeddable":true,"href":"https:\/\/roveyayinevi.com.tr\/index.php\/wp-json\/wp\/v2\/product_tag?post=707391"}],"curies":[{"name":"wp","href":"https:\/\/api.w.org\/{rel}","templated":true}]}}