{"id":707389,"date":"2025-08-27T16:04:42","date_gmt":"2025-08-27T13:04:42","guid":{"rendered":"https:\/\/roveyayinevi.com.tr\/index.php\/urun\/bicak-altinda\/"},"modified":"2026-04-16T02:16:15","modified_gmt":"2026-04-15T23:16:15","slug":"bicak-altinda","status":"publish","type":"product","link":"https:\/\/roveyayinevi.com.tr\/index.php\/urun\/bicak-altinda\/","title":{"rendered":"B\u0131\u00e7ak Alt\u0131nda"},"content":{"rendered":"<p>Anestezisiz, kanl\u0131 ameliyatlardan g\u00fcn\u00fcm\u00fcz\u00fcn steril ve y\u00fcksek teknolojili ameliyatlar\u0131na nas\u0131l ge\u00e7ildi? \u00c7\u0131\u011f\u0131r a\u00e7an cerrahi ke\u015fifler hangi \u015fartlarda yap\u0131ld\u0131? Cerrahlar asl\u0131nda nas\u0131l insanlar?Kendisi de bir cerrah olan Arnold van de Laar, \u00fcnl\u00fc hastalarla cerrahlar\u0131n t\u0131bbi hikayelerini anlatt\u0131\u011f\u0131 kitab\u0131nda bu sorular\u0131 cevapl\u0131yor. Krali\u00e7e Victoria, 14. Louis, Lenin, Einstein, Kennedy, Papa 2. John Paul, Bob Marley ve Houdini gibi tarihsel fig\u00fcrlere yap\u0131lan cerrahi m\u00fcdahaleleri kendine \u00f6zg\u00fc mizah\u0131yla harmanlayarak anlat\u0131rken, cerrahinin geli\u015fimini ve ger\u00e7eklerini t\u00fcm a\u00e7\u0131kl\u0131\u011f\u0131yla \u00f6n\u00fcm\u00fcze koyuyor.B\u0131\u00e7ak Alt\u0131nda, y\u00fczlerce y\u0131ll\u0131k ge\u00e7mi\u015fi olan bir mesle\u011fin tuhaf bir zevkle okunan tarihi.Arnold van de Laar, Amsterdam\u2019daki Slotervaart Hastanesi\u2019nde cerrah olarak \u00e7al\u0131\u015f\u0131yor.<\/p>\n","protected":false},"excerpt":{"rendered":"<p>Anestezisiz, kanl\u0131 ameliyatlardan g\u00fcn\u00fcm\u00fcz\u00fcn steril ve y\u00fcksek teknolojili ameliyatlar\u0131na nas\u0131l ge\u00e7ildi? \u00c7\u0131\u011f\u0131r a\u00e7an cerrahi ke\u015fifler hangi \u015fartlarda yap\u0131ld\u0131? Cerrahlar asl\u0131nda nas\u0131l insanlar?Kendisi de bir cerrah olan<span class=\"excerpt-hellip\"> [\u2026]<\/span><\/p>\n","protected":false},"featured_media":0,"template":"","meta":{"_monsterinsights_skip_tracking":false,"_monsterinsights_sitenote_active":false,"_monsterinsights_sitenote_note":"","_monsterinsights_sitenote_category":0},"product_brand":[],"product_cat":[12312,12304],"product_tag":[],"class_list":{"0":"post-707389","1":"product","2":"type-product","3":"status-publish","5":"product_cat-diger","6":"product_cat-tarih","7":"pa_cilt-ciltsiz","8":"pa_tur-kitap","9":"pa_yayinevi-koc-universitesi-yayinlari","10":"pa_yazar-arnold-van-de-laar","12":"first","13":"instock","14":"sale","15":"shipping-taxable","16":"purchasable","17":"product-type-simple"},"_links":{"self":[{"href":"https:\/\/roveyayinevi.com.tr\/index.php\/wp-json\/wp\/v2\/product\/707389","targetHints":{"allow":["GET"]}}],"collection":[{"href":"https:\/\/roveyayinevi.com.tr\/index.php\/wp-json\/wp\/v2\/product"}],"about":[{"href":"https:\/\/roveyayinevi.com.tr\/index.php\/wp-json\/wp\/v2\/types\/product"}],"wp:attachment":[{"href":"https:\/\/roveyayinevi.com.tr\/index.php\/wp-json\/wp\/v2\/media?parent=707389"}],"wp:term":[{"taxonomy":"product_brand","embeddable":true,"href":"https:\/\/roveyayinevi.com.tr\/index.php\/wp-json\/wp\/v2\/product_brand?post=707389"},{"taxonomy":"product_cat","embeddable":true,"href":"https:\/\/roveyayinevi.com.tr\/index.php\/wp-json\/wp\/v2\/product_cat?post=707389"},{"taxonomy":"product_tag","embeddable":true,"href":"https:\/\/roveyayinevi.com.tr\/index.php\/wp-json\/wp\/v2\/product_tag?post=707389"}],"curies":[{"name":"wp","href":"https:\/\/api.w.org\/{rel}","templated":true}]}}