{"id":707388,"date":"2025-08-27T16:04:42","date_gmt":"2025-08-27T13:04:42","guid":{"rendered":"https:\/\/roveyayinevi.com.tr\/index.php\/urun\/satin-alinan-zaman\/"},"modified":"2026-04-16T02:16:15","modified_gmt":"2026-04-15T23:16:15","slug":"satin-alinan-zaman","status":"publish","type":"product","link":"https:\/\/roveyayinevi.com.tr\/index.php\/urun\/satin-alinan-zaman\/","title":{"rendered":"Sat\u0131n Al\u0131nan Zaman"},"content":{"rendered":"<p>D\u00fcnya h\u00e2l\u00e2 2008\u2019de ba\u015flayan finans ve ekonomi krizinin etkisi alt\u0131nda. Durumun ciddiyetine ra\u011fmen krizin nas\u0131l ba\u015flad\u0131\u011f\u0131n\u0131 ve sonras\u0131nda neler oldu\u011funu tam olarak anlad\u0131\u011f\u0131m\u0131z s\u00f6ylenemez.Wolfgang Streeck\u2019in 2012\u2019de Frankfurt\u2019ta verdi\u011fi Adorno Dersleri\u2019ne dayanan Sat\u0131n Al\u0131nan Zaman, krizi 1970\u2019lerde ba\u015flayan sava\u015f sonras\u0131 kapitalizminin neoliberal d\u00f6n\u00fc\u015f\u00fcm\u00fc ba\u011flam\u0131nda ele al\u0131yor. Streeck enflasyon, kamu bor\u00e7lar\u0131 ve artan \u00f6zel sekt\u00f6r bor\u00e7lar\u0131 \u00fczerinden devletler, h\u00fck\u00fcmetler ve oy verenler ile kapitalist \u00e7\u0131kar sahipleri aras\u0131ndaki gerginlik ve \u00e7at\u0131\u015fmalar\u0131 inceliyor. \u0130ncelemenin merkezindeyse Avrupa\u2019da ve ba\u015fka yerlerde kapitalizm ve demokrasinin de\u011fi\u015fen ili\u015fkisiyle kapitalizmin demokrasiye kar\u015f\u0131 giderek ba\u011f\u0131\u015f\u0131kl\u0131k kazanmas\u0131 yer al\u0131yor.Wolfgang Streeck, Max Planck Toplumsal Ara\u015ft\u0131rmalar Enstit\u00fcs\u00fc emeritus direkt\u00f6r\u00fc.<\/p>\n","protected":false},"excerpt":{"rendered":"<p>D\u00fcnya h\u00e2l\u00e2 2008\u2019de ba\u015flayan finans ve ekonomi krizinin etkisi alt\u0131nda. Durumun ciddiyetine ra\u011fmen krizin nas\u0131l ba\u015flad\u0131\u011f\u0131n\u0131 ve sonras\u0131nda neler oldu\u011funu tam olarak anlad\u0131\u011f\u0131m\u0131z s\u00f6ylenemez.Wolfgang Streeck\u2019in 2012\u2019de<span class=\"excerpt-hellip\"> [\u2026]<\/span><\/p>\n","protected":false},"featured_media":0,"template":"","meta":{"_monsterinsights_skip_tracking":false,"_monsterinsights_sitenote_active":false,"_monsterinsights_sitenote_note":"","_monsterinsights_sitenote_category":0},"product_brand":[],"product_cat":[12337],"product_tag":[],"class_list":{"0":"post-707388","1":"product","2":"type-product","3":"status-publish","5":"product_cat-politika-siyaset","6":"pa_cilt-ciltsiz","7":"pa_tur-kitap","8":"pa_yayinevi-koc-universitesi-yayinlari","9":"pa_yazar-wolfgang-streeck","11":"first","12":"instock","13":"sale","14":"shipping-taxable","15":"purchasable","16":"product-type-simple"},"_links":{"self":[{"href":"https:\/\/roveyayinevi.com.tr\/index.php\/wp-json\/wp\/v2\/product\/707388","targetHints":{"allow":["GET"]}}],"collection":[{"href":"https:\/\/roveyayinevi.com.tr\/index.php\/wp-json\/wp\/v2\/product"}],"about":[{"href":"https:\/\/roveyayinevi.com.tr\/index.php\/wp-json\/wp\/v2\/types\/product"}],"wp:attachment":[{"href":"https:\/\/roveyayinevi.com.tr\/index.php\/wp-json\/wp\/v2\/media?parent=707388"}],"wp:term":[{"taxonomy":"product_brand","embeddable":true,"href":"https:\/\/roveyayinevi.com.tr\/index.php\/wp-json\/wp\/v2\/product_brand?post=707388"},{"taxonomy":"product_cat","embeddable":true,"href":"https:\/\/roveyayinevi.com.tr\/index.php\/wp-json\/wp\/v2\/product_cat?post=707388"},{"taxonomy":"product_tag","embeddable":true,"href":"https:\/\/roveyayinevi.com.tr\/index.php\/wp-json\/wp\/v2\/product_tag?post=707388"}],"curies":[{"name":"wp","href":"https:\/\/api.w.org\/{rel}","templated":true}]}}